{"id":297,"date":"2026-01-07T12:52:45","date_gmt":"2026-01-07T09:52:45","guid":{"rendered":"https:\/\/www.americanlife.com.tr\/bahcesehir\/?page_id=297"},"modified":"2026-03-14T13:15:25","modified_gmt":"2026-03-14T10:15:25","slug":"blog","status":"publish","type":"page","link":"https:\/\/www.americanlife.com.tr\/bahcesehir\/blog\/","title":{"rendered":"BLOG"},"content":{"rendered":"<div class=\"fusion-fullwidth fullwidth-box fusion-builder-row-1 fusion-flex-container has-pattern-background has-mask-background nonhundred-percent-fullwidth non-hundred-percent-height-scrolling\" style=\"--awb-border-radius-top-left:0px;--awb-border-radius-top-right:0px;--awb-border-radius-bottom-right:0px;--awb-border-radius-bottom-left:0px;--awb-flex-wrap:wrap;\" ><div class=\"fusion-builder-row fusion-row fusion-flex-align-items-flex-start fusion-flex-content-wrap\" style=\"max-width:1248px;margin-left: calc(-4% \/ 2 );margin-right: calc(-4% \/ 2 );\"><div class=\"fusion-layout-column fusion_builder_column fusion-builder-column-0 fusion_builder_column_1_1 1_1 fusion-flex-column\" style=\"--awb-bg-size:cover;--awb-width-large:100%;--awb-margin-top-large:0px;--awb-spacing-right-large:1.92%;--awb-margin-bottom-large:20px;--awb-spacing-left-large:1.92%;--awb-width-medium:100%;--awb-order-medium:0;--awb-spacing-right-medium:1.92%;--awb-spacing-left-medium:1.92%;--awb-width-small:100%;--awb-order-small:0;--awb-spacing-right-small:1.92%;--awb-spacing-left-small:1.92%;\"><div class=\"fusion-column-wrapper fusion-column-has-shadow fusion-flex-justify-content-flex-start fusion-content-layout-column\"><div class=\"fusion-title title fusion-title-1 fusion-sep-none fusion-title-center fusion-title-text fusion-title-size-two\" style=\"--awb-margin-top:20px;--awb-margin-bottom:40px;--awb-margin-top-small:0px;--awb-margin-bottom-small:20px;\"><h2 class=\"fusion-title-heading title-heading-center fusion-responsive-typography-calculated\" style=\"font-family:&quot;Exo&quot;;font-style:normal;font-weight:700;margin:0;--fontSize:40;line-height:1.2;\">American LIFE Bah\u00e7e\u015fehir Blog<\/h2><\/div><div class=\"fusion-blog-shortcode fusion-blog-shortcode-1 fusion-blog-archive fusion-blog-layout-medium-alternate fusion-blog-pagination\"><div class=\"fusion-posts-container fusion-posts-container-pagination fusion-no-meta-info\" data-pages=\"1\"><article id=\"blog-1-post-541\" class=\"fusion-post-medium-alternate post-541 post type-post status-publish format-standard has-post-thumbnail hentry category-cocuklar-icin tag-4-6-yas-oyunla-ingilizce-kursu-bahcesehir tag-bahcesehir-cocuk-ingilizce-kursu-fiyatlari-2026 tag-bahcesehir-yabanci-hocali-cocuk-ingilizce-kursu tag-ispartakule-cocuk-ingilizce-kursu-tavsiye\">\n<div class=\"fusion-date-and-formats\"><div class=\"fusion-date-box updated\"><span class=\"fusion-date\">28<\/span><span class=\"fusion-month-year\">03, 2026<\/span><\/div><div class=\"fusion-format-box\"><i class=\"awb-icon-pen\" aria-hidden=\"true\"><\/i><\/div><\/div>\t<style type=\"text\/css\">\n\t\t\n\t\t\n\t\t\n\t\t\n\t\t\t<\/style>\n\n\n\t\t\t<div class=\"fusion-flexslider flexslider fusion-flexslider-loading fusion-post-slideshow\" style=\"\">\n\t\t<ul class=\"slides\">\n\t\t\t\n\t\t\t\t\t\t\t\t\t\t\t\t\t\t<li><div  class=\"fusion-image-wrapper fusion-image-size-fixed\" aria-haspopup=\"true\">\n\t\t\t\t\t\t\t<a href=\"https:\/\/www.americanlife.com.tr\/bahcesehir\/ispartakule-cocuk-ingilizce-kursu-tavsiye\/\" aria-label=\"Ispartakule \u00c7ocuk \u0130ngilizce Kursu Tavsiye ve Yabanc\u0131 Hoca Avantaj\u0131\">\n\t\t\t\t\t\t\t<img decoding=\"async\" width=\"320\" height=\"202\" src=\"https:\/\/www.americanlife.com.tr\/bahcesehir\/wp-content\/uploads\/sites\/55\/2026\/03\/ispartakule-cocuk-ingilizce-kursu-tavsiye-001-320x202.webp\" class=\"attachment-blog-medium size-blog-medium wp-post-image\" alt=\"Ispartakule \u00c7ocuk \u0130ngilizce Kursu Tavsiye Arayanlara\" srcset=\"https:\/\/www.americanlife.com.tr\/bahcesehir\/wp-content\/uploads\/sites\/55\/2026\/03\/ispartakule-cocuk-ingilizce-kursu-tavsiye-001-320x202.webp 320w, https:\/\/www.americanlife.com.tr\/bahcesehir\/wp-content\/uploads\/sites\/55\/2026\/03\/ispartakule-cocuk-ingilizce-kursu-tavsiye-001-700x441.webp 700w\" sizes=\"(max-width: 320px) 100vw, 320px\" \/>\t\t\t<\/a>\n\t\t\t\t\t\t\t<\/div>\n<\/li>\n\t\t\t\n\t\t\t\n\t\t\t\t\t\t\t\t\t\t\t\t\t\t\t\t\t\t\t\t\t\t\t\t\t\t\t\t\t\t\t\t\t\t\t\t\t\t\t\t\t\t\t\t\t\t\t\t\t\t\t\t\t\t\t\t\t\t\t\t\t\t\t\t\t\t\t\t\t\t\t\t\t\t\t\t\t\t\t\t\t\t\t\t\t\t\t\t\t\t\t\t\t\t\t\t\t\t\t\t\t\t\t\t\t\t\t\t\t\t\t\t\t<\/ul>\n\t<\/div>\n\t<div class=\"fusion-post-content post-content\"><h2 class=\"blog-shortcode-post-title entry-title\"><a href=\"https:\/\/www.americanlife.com.tr\/bahcesehir\/ispartakule-cocuk-ingilizce-kursu-tavsiye\/\">Ispartakule \u00c7ocuk \u0130ngilizce Kursu Tavsiye ve Yabanc\u0131 Hoca Avantaj\u0131<\/a><\/h2><div class=\"fusion-post-content-container\"><p> Ispartakule \u00c7ocuk \u0130ngilizce Kursu Tavsiye Arayanlara: Neden Yabanc\u0131 Hoca?  E\u011fitim konusunda \u00e7ocuklar\u0131 i\u00e7in en iyisini isteyen veliler aras\u0131nda Ispartakule \u00e7ocuk ingilizce kursu tavsiye aray\u0131\u015flar\u0131 her ge\u00e7en g\u00fcn art\u0131yor. E\u011fer siz de \u00e7ocu\u011funuzun gelece\u011fine en do\u011fru yat\u0131r\u0131m\u0131 yapmak istiyorsan\u0131z, bu detayl\u0131 rehber tam size g\u00f6re. G\u00fcn\u00fcm\u00fczde yabanc\u0131 dil e\u011fitimi, art\u0131k okul s\u0131ralar\u0131nda gramer kurallar\u0131 ezberlemekten \u00e7ok daha fazlas\u0131n\u0131 ifade<a href=\"https:\/\/www.americanlife.com.tr\/bahcesehir\/ispartakule-cocuk-ingilizce-kursu-tavsiye\/\">...<\/a><\/p><\/div><\/div><div class=\"fusion-clearfix\"><\/div><\/article>\n<article id=\"blog-1-post-535\" class=\"fusion-post-medium-alternate post-535 post type-post status-publish format-standard has-post-thumbnail hentry category-genel\">\n<div class=\"fusion-date-and-formats\"><div class=\"fusion-date-box updated\"><span class=\"fusion-date\">17<\/span><span class=\"fusion-month-year\">03, 2026<\/span><\/div><div class=\"fusion-format-box\"><i class=\"awb-icon-pen\" aria-hidden=\"true\"><\/i><\/div><\/div>\t<style type=\"text\/css\">\n\t\t\n\t\t\n\t\t\n\t\t\n\t\t\t<\/style>\n\n\n\t\t\t<div class=\"fusion-flexslider flexslider fusion-flexslider-loading fusion-post-slideshow\" style=\"\">\n\t\t<ul class=\"slides\">\n\t\t\t\n\t\t\t\t\t\t\t\t\t\t\t\t\t\t<li><div  class=\"fusion-image-wrapper fusion-image-size-fixed\" aria-haspopup=\"true\">\n\t\t\t\t\t\t\t<a href=\"https:\/\/www.americanlife.com.tr\/bahcesehir\/cocugum-ingilizceye-ne-zaman-baslamali-bahcesehir\/\" aria-label=\"\u00c7ocu\u011fum \u0130ngilizceye Ne Zaman Ba\u015flamal\u0131? | Bah\u00e7e\u015fehir Rehberi\">\n\t\t\t\t\t\t\t<img decoding=\"async\" width=\"320\" height=\"202\" src=\"https:\/\/www.americanlife.com.tr\/bahcesehir\/wp-content\/uploads\/sites\/55\/2026\/03\/cocugum-ingilizceye-ne-zaman-baslamali-001-320x202.avif\" class=\"attachment-blog-medium size-blog-medium wp-post-image\" alt=\"\u00e7ocu\u011fum ingilizceye ne zaman ba\u015flamal\u0131\" srcset=\"https:\/\/www.americanlife.com.tr\/bahcesehir\/wp-content\/uploads\/sites\/55\/2026\/03\/cocugum-ingilizceye-ne-zaman-baslamali-001-320x202.avif 320w, https:\/\/www.americanlife.com.tr\/bahcesehir\/wp-content\/uploads\/sites\/55\/2026\/03\/cocugum-ingilizceye-ne-zaman-baslamali-001-700x441.avif 700w\" sizes=\"(max-width: 320px) 100vw, 320px\" \/>\t\t\t<\/a>\n\t\t\t\t\t\t\t<\/div>\n<\/li>\n\t\t\t\n\t\t\t\n\t\t\t\t\t\t\t\t\t\t\t\t\t\t\t\t\t\t\t\t\t\t\t\t\t\t\t\t\t\t\t\t\t\t\t\t\t\t\t\t\t\t\t\t\t\t\t\t\t\t\t\t\t\t\t\t\t\t\t\t\t\t\t\t\t\t\t\t\t\t\t\t\t\t\t\t\t\t\t\t\t\t\t\t\t\t\t\t\t\t\t\t\t\t\t\t\t\t\t\t\t\t\t\t\t\t\t\t\t\t\t\t\t<\/ul>\n\t<\/div>\n\t<div class=\"fusion-post-content post-content\"><h2 class=\"blog-shortcode-post-title entry-title\"><a href=\"https:\/\/www.americanlife.com.tr\/bahcesehir\/cocugum-ingilizceye-ne-zaman-baslamali-bahcesehir\/\">\u00c7ocu\u011fum \u0130ngilizceye Ne Zaman Ba\u015flamal\u0131? | Bah\u00e7e\u015fehir Rehberi<\/a><\/h2><div class=\"fusion-post-content-container\"><p> \u00c7ocu\u011fum \u0130ngilizceye Ne Zaman Ba\u015flamal\u0131? (Bah\u00e7e\u015fehir Velileri \u0130\u00e7in Rehber) Bah\u00e7e\u015fehir'de ya\u015fayan bir\u00e7ok velinin akl\u0131ndaki o kritik soruyla ba\u015flayal\u0131m: \"\u00c7ocu\u011fum \u0130ngilizceye ne zaman ba\u015flamal\u0131?\" G\u00fcn\u00fcm\u00fcz\u00fcn k\u00fcresel d\u00fcnyas\u0131nda yabanc\u0131 dil bilmek art\u0131k bir ayr\u0131cal\u0131k de\u011fil, standart bir zorunluluk haline geldi. Ancak ebeveynler olarak \u00e7ocuklar\u0131m\u0131z\u0131 do\u011fru zamanda, do\u011fru e\u011fitim modeliyle ve do\u011fru ortamda \u0130ngilizceyle tan\u0131\u015ft\u0131rmak istiyoruz. Bu rehberde, erken ya\u015fta dil e\u011fitiminin<a href=\"https:\/\/www.americanlife.com.tr\/bahcesehir\/cocugum-ingilizceye-ne-zaman-baslamali-bahcesehir\/\">...<\/a><\/p><\/div><\/div><div class=\"fusion-clearfix\"><\/div><\/article>\n<article id=\"blog-1-post-438\" class=\"fusion-post-medium-alternate post-438 post type-post status-publish format-standard has-post-thumbnail hentry category-ingilizce\">\n<div class=\"fusion-date-and-formats\"><div class=\"fusion-date-box updated\"><span class=\"fusion-date\">11<\/span><span class=\"fusion-month-year\">01, 2026<\/span><\/div><div class=\"fusion-format-box\"><i class=\"awb-icon-pen\" aria-hidden=\"true\"><\/i><\/div><\/div>\t<style type=\"text\/css\">\n\t\t\n\t\t\n\t\t\n\t\t\n\t\t\t<\/style>\n\n\n\t\t\t<div class=\"fusion-flexslider flexslider fusion-flexslider-loading fusion-post-slideshow\" style=\"\">\n\t\t<ul class=\"slides\">\n\t\t\t\n\t\t\t\t\t\t\t\t\t\t\t\t\t\t<li><div  class=\"fusion-image-wrapper fusion-image-size-fixed\" aria-haspopup=\"true\">\n\t\t\t\t\t\t\t<a href=\"https:\/\/www.americanlife.com.tr\/bahcesehir\/ingilizce-konusma-kulubu-speaking\/\" aria-label=\"Bah\u00e7e\u015fehir \u0130ngilizce Konu\u015fma Kul\u00fcb\u00fc: Ezber Yok, Pratik Var!\">\n\t\t\t\t\t\t\t<img decoding=\"async\" width=\"320\" height=\"202\" src=\"https:\/\/www.americanlife.com.tr\/bahcesehir\/wp-content\/uploads\/sites\/55\/2026\/01\/konusma-kulubu-01-320x202.jpg\" class=\"attachment-blog-medium size-blog-medium wp-post-image\" alt=\"\u0130ngilizce konu\u015fma kul\u00fcb\u00fc\" srcset=\"https:\/\/www.americanlife.com.tr\/bahcesehir\/wp-content\/uploads\/sites\/55\/2026\/01\/konusma-kulubu-01-320x202.jpg 320w, https:\/\/www.americanlife.com.tr\/bahcesehir\/wp-content\/uploads\/sites\/55\/2026\/01\/konusma-kulubu-01-700x441.jpg 700w\" sizes=\"(max-width: 320px) 100vw, 320px\" \/>\t\t\t<\/a>\n\t\t\t\t\t\t\t<\/div>\n<\/li>\n\t\t\t\n\t\t\t\n\t\t\t\t\t\t\t\t\t\t\t\t\t\t\t\t\t\t\t\t\t\t\t\t\t\t\t\t\t\t\t\t\t\t\t\t\t\t\t\t\t\t\t\t\t\t\t\t\t\t\t\t\t\t\t\t\t\t\t\t\t\t\t\t\t\t\t\t\t\t\t\t\t\t\t\t\t\t\t\t\t\t\t\t\t\t\t\t\t\t\t\t\t\t\t\t\t\t\t\t\t\t\t\t\t\t\t\t\t\t\t\t\t<\/ul>\n\t<\/div>\n\t<div class=\"fusion-post-content post-content\"><h2 class=\"blog-shortcode-post-title entry-title\"><a href=\"https:\/\/www.americanlife.com.tr\/bahcesehir\/ingilizce-konusma-kulubu-speaking\/\">Bah\u00e7e\u015fehir \u0130ngilizce Konu\u015fma Kul\u00fcb\u00fc: Ezber Yok, Pratik Var!<\/a><\/h2><div class=\"fusion-post-content-container\"><p>Bah\u00e7e\u015fehir \u0130ngilizce Konu\u015fma Kul\u00fcb\u00fc ile Dil Bariyerini A\u015f\u0131n Y\u0131llarca gramer e\u011fitimi ald\u0131n\u0131z, kelime ezberlediniz ama turist g\u00f6rd\u00fc\u011f\u00fcn\u00fczde hala donup kal\u0131yor musunuz? Yaln\u0131z de\u011filsiniz. T\u00fcrkiye'deki \u0130ngilizce e\u011fitiminin en b\u00fcy\u00fck eksi\u011fi \"pratik\" yapamamakt\u0131r. American LIFE Bah\u00e7e\u015fehir \u0130ngilizce konu\u015fma kul\u00fcb\u00fc (Speaking Club) etkinliklerimizle, bu zinciri k\u0131r\u0131yoruz. Native Speaker (Yabanc\u0131 E\u011fitmen) Fark\u0131 Konu\u015fma prati\u011fi, sadece T\u00fcrk e\u011fitmenlerle yap\u0131lamaz. Kulak dolgunlu\u011fu ve do\u011fru telaffuz i\u00e7in,<a href=\"https:\/\/www.americanlife.com.tr\/bahcesehir\/ingilizce-konusma-kulubu-speaking\/\">...<\/a><\/p><\/div><\/div><div class=\"fusion-clearfix\"><\/div><\/article>\n<article id=\"blog-1-post-433\" class=\"fusion-post-medium-alternate post-433 post type-post status-publish format-standard has-post-thumbnail hentry category-almanca\">\n<div class=\"fusion-date-and-formats\"><div class=\"fusion-date-box updated\"><span class=\"fusion-date\">11<\/span><span class=\"fusion-month-year\">01, 2026<\/span><\/div><div class=\"fusion-format-box\"><i class=\"awb-icon-pen\" aria-hidden=\"true\"><\/i><\/div><\/div>\t<style type=\"text\/css\">\n\t\t\n\t\t\n\t\t\n\t\t\n\t\t\t<\/style>\n\n\n\t\t\t<div class=\"fusion-flexslider flexslider fusion-flexslider-loading fusion-post-slideshow\" style=\"\">\n\t\t<ul class=\"slides\">\n\t\t\t\n\t\t\t\t\t\t\t\t\t\t\t\t\t\t<li><div  class=\"fusion-image-wrapper fusion-image-size-fixed\" aria-haspopup=\"true\">\n\t\t\t\t\t\t\t<a href=\"https:\/\/www.americanlife.com.tr\/bahcesehir\/bahcesehir-almanca-kursu-aile-birlesimi\/\" aria-label=\"Bah\u00e7e\u015fehir Almanca Kursu: Aile Birle\u015fimi ve Lise Destek Program\u0131\">\n\t\t\t\t\t\t\t<img decoding=\"async\" width=\"320\" height=\"202\" src=\"https:\/\/www.americanlife.com.tr\/bahcesehir\/wp-content\/uploads\/sites\/55\/2026\/01\/bahcesehir-almanca-kursu-aile-birlesimi-320x202.jpg\" class=\"attachment-blog-medium size-blog-medium wp-post-image\" alt=\"Aile Birle\u015fimi ve Lise Destek Program\u0131\" srcset=\"https:\/\/www.americanlife.com.tr\/bahcesehir\/wp-content\/uploads\/sites\/55\/2026\/01\/bahcesehir-almanca-kursu-aile-birlesimi-320x202.jpg 320w, https:\/\/www.americanlife.com.tr\/bahcesehir\/wp-content\/uploads\/sites\/55\/2026\/01\/bahcesehir-almanca-kursu-aile-birlesimi-700x441.jpg 700w\" sizes=\"(max-width: 320px) 100vw, 320px\" \/>\t\t\t<\/a>\n\t\t\t\t\t\t\t<\/div>\n<\/li>\n\t\t\t\n\t\t\t\n\t\t\t\t\t\t\t\t\t\t\t\t\t\t\t\t\t\t\t\t\t\t\t\t\t\t\t\t\t\t\t\t\t\t\t\t\t\t\t\t\t\t\t\t\t\t\t\t\t\t\t\t\t\t\t\t\t\t\t\t\t\t\t\t\t\t\t\t\t\t\t\t\t\t\t\t\t\t\t\t\t\t\t\t\t\t\t\t\t\t\t\t\t\t\t\t\t\t\t\t\t\t\t\t\t\t\t\t\t\t\t\t\t<\/ul>\n\t<\/div>\n\t<div class=\"fusion-post-content post-content\"><h2 class=\"blog-shortcode-post-title entry-title\"><a href=\"https:\/\/www.americanlife.com.tr\/bahcesehir\/bahcesehir-almanca-kursu-aile-birlesimi\/\">Bah\u00e7e\u015fehir Almanca Kursu: Aile Birle\u015fimi ve Lise Destek Program\u0131<\/a><\/h2><div class=\"fusion-post-content-container\"><p> Bah\u00e7e\u015fehir Almanca Kursu: Almanya Hayallerinizi Ertelemeyin Gerek kariyer hedefleri gerekse akademik zorunluluklar, Almanca \u00f6\u011frenmeyi art\u0131k bir \"se\u00e7enek\" olmaktan \u00e7\u0131kar\u0131p \"ihtiya\u00e7\" haline getirdi. Bah\u00e7e\u015fehir Almanca kursu aray\u0131\u015f\u0131n\u0131zda, American LIFE olarak sadece gramer \u00f6\u011freten bir kurs de\u011fil, sizi hedefinize (Vize, S\u0131nav, Okul Notu) ula\u015ft\u0131ran stratejik bir e\u011fitim sunuyoruz. Aile Birle\u015fimi ve Goethe\/Telc S\u0131navlar\u0131na Haz\u0131rl\u0131k Almanya'ya yerle\u015fmek veya e\u015f durumuyla gitmek isteyenler<a href=\"https:\/\/www.americanlife.com.tr\/bahcesehir\/bahcesehir-almanca-kursu-aile-birlesimi\/\">...<\/a><\/p><\/div><\/div><div class=\"fusion-clearfix\"><\/div><\/article>\n<article id=\"blog-1-post-419\" class=\"fusion-post-medium-alternate post-419 post type-post status-publish format-standard has-post-thumbnail hentry category-cocuklar-icin\">\n<div class=\"fusion-date-and-formats\"><div class=\"fusion-date-box updated\"><span class=\"fusion-date\">8<\/span><span class=\"fusion-month-year\">01, 2026<\/span><\/div><div class=\"fusion-format-box\"><i class=\"awb-icon-pen\" aria-hidden=\"true\"><\/i><\/div><\/div>\t<style type=\"text\/css\">\n\t\t\n\t\t\n\t\t\n\t\t\n\t\t\t<\/style>\n\n\n\t\t\t<div class=\"fusion-flexslider flexslider fusion-flexslider-loading fusion-post-slideshow\" style=\"\">\n\t\t<ul class=\"slides\">\n\t\t\t\n\t\t\t\t\t\t\t\t\t\t\t\t\t\t<li><div  class=\"fusion-image-wrapper fusion-image-size-fixed\" aria-haspopup=\"true\">\n\t\t\t\t\t\t\t<a href=\"https:\/\/www.americanlife.com.tr\/bahcesehir\/bahcesehir-ingilizce-kursu-fiyatlari-2026\/\" aria-label=\"[G\u00fcncel] Bah\u00e7e\u015fehir \u0130ngilizce Kursu Fiyatlar\u0131 2026 | Taksit \u0130mkan\u0131\">\n\t\t\t\t\t\t\t<img decoding=\"async\" width=\"320\" height=\"202\" src=\"https:\/\/www.americanlife.com.tr\/bahcesehir\/wp-content\/uploads\/sites\/55\/2026\/01\/fiyat-01-320x202.jpg\" class=\"attachment-blog-medium size-blog-medium wp-post-image\" alt=\"Bah\u00e7e\u015fehir \u0130ngilizce Kursu Fiyatlar\u0131 ve Erken Kay\u0131t F\u0131rsatlar\u0131\" srcset=\"https:\/\/www.americanlife.com.tr\/bahcesehir\/wp-content\/uploads\/sites\/55\/2026\/01\/fiyat-01-320x202.jpg 320w, https:\/\/www.americanlife.com.tr\/bahcesehir\/wp-content\/uploads\/sites\/55\/2026\/01\/fiyat-01-700x441.jpg 700w\" sizes=\"(max-width: 320px) 100vw, 320px\" \/>\t\t\t<\/a>\n\t\t\t\t\t\t\t<\/div>\n<\/li>\n\t\t\t\n\t\t\t\n\t\t\t\t\t\t\t\t\t\t\t\t\t\t\t\t\t\t\t\t\t\t\t\t\t\t\t\t\t\t\t\t\t\t\t\t\t\t\t\t\t\t\t\t\t\t\t\t\t\t\t\t\t\t\t\t\t\t\t\t\t\t\t\t\t\t\t\t\t\t\t\t\t\t\t\t\t\t\t\t\t\t\t\t\t\t\t\t\t\t\t\t\t\t\t\t\t\t\t\t\t\t\t\t\t\t\t\t\t\t\t\t\t<\/ul>\n\t<\/div>\n\t<div class=\"fusion-post-content post-content\"><h2 class=\"blog-shortcode-post-title entry-title\"><a href=\"https:\/\/www.americanlife.com.tr\/bahcesehir\/bahcesehir-ingilizce-kursu-fiyatlari-2026\/\">[G\u00fcncel] Bah\u00e7e\u015fehir \u0130ngilizce Kursu Fiyatlar\u0131 2026 | Taksit \u0130mkan\u0131<\/a><\/h2><div class=\"fusion-post-content-container\"><p> 2026 Bah\u00e7e\u015fehir \u0130ngilizce Kursu Fiyatlar\u0131: Kaliteli E\u011fitim, Ula\u015f\u0131labilir \u00dccretler  Fiyatlar kur say\u0131s\u0131na, birebir veya grup dersine g\u00f6re de\u011fi\u015fir. Ancak American LIFE Bah\u00e7e\u015fehir olarak, Ispartakule ve Esenkent b\u00f6lgesindeki en iyi fiyat\/performans oran\u0131n\u0131 sunuyoruz.   Yabanc\u0131 dil \u00f6\u011frenmek bir masraf de\u011fil, gelece\u011fe yap\u0131lan en b\u00fcy\u00fck yat\u0131r\u0131md\u0131r. Bah\u00e7e\u015fehir, Ispartakule ve Esenkent b\u00f6lgesinde dil okulu aray\u0131\u015f\u0131n\u0131zda, hakl\u0131 olarak \"En iyi e\u011fitimi,<a href=\"https:\/\/www.americanlife.com.tr\/bahcesehir\/bahcesehir-ingilizce-kursu-fiyatlari-2026\/\">...<\/a><\/p><\/div><\/div><div class=\"fusion-clearfix\"><\/div><\/article>\n<article id=\"blog-1-post-348\" class=\"fusion-post-medium-alternate post-348 post type-post status-publish format-standard has-post-thumbnail hentry category-sinav-hazirlik\">\n<div class=\"fusion-date-and-formats\"><div class=\"fusion-date-box updated\"><span class=\"fusion-date\">7<\/span><span class=\"fusion-month-year\">01, 2026<\/span><\/div><div class=\"fusion-format-box\"><i class=\"awb-icon-pen\" aria-hidden=\"true\"><\/i><\/div><\/div>\t<style type=\"text\/css\">\n\t\t\n\t\t\n\t\t\n\t\t\n\t\t\t<\/style>\n\n\n\t\t\t<div class=\"fusion-flexslider flexslider fusion-flexslider-loading fusion-post-slideshow\" style=\"\">\n\t\t<ul class=\"slides\">\n\t\t\t\n\t\t\t\t\t\t\t\t\t\t\t\t\t\t<li><div  class=\"fusion-image-wrapper fusion-image-size-fixed\" aria-haspopup=\"true\">\n\t\t\t\t\t\t\t<a href=\"https:\/\/www.americanlife.com.tr\/bahcesehir\/bahcesehir-hazirlik-atlama-kursu-proficiency\/\" aria-label=\"Bah\u00e7e\u015fehir Haz\u0131rl\u0131k Atlama Kursu: Proficiency S\u0131nav\u0131n\u0131 Garantileyin\">\n\t\t\t\t\t\t\t<img decoding=\"async\" width=\"320\" height=\"202\" src=\"https:\/\/www.americanlife.com.tr\/bahcesehir\/wp-content\/uploads\/sites\/55\/2026\/01\/hazirlik-atlama-kursu-proficiency-002-1-320x202.jpg\" class=\"attachment-blog-medium size-blog-medium wp-post-image\" alt=\"Bah\u00e7e\u015fehir Haz\u0131rl\u0131k Atlama Kursu\" srcset=\"https:\/\/www.americanlife.com.tr\/bahcesehir\/wp-content\/uploads\/sites\/55\/2026\/01\/hazirlik-atlama-kursu-proficiency-002-1-320x202.jpg 320w, https:\/\/www.americanlife.com.tr\/bahcesehir\/wp-content\/uploads\/sites\/55\/2026\/01\/hazirlik-atlama-kursu-proficiency-002-1-700x441.jpg 700w\" sizes=\"(max-width: 320px) 100vw, 320px\" \/>\t\t\t<\/a>\n\t\t\t\t\t\t\t<\/div>\n<\/li>\n\t\t\t\n\t\t\t\n\t\t\t\t\t\t\t\t\t\t\t\t\t\t\t\t\t\t\t\t\t\t\t\t\t\t\t\t\t\t\t\t\t\t\t\t\t\t\t\t\t\t\t\t\t\t\t\t\t\t\t\t\t\t\t\t\t\t\t\t\t\t\t\t\t\t\t\t\t\t\t\t\t\t\t\t\t\t\t\t\t\t\t\t\t\t\t\t\t\t\t\t\t\t\t\t\t\t\t\t\t\t\t\t\t\t\t\t\t\t\t\t\t<\/ul>\n\t<\/div>\n\t<div class=\"fusion-post-content post-content\"><h2 class=\"blog-shortcode-post-title entry-title\"><a href=\"https:\/\/www.americanlife.com.tr\/bahcesehir\/bahcesehir-hazirlik-atlama-kursu-proficiency\/\">Bah\u00e7e\u015fehir Haz\u0131rl\u0131k Atlama Kursu: Proficiency S\u0131nav\u0131n\u0131 Garantileyin<\/a><\/h2><div class=\"fusion-post-content-container\"><p>Bah\u00e7e\u015fehir Haz\u0131rl\u0131k Atlama Kursu: Proficiency S\u0131nav\u0131nda Ba\u015far\u0131 Stratejileri \u00dcniversiteyi kazand\u0131n\u0131z, tebrikler! Ancak \u00f6n\u00fcn\u00fczde zorlu bir engel daha var: Haz\u0131rl\u0131k S\u0131nav\u0131 (Proficiency). \u00c7o\u011fu \u00f6\u011frenci i\u00e7in haz\u0131rl\u0131k s\u0131n\u0131f\u0131, hem zaman hem de maddi kay\u0131p anlam\u0131na gelebiliyor. Bah\u00e7e\u015fehir haz\u0131rl\u0131k atlama kursu aray\u0131\u015f\u0131n\u0131zda, American LIFE olarak size sadece gramer de\u011fil, s\u0131nav\u0131 ge\u00e7menizi sa\u011flayacak stratejik bir e\u011fitim sunuyoruz. Neden Haz\u0131rl\u0131k S\u0131nav\u0131n\u0131 Atlamal\u0131s\u0131n\u0131z? Haz\u0131rl\u0131k e\u011fitimi elbette<a href=\"https:\/\/www.americanlife.com.tr\/bahcesehir\/bahcesehir-hazirlik-atlama-kursu-proficiency\/\">...<\/a><\/p><\/div><\/div><div class=\"fusion-clearfix\"><\/div><\/article>\n<article id=\"blog-1-post-356\" class=\"fusion-post-medium-alternate post-356 post type-post status-publish format-standard has-post-thumbnail hentry category-cocuklar-icin\">\n<div class=\"fusion-date-and-formats\"><div class=\"fusion-date-box updated\"><span class=\"fusion-date\">7<\/span><span class=\"fusion-month-year\">01, 2026<\/span><\/div><div class=\"fusion-format-box\"><i class=\"awb-icon-pen\" aria-hidden=\"true\"><\/i><\/div><\/div>\t<style type=\"text\/css\">\n\t\t\n\t\t\n\t\t\n\t\t\n\t\t\t<\/style>\n\n\n\t\t\t<div class=\"fusion-flexslider flexslider fusion-flexslider-loading fusion-post-slideshow\" style=\"\">\n\t\t<ul class=\"slides\">\n\t\t\t\n\t\t\t\t\t\t\t\t\t\t\t\t\t\t<li><div  class=\"fusion-image-wrapper fusion-image-size-fixed\" aria-haspopup=\"true\">\n\t\t\t\t\t\t\t<a href=\"https:\/\/www.americanlife.com.tr\/bahcesehir\/bahcesehir-cocuk-ingilizce-kursu\/\" aria-label=\"Bah\u00e7e\u015fehir \u00c7ocuk \u0130ngilizce Kursu: E\u011flenerek \u00d6\u011freten Junior Program\u0131\">\n\t\t\t\t\t\t\t<img decoding=\"async\" width=\"320\" height=\"202\" src=\"https:\/\/www.americanlife.com.tr\/bahcesehir\/wp-content\/uploads\/sites\/55\/2026\/01\/bahcesehir-cocuk-ingilizce-kursu-001-320x202.jpg\" class=\"attachment-blog-medium size-blog-medium wp-post-image\" alt=\"Bah\u00e7e\u015fehir \u00c7ocuk \u0130ngilizce Kursu\" srcset=\"https:\/\/www.americanlife.com.tr\/bahcesehir\/wp-content\/uploads\/sites\/55\/2026\/01\/bahcesehir-cocuk-ingilizce-kursu-001-320x202.jpg 320w, https:\/\/www.americanlife.com.tr\/bahcesehir\/wp-content\/uploads\/sites\/55\/2026\/01\/bahcesehir-cocuk-ingilizce-kursu-001-700x441.jpg 700w\" sizes=\"(max-width: 320px) 100vw, 320px\" \/>\t\t\t<\/a>\n\t\t\t\t\t\t\t<\/div>\n<\/li>\n\t\t\t\n\t\t\t\n\t\t\t\t\t\t\t\t\t\t\t\t\t\t\t\t\t\t\t\t\t\t\t\t\t\t\t\t\t\t\t\t\t\t\t\t\t\t\t\t\t\t\t\t\t\t\t\t\t\t\t\t\t\t\t\t\t\t\t\t\t\t\t\t\t\t\t\t\t\t\t\t\t\t\t\t\t\t\t\t\t\t\t\t\t\t\t\t\t\t\t\t\t\t\t\t\t\t\t\t\t\t\t\t\t\t\t\t\t\t\t\t\t<\/ul>\n\t<\/div>\n\t<div class=\"fusion-post-content post-content\"><h2 class=\"blog-shortcode-post-title entry-title\"><a href=\"https:\/\/www.americanlife.com.tr\/bahcesehir\/bahcesehir-cocuk-ingilizce-kursu\/\">Bah\u00e7e\u015fehir \u00c7ocuk \u0130ngilizce Kursu: E\u011flenerek \u00d6\u011freten Junior Program\u0131<\/a><\/h2><div class=\"fusion-post-content-container\"><p>Bah\u00e7e\u015fehir \u00c7ocuk \u0130ngilizce Kursu: \u00c7ocu\u011funuz \u0130ngilizceyi Severek \u00d6\u011frensin Her ebeveyn \u00e7ocu\u011funun gelece\u011fi i\u00e7in en iyi e\u011fitimi ister. Ancak klasik y\u00f6ntemlerle, gramer kurallar\u0131na bo\u011fulmu\u015f bir \u0130ngilizce e\u011fitimi \u00e7ocuklar\u0131 dilden so\u011futabilir. American LIFE Bah\u00e7e\u015fehir \u00e7ocuk \u0130ngilizce kursu programlar\u0131m\u0131z (Junior), 6-14 ya\u015f grubundaki \u00e7ocuklara \u0130ngilizceyi bir ders olarak de\u011fil, bir ileti\u015fim arac\u0131 olarak sunar. Oyun ve Konu\u015fma Odakl\u0131 Junior E\u011fitimi \u00c7ocuklar\u0131n beyin n\u00f6ronlar\u0131n\u0131n<a href=\"https:\/\/www.americanlife.com.tr\/bahcesehir\/bahcesehir-cocuk-ingilizce-kursu\/\">...<\/a><\/p><\/div><\/div><div class=\"fusion-clearfix\"><\/div><\/article>\n<\/div><\/div><\/div><\/div><\/div><\/div>\n","protected":false},"excerpt":{"rendered":"","protected":false},"author":1,"featured_media":0,"parent":0,"menu_order":0,"comment_status":"closed","ping_status":"closed","template":"","meta":{"_joinchat":[],"footnotes":""},"class_list":["post-297","page","type-page","status-publish","hentry"],"_links":{"self":[{"href":"https:\/\/www.americanlife.com.tr\/bahcesehir\/wp-json\/wp\/v2\/pages\/297","targetHints":{"allow":["GET"]}}],"collection":[{"href":"https:\/\/www.americanlife.com.tr\/bahcesehir\/wp-json\/wp\/v2\/pages"}],"about":[{"href":"https:\/\/www.americanlife.com.tr\/bahcesehir\/wp-json\/wp\/v2\/types\/page"}],"author":[{"embeddable":true,"href":"https:\/\/www.americanlife.com.tr\/bahcesehir\/wp-json\/wp\/v2\/users\/1"}],"replies":[{"embeddable":true,"href":"https:\/\/www.americanlife.com.tr\/bahcesehir\/wp-json\/wp\/v2\/comments?post=297"}],"version-history":[{"count":2,"href":"https:\/\/www.americanlife.com.tr\/bahcesehir\/wp-json\/wp\/v2\/pages\/297\/revisions"}],"predecessor-version":[{"id":524,"href":"https:\/\/www.americanlife.com.tr\/bahcesehir\/wp-json\/wp\/v2\/pages\/297\/revisions\/524"}],"wp:attachment":[{"href":"https:\/\/www.americanlife.com.tr\/bahcesehir\/wp-json\/wp\/v2\/media?parent=297"}],"curies":[{"name":"wp","href":"https:\/\/api.w.org\/{rel}","templated":true}]}}