{"id":244,"date":"2022-08-20T14:09:37","date_gmt":"2022-08-20T11:09:37","guid":{"rendered":"https:\/\/www.americanlife.com.tr\/cocuk\/?page_id=244"},"modified":"2022-08-20T14:09:37","modified_gmt":"2022-08-20T11:09:37","slug":"blog","status":"publish","type":"page","link":"https:\/\/www.americanlife.com.tr\/cocuk\/blog\/","title":{"rendered":"Blog"},"content":{"rendered":"<div class=\"fusion-fullwidth fullwidth-box fusion-builder-row-1 fusion-flex-container has-pattern-background has-mask-background nonhundred-percent-fullwidth non-hundred-percent-height-scrolling\" style=\"--awb-border-radius-top-left:0px;--awb-border-radius-top-right:0px;--awb-border-radius-bottom-right:0px;--awb-border-radius-bottom-left:0px;--awb-flex-wrap:wrap;\" ><div class=\"fusion-builder-row fusion-row fusion-flex-align-items-flex-start fusion-flex-content-wrap\" style=\"max-width:1248px;margin-left: calc(-4% \/ 2 );margin-right: calc(-4% \/ 2 );\"><div class=\"fusion-layout-column fusion_builder_column fusion-builder-column-0 fusion_builder_column_1_1 1_1 fusion-flex-column\" style=\"--awb-bg-size:cover;--awb-width-large:100%;--awb-margin-top-large:0px;--awb-spacing-right-large:1.92%;--awb-margin-bottom-large:20px;--awb-spacing-left-large:1.92%;--awb-width-medium:100%;--awb-order-medium:0;--awb-spacing-right-medium:1.92%;--awb-spacing-left-medium:1.92%;--awb-width-small:100%;--awb-order-small:0;--awb-spacing-right-small:1.92%;--awb-spacing-left-small:1.92%;\"><div class=\"fusion-column-wrapper fusion-column-has-shadow fusion-flex-justify-content-flex-start fusion-content-layout-column\"><div class=\"fusion-title title fusion-title-1 fusion-sep-none fusion-title-center fusion-title-text fusion-title-size-one\" style=\"--awb-margin-top-small:0px;--awb-margin-bottom-small:20px;--awb-font-size:32px;\"><h1 class=\"fusion-title-heading title-heading-center fusion-responsive-typography-calculated\" style=\"margin:0;font-size:1em;--fontSize:32;line-height:1.16;\"><strong>American LIFE Teenglish<\/strong><\/h1><\/div><div class=\"fusion-title title fusion-title-2 fusion-sep-none fusion-title-center fusion-title-text fusion-title-size-one\" style=\"--awb-margin-top-small:0px;--awb-margin-bottom-small:20px;--awb-font-size:24px;\"><h1 class=\"fusion-title-heading title-heading-center fusion-responsive-typography-calculated\" style=\"margin:0;font-size:1em;--fontSize:24;line-height:1.16;\">\u00c7ocuklar \u0130\u00e7in \u0130ngilizce Almanca Rus\u00e7a Kursu Blog Haberleri<\/h1><\/div><div class=\"fusion-recent-posts fusion-recent-posts-1 avada-container layout-default layout-columns-3 fusion-recent-posts-infinite fusion-recent-posts-load-more\" data-pages=\"5\"><section class=\"fusion-columns columns fusion-columns-3 columns-3\"><article class=\"post fusion-column column col col-lg-4 col-md-4 col-sm-4\"><div class=\"fusion-flexslider fusion-flexslider-loading flexslider flexslider-hover-type-none\"><ul class=\"slides\"><li><a href=\"https:\/\/www.americanlife.com.tr\/cocuk\/cocuklara-ozel-ingilizce-kis-okulu\/\" aria-label=\"\u00c7ocuklara \u00d6zel \u0130ngilizce K\u0131\u015f Kurslar\u0131n\u0131n Faydalar\u0131 Nelerdir?\" class=\"hover-type-none\"><img decoding=\"async\" width=\"700\" height=\"441\" src=\"https:\/\/www.americanlife.com.tr\/cocuk\/wp-content\/uploads\/sites\/62\/2023\/01\/cocuklara-ozel-ingilizce-kis-okulu_1-700x441.jpg\" class=\"attachment-recent-posts size-recent-posts lazyload\" alt=\"\u00c7ocuklara \u00d6zel \u0130ngilizce K\u0131\u015f Kurslar\u0131n\u0131n Faydalar\u0131 Nelerdir?\" srcset=\"data:image\/svg+xml,%3Csvg%20xmlns%3D%27http%3A%2F%2Fwww.w3.org%2F2000%2Fsvg%27%20width%3D%271200%27%20height%3D%27852%27%20viewBox%3D%270%200%201200%20852%27%3E%3Crect%20width%3D%271200%27%20height%3D%27852%27%20fill-opacity%3D%220%22%2F%3E%3C%2Fsvg%3E\" data-orig-src=\"https:\/\/www.americanlife.com.tr\/cocuk\/wp-content\/uploads\/sites\/62\/2023\/01\/cocuklara-ozel-ingilizce-kis-okulu_1-700x441.jpg\" data-srcset=\"https:\/\/www.americanlife.com.tr\/cocuk\/wp-content\/uploads\/sites\/62\/2023\/01\/cocuklara-ozel-ingilizce-kis-okulu_1-320x202.jpg 320w, https:\/\/www.americanlife.com.tr\/cocuk\/wp-content\/uploads\/sites\/62\/2023\/01\/cocuklara-ozel-ingilizce-kis-okulu_1-700x441.jpg 700w\" data-sizes=\"auto\" \/><\/a><\/li><\/ul><\/div><div class=\"recent-posts-content\"><span class=\"vcard\" style=\"display: none;\"><span class=\"fn\"><a href=\"https:\/\/www.americanlife.com.tr\/cocuk\/author\/americanlife\/\" title=\"American LIFE E\u011fitim Departman\u0131 taraf\u0131ndan yaz\u0131lan yaz\u0131lar\" rel=\"author\">American LIFE E\u011fitim Departman\u0131<\/a><\/span><\/span><span class=\"updated\" style=\"display:none;\">2023-01-12T11:06:51+03:00<\/span><h4 class=\"entry-title\"><a href=\"https:\/\/www.americanlife.com.tr\/cocuk\/cocuklara-ozel-ingilizce-kis-okulu\/\">\u00c7ocuklara \u00d6zel \u0130ngilizce K\u0131\u015f Kurslar\u0131n\u0131n Faydalar\u0131 Nelerdir?<\/a><\/h4><p class=\"meta\"><span class=\"vcard\" style=\"display: none;\"><span class=\"fn\"><a href=\"https:\/\/www.americanlife.com.tr\/cocuk\/author\/americanlife\/\" title=\"American LIFE E\u011fitim Departman\u0131 taraf\u0131ndan yaz\u0131lan yaz\u0131lar\" rel=\"author\">American LIFE E\u011fitim Departman\u0131<\/a><\/span><\/span><span class=\"updated\" style=\"display:none;\">2023-01-12T11:06:51+03:00<\/span><\/p><p> \u00c7ocuklar\u0131n \u0130ngilizce e\u011fitimine son derece \u00f6nem verilmektedir. Bu nedenle ise \u0130ngilizce e\u011fitimine olduk\u00e7a erken ya\u015flarda ba\u015fland\u0131\u011f\u0131n\u0131n s\u00f6ylenmesi de m\u00fcmk\u00fcn olmaktad\u0131r. K\u0131\u015f d\u00f6nemi i\u00e7in \u00e7ocuklar\u0131n \u0130ngilizce e\u011fitim alabilece\u011fi \u00f6zel bir kurum ar\u0131yorsan\u0131z e\u011fer \u00e7ocuklara \u00f6zel<a href=\"https:\/\/www.americanlife.com.tr\/cocuk\/cocuklara-ozel-ingilizce-kis-okulu\/\">...<\/a><\/p><\/div><\/article><article class=\"post fusion-column column col col-lg-4 col-md-4 col-sm-4\"><div class=\"fusion-flexslider fusion-flexslider-loading flexslider flexslider-hover-type-none\"><ul class=\"slides\"><li><a href=\"https:\/\/www.americanlife.com.tr\/cocuk\/cocuklara-ozel-kis-donemi-ingilizce-kursu\/\" aria-label=\"\u00c7ocuklara \u00d6zel K\u0131\u015f D\u00f6nemi \u0130ngilizce Kurslar\u0131 Nas\u0131ld\u0131r?\" class=\"hover-type-none\"><img decoding=\"async\" width=\"700\" height=\"441\" src=\"https:\/\/www.americanlife.com.tr\/cocuk\/wp-content\/uploads\/sites\/62\/2022\/12\/cocuklara-ozel-kis-donemi-ingilizce-kursu-700x441.jpg\" class=\"attachment-recent-posts size-recent-posts lazyload\" alt=\"\u00c7ocuklara \u00d6zel K\u0131\u015f D\u00f6nemi \u0130ngilizce Kurslar\u0131 Nas\u0131ld\u0131r?\" srcset=\"data:image\/svg+xml,%3Csvg%20xmlns%3D%27http%3A%2F%2Fwww.w3.org%2F2000%2Fsvg%27%20width%3D%271200%27%20height%3D%27737%27%20viewBox%3D%270%200%201200%20737%27%3E%3Crect%20width%3D%271200%27%20height%3D%27737%27%20fill-opacity%3D%220%22%2F%3E%3C%2Fsvg%3E\" data-orig-src=\"https:\/\/www.americanlife.com.tr\/cocuk\/wp-content\/uploads\/sites\/62\/2022\/12\/cocuklara-ozel-kis-donemi-ingilizce-kursu-700x441.jpg\" data-srcset=\"https:\/\/www.americanlife.com.tr\/cocuk\/wp-content\/uploads\/sites\/62\/2022\/12\/cocuklara-ozel-kis-donemi-ingilizce-kursu-320x202.jpg 320w, https:\/\/www.americanlife.com.tr\/cocuk\/wp-content\/uploads\/sites\/62\/2022\/12\/cocuklara-ozel-kis-donemi-ingilizce-kursu-700x441.jpg 700w\" data-sizes=\"auto\" \/><\/a><\/li><\/ul><\/div><div class=\"recent-posts-content\"><span class=\"vcard\" style=\"display: none;\"><span class=\"fn\"><a href=\"https:\/\/www.americanlife.com.tr\/cocuk\/author\/americanlife\/\" title=\"American LIFE E\u011fitim Departman\u0131 taraf\u0131ndan yaz\u0131lan yaz\u0131lar\" rel=\"author\">American LIFE E\u011fitim Departman\u0131<\/a><\/span><\/span><span class=\"updated\" style=\"display:none;\">2022-12-26T10:38:29+03:00<\/span><h4 class=\"entry-title\"><a href=\"https:\/\/www.americanlife.com.tr\/cocuk\/cocuklara-ozel-kis-donemi-ingilizce-kursu\/\">\u00c7ocuklara \u00d6zel K\u0131\u015f D\u00f6nemi \u0130ngilizce Kurslar\u0131 Nas\u0131ld\u0131r?<\/a><\/h4><p class=\"meta\"><span class=\"vcard\" style=\"display: none;\"><span class=\"fn\"><a href=\"https:\/\/www.americanlife.com.tr\/cocuk\/author\/americanlife\/\" title=\"American LIFE E\u011fitim Departman\u0131 taraf\u0131ndan yaz\u0131lan yaz\u0131lar\" rel=\"author\">American LIFE E\u011fitim Departman\u0131<\/a><\/span><\/span><span class=\"updated\" style=\"display:none;\">2022-12-26T10:38:29+03:00<\/span><\/p><p> \u00c7ocuklar\u0131n hen\u00fcz erken ya\u015flarda \u0130ngilizce \u00f6\u011frenmeleri i\u00e7in kursa gitmeleri \u00f6nerilmektedir. 7 ila 15 ya\u015f\u0131ndaki \u00e7ocuklar i\u00e7in \u00e7ocuklara \u00f6zel ingilizce k\u0131\u015f kurs sunulmaktad\u0131r. \u00c7ocuklar\u0131n uluslararas\u0131 standartlarda dil \u00f6\u011frenmeleri sa\u011flanmaktad\u0131r. Uzman T\u00fcrk \u00f6\u011fretmenlerin yan\u0131 s\u0131ra ana<a href=\"https:\/\/www.americanlife.com.tr\/cocuk\/cocuklara-ozel-kis-donemi-ingilizce-kursu\/\">...<\/a><\/p><\/div><\/article><article class=\"post fusion-column column col col-lg-4 col-md-4 col-sm-4\"><div class=\"fusion-flexslider fusion-flexslider-loading flexslider flexslider-hover-type-none\"><ul class=\"slides\"><li><a href=\"https:\/\/www.americanlife.com.tr\/cocuk\/ingilizceyi-erken-yaslarda-ogrenmek\/\" aria-label=\"\u0130ngilizce&#8217;yi Erken Ya\u015flardan \u0130tibaren \u00d6\u011frenmek Ne Gibi Faydalar Sa\u011flar?\" class=\"hover-type-none\"><img decoding=\"async\" width=\"700\" height=\"441\" src=\"https:\/\/www.americanlife.com.tr\/cocuk\/wp-content\/uploads\/sites\/62\/2022\/12\/ingilizceyi-erken-aslarda-ogrenmek-700x441.jpg\" class=\"attachment-recent-posts size-recent-posts lazyload\" alt=\"\u0130ngilizce&#039;yi Erken Ya\u015flarda \u00d6\u011frenmek\" srcset=\"data:image\/svg+xml,%3Csvg%20xmlns%3D%27http%3A%2F%2Fwww.w3.org%2F2000%2Fsvg%27%20width%3D%271200%27%20height%3D%27800%27%20viewBox%3D%270%200%201200%20800%27%3E%3Crect%20width%3D%271200%27%20height%3D%27800%27%20fill-opacity%3D%220%22%2F%3E%3C%2Fsvg%3E\" data-orig-src=\"https:\/\/www.americanlife.com.tr\/cocuk\/wp-content\/uploads\/sites\/62\/2022\/12\/ingilizceyi-erken-aslarda-ogrenmek-700x441.jpg\" data-srcset=\"https:\/\/www.americanlife.com.tr\/cocuk\/wp-content\/uploads\/sites\/62\/2022\/12\/ingilizceyi-erken-aslarda-ogrenmek-320x202.jpg 320w, https:\/\/www.americanlife.com.tr\/cocuk\/wp-content\/uploads\/sites\/62\/2022\/12\/ingilizceyi-erken-aslarda-ogrenmek-700x441.jpg 700w\" data-sizes=\"auto\" \/><\/a><\/li><\/ul><\/div><div class=\"recent-posts-content\"><span class=\"vcard\" style=\"display: none;\"><span class=\"fn\"><a href=\"https:\/\/www.americanlife.com.tr\/cocuk\/author\/americanlife\/\" title=\"American LIFE E\u011fitim Departman\u0131 taraf\u0131ndan yaz\u0131lan yaz\u0131lar\" rel=\"author\">American LIFE E\u011fitim Departman\u0131<\/a><\/span><\/span><span class=\"updated\" style=\"display:none;\">2022-12-21T13:57:50+03:00<\/span><h4 class=\"entry-title\"><a href=\"https:\/\/www.americanlife.com.tr\/cocuk\/ingilizceyi-erken-yaslarda-ogrenmek\/\">\u0130ngilizce&#8217;yi Erken Ya\u015flardan \u0130tibaren \u00d6\u011frenmek Ne Gibi Faydalar Sa\u011flar?<\/a><\/h4><p class=\"meta\"><span class=\"vcard\" style=\"display: none;\"><span class=\"fn\"><a href=\"https:\/\/www.americanlife.com.tr\/cocuk\/author\/americanlife\/\" title=\"American LIFE E\u011fitim Departman\u0131 taraf\u0131ndan yaz\u0131lan yaz\u0131lar\" rel=\"author\">American LIFE E\u011fitim Departman\u0131<\/a><\/span><\/span><span class=\"updated\" style=\"display:none;\">2022-12-21T13:57:50+03:00<\/span><\/p><p> D\u00fcnyan\u0131n en \u00e7ok konu\u015fulan dilleri aras\u0131nda \u0130ngilizce ilk s\u0131rada yer almaktad\u0131r. Asl\u0131nda ge\u00e7mi\u015f y\u0131llarda d\u00fcnyada en \u00e7ok konu\u015fulan dil \u00c7ince olarak biliniyordu. Ancak \u0130ngilizce konu\u015fan ki\u015fi say\u0131s\u0131 art\u0131nca bu durum de\u011fi\u015fti. Do\u011fal olarak \u0130ngilizce<a href=\"https:\/\/www.americanlife.com.tr\/cocuk\/ingilizceyi-erken-yaslarda-ogrenmek\/\">...<\/a><\/p><\/div><\/article><article class=\"post fusion-column column col col-lg-4 col-md-4 col-sm-4\"><div class=\"fusion-flexslider fusion-flexslider-loading flexslider flexslider-hover-type-none\"><ul class=\"slides\"><li><a href=\"https:\/\/www.americanlife.com.tr\/cocuk\/erken-yasta-ingilizce-nasil-olmali\/\" aria-label=\"Erken Ya\u015fta \u0130ngilizce E\u011fitimi \u00c7ocuklarda Nas\u0131l Olmal\u0131d\u0131r?\" class=\"hover-type-none\"><img decoding=\"async\" width=\"700\" height=\"441\" src=\"https:\/\/www.americanlife.com.tr\/cocuk\/wp-content\/uploads\/sites\/62\/2022\/12\/2b1244e28abd-700x441.jpg\" class=\"attachment-recent-posts size-recent-posts lazyload\" alt=\"Erken Ya\u015fta \u0130ngilizce E\u011fitimi \u00c7ocuklarda Nas\u0131l Olmal\u0131d\u0131r?\" srcset=\"data:image\/svg+xml,%3Csvg%20xmlns%3D%27http%3A%2F%2Fwww.w3.org%2F2000%2Fsvg%27%20width%3D%271617%27%20height%3D%271080%27%20viewBox%3D%270%200%201617%201080%27%3E%3Crect%20width%3D%271617%27%20height%3D%271080%27%20fill-opacity%3D%220%22%2F%3E%3C%2Fsvg%3E\" data-orig-src=\"https:\/\/www.americanlife.com.tr\/cocuk\/wp-content\/uploads\/sites\/62\/2022\/12\/2b1244e28abd-700x441.jpg\" data-srcset=\"https:\/\/www.americanlife.com.tr\/cocuk\/wp-content\/uploads\/sites\/62\/2022\/12\/2b1244e28abd-320x202.jpg 320w, https:\/\/www.americanlife.com.tr\/cocuk\/wp-content\/uploads\/sites\/62\/2022\/12\/2b1244e28abd-700x441.jpg 700w\" data-sizes=\"auto\" \/><\/a><\/li><\/ul><\/div><div class=\"recent-posts-content\"><span class=\"vcard\" style=\"display: none;\"><span class=\"fn\"><a href=\"https:\/\/www.americanlife.com.tr\/cocuk\/author\/americanlife\/\" title=\"American LIFE E\u011fitim Departman\u0131 taraf\u0131ndan yaz\u0131lan yaz\u0131lar\" rel=\"author\">American LIFE E\u011fitim Departman\u0131<\/a><\/span><\/span><span class=\"updated\" style=\"display:none;\">2022-12-13T17:14:46+03:00<\/span><h4 class=\"entry-title\"><a href=\"https:\/\/www.americanlife.com.tr\/cocuk\/erken-yasta-ingilizce-nasil-olmali\/\">Erken Ya\u015fta \u0130ngilizce E\u011fitimi \u00c7ocuklarda Nas\u0131l Olmal\u0131d\u0131r?<\/a><\/h4><p class=\"meta\"><span class=\"vcard\" style=\"display: none;\"><span class=\"fn\"><a href=\"https:\/\/www.americanlife.com.tr\/cocuk\/author\/americanlife\/\" title=\"American LIFE E\u011fitim Departman\u0131 taraf\u0131ndan yaz\u0131lan yaz\u0131lar\" rel=\"author\">American LIFE E\u011fitim Departman\u0131<\/a><\/span><\/span><span class=\"updated\" style=\"display:none;\">2022-12-13T17:14:46+03:00<\/span><\/p><p> Yabanc\u0131 dil \u00f6\u011frenilmesi g\u00fcn\u00fcm\u00fczde \u015f\u00fcphesiz herkes i\u00e7in \u00f6nemli bir durumdur. \u00d6zellikle \u0130ngilizce dilini \u00f6\u011frenmek ve anadil gibi konu\u015fabilmek i\u00e7in pek \u00e7ok ki\u015fi bu anlamda e\u011fitim almaktad\u0131r. Yabanc\u0131 dil e\u011fitiminin ilerleme h\u0131z\u0131 \u00f6\u011frenecek ki\u015finin ya\u015f\u0131na<a href=\"https:\/\/www.americanlife.com.tr\/cocuk\/erken-yasta-ingilizce-nasil-olmali\/\">...<\/a><\/p><\/div><\/article><article class=\"post fusion-column column col col-lg-4 col-md-4 col-sm-4\"><div class=\"fusion-flexslider fusion-flexslider-loading flexslider flexslider-hover-type-none\"><ul class=\"slides\"><li><a href=\"https:\/\/www.americanlife.com.tr\/cocuk\/sinava-hazirlik-gruplari-teog-lys-dil-lgs\/\" aria-label=\"S\u0131nava Haz\u0131rl\u0131k Gruplar\u0131 TEOG- LYS Dil- LGS\" class=\"hover-type-none\"><img decoding=\"async\" width=\"700\" height=\"441\" src=\"https:\/\/www.americanlife.com.tr\/cocuk\/wp-content\/uploads\/sites\/62\/2022\/09\/teog-lys-dil-lgs-700x441.jpg\" class=\"attachment-recent-posts size-recent-posts lazyload\" alt=\"S\u0131nava Haz\u0131rl\u0131k Gruplar\u0131 TEOG- LYS Dil- LGS\" srcset=\"data:image\/svg+xml,%3Csvg%20xmlns%3D%27http%3A%2F%2Fwww.w3.org%2F2000%2Fsvg%27%20width%3D%271200%27%20height%3D%27800%27%20viewBox%3D%270%200%201200%20800%27%3E%3Crect%20width%3D%271200%27%20height%3D%27800%27%20fill-opacity%3D%220%22%2F%3E%3C%2Fsvg%3E\" data-orig-src=\"https:\/\/www.americanlife.com.tr\/cocuk\/wp-content\/uploads\/sites\/62\/2022\/09\/teog-lys-dil-lgs-700x441.jpg\" data-srcset=\"https:\/\/www.americanlife.com.tr\/cocuk\/wp-content\/uploads\/sites\/62\/2022\/09\/teog-lys-dil-lgs-320x202.jpg 320w, https:\/\/www.americanlife.com.tr\/cocuk\/wp-content\/uploads\/sites\/62\/2022\/09\/teog-lys-dil-lgs-700x441.jpg 700w\" data-sizes=\"auto\" \/><\/a><\/li><\/ul><\/div><div class=\"recent-posts-content\"><span class=\"vcard\" style=\"display: none;\"><span class=\"fn\"><a href=\"https:\/\/www.americanlife.com.tr\/cocuk\/author\/cocuk-izmit\/\" title=\"3-14 Ya\u015f \u00c7ocuklar \u0130\u00e7in Yabanc\u0131 Dil Kursu taraf\u0131ndan yaz\u0131lan yaz\u0131lar\" rel=\"author\">3-14 Ya\u015f \u00c7ocuklar \u0130\u00e7in Yabanc\u0131 Dil Kursu<\/a><\/span><\/span><span class=\"updated\" style=\"display:none;\">2022-12-21T14:07:06+03:00<\/span><h4 class=\"entry-title\"><a href=\"https:\/\/www.americanlife.com.tr\/cocuk\/sinava-hazirlik-gruplari-teog-lys-dil-lgs\/\">S\u0131nava Haz\u0131rl\u0131k Gruplar\u0131 TEOG- LYS Dil- LGS<\/a><\/h4><p class=\"meta\"><span class=\"vcard\" style=\"display: none;\"><span class=\"fn\"><a href=\"https:\/\/www.americanlife.com.tr\/cocuk\/author\/cocuk-izmit\/\" title=\"3-14 Ya\u015f \u00c7ocuklar \u0130\u00e7in Yabanc\u0131 Dil Kursu taraf\u0131ndan yaz\u0131lan yaz\u0131lar\" rel=\"author\">3-14 Ya\u015f \u00c7ocuklar \u0130\u00e7in Yabanc\u0131 Dil Kursu<\/a><\/span><\/span><span class=\"updated\" style=\"display:none;\">2022-12-21T14:07:06+03:00<\/span><\/p><p>Lise ve \u00fcniversite tercihleri i\u00e7in s\u0131nav haz\u0131rl\u0131k teog - lys dil lgs s\u0131navlar\u0131na girmek gerekir. \u00d6\u011frenciler bu s\u0131navlarda sa\u011flad\u0131\u011f\u0131 ba\u015far\u0131 ile lise ve \u00fcniversitelere yerle\u015firler. S\u0131navdan y\u00fcksek puanlar almak i\u00e7in \u00f6zel kurumlar taraf\u0131ndan s\u0131nava haz\u0131rl\u0131k<a href=\"https:\/\/www.americanlife.com.tr\/cocuk\/sinava-hazirlik-gruplari-teog-lys-dil-lgs\/\">...<\/a><\/p><\/div><\/article><article class=\"post fusion-column column col col-lg-4 col-md-4 col-sm-4\"><div class=\"fusion-flexslider fusion-flexslider-loading flexslider flexslider-hover-type-none\"><ul class=\"slides\"><li><a href=\"https:\/\/www.americanlife.com.tr\/cocuk\/ilkokul-orta-okul-lise-ingilizce-almanca-rusca\/\" aria-label=\"\u0130lkokul Orta Okul Lise \u0130ngilizce Almanca Rus\u00e7a\" class=\"hover-type-none\"><img decoding=\"async\" width=\"700\" height=\"441\" src=\"https:\/\/www.americanlife.com.tr\/cocuk\/wp-content\/uploads\/sites\/62\/2022\/09\/ilkokul-orta-okul-lise-ingilizce-almanca-rusca-700x441.jpg\" class=\"attachment-recent-posts size-recent-posts lazyload\" alt=\"\u0130lkokul Orta Okul Lise \u0130ngilizce Almanca Rus\u00e7a\" srcset=\"data:image\/svg+xml,%3Csvg%20xmlns%3D%27http%3A%2F%2Fwww.w3.org%2F2000%2Fsvg%27%20width%3D%271200%27%20height%3D%27800%27%20viewBox%3D%270%200%201200%20800%27%3E%3Crect%20width%3D%271200%27%20height%3D%27800%27%20fill-opacity%3D%220%22%2F%3E%3C%2Fsvg%3E\" data-orig-src=\"https:\/\/www.americanlife.com.tr\/cocuk\/wp-content\/uploads\/sites\/62\/2022\/09\/ilkokul-orta-okul-lise-ingilizce-almanca-rusca-700x441.jpg\" data-srcset=\"https:\/\/www.americanlife.com.tr\/cocuk\/wp-content\/uploads\/sites\/62\/2022\/09\/ilkokul-orta-okul-lise-ingilizce-almanca-rusca-320x202.jpg 320w, https:\/\/www.americanlife.com.tr\/cocuk\/wp-content\/uploads\/sites\/62\/2022\/09\/ilkokul-orta-okul-lise-ingilizce-almanca-rusca-700x441.jpg 700w\" data-sizes=\"auto\" \/><\/a><\/li><\/ul><\/div><div class=\"recent-posts-content\"><span class=\"vcard\" style=\"display: none;\"><span class=\"fn\"><a href=\"https:\/\/www.americanlife.com.tr\/cocuk\/author\/cocuk-izmit\/\" title=\"3-14 Ya\u015f \u00c7ocuklar \u0130\u00e7in Yabanc\u0131 Dil Kursu taraf\u0131ndan yaz\u0131lan yaz\u0131lar\" rel=\"author\">3-14 Ya\u015f \u00c7ocuklar \u0130\u00e7in Yabanc\u0131 Dil Kursu<\/a><\/span><\/span><span class=\"updated\" style=\"display:none;\">2022-09-26T11:58:43+03:00<\/span><h4 class=\"entry-title\"><a href=\"https:\/\/www.americanlife.com.tr\/cocuk\/ilkokul-orta-okul-lise-ingilizce-almanca-rusca\/\">\u0130lkokul Orta Okul Lise \u0130ngilizce Almanca Rus\u00e7a<\/a><\/h4><p class=\"meta\"><span class=\"vcard\" style=\"display: none;\"><span class=\"fn\"><a href=\"https:\/\/www.americanlife.com.tr\/cocuk\/author\/cocuk-izmit\/\" title=\"3-14 Ya\u015f \u00c7ocuklar \u0130\u00e7in Yabanc\u0131 Dil Kursu taraf\u0131ndan yaz\u0131lan yaz\u0131lar\" rel=\"author\">3-14 Ya\u015f \u00c7ocuklar \u0130\u00e7in Yabanc\u0131 Dil Kursu<\/a><\/span><\/span><span class=\"updated\" style=\"display:none;\">2022-09-26T11:58:43+03:00<\/span><\/p><p>Yabanc\u0131 dil e\u011fitimi almak isteyen \u00e7ocuklar i\u00e7in izmit ilinde ilkokul orta okul lise ingilizce almanca rus\u00e7a alan\u0131nda kurslar bulunuyor. Bu kurslara kat\u0131l\u0131m sa\u011flamak isteyen pek \u00e7ok ki\u015fi bulunuyor. Yabanc\u0131 dil e\u011fitimini \u00e7ocuk ya\u015flarda almak isteyenler<a href=\"https:\/\/www.americanlife.com.tr\/cocuk\/ilkokul-orta-okul-lise-ingilizce-almanca-rusca\/\">...<\/a><\/p><\/div><\/article><\/section><div class=\"fusion-infinite-scroll-trigger\"><\/div><div class=\"pagination infinite-scroll clearfix\" style=\"display:none;\"><span class=\"current\">1<\/span><a href=\"https:\/\/www.americanlife.com.tr\/cocuk\/wp-json\/wp\/v2\/pages\/244\/page\/2\/\" class=\"inactive\">2<\/a><a class=\"pagination-next\" rel=\"next\" href=\"https:\/\/www.americanlife.com.tr\/cocuk\/wp-json\/wp\/v2\/pages\/244\/page\/2\/\"><span class=\"page-text\">Sonraki<\/span><span class=\"page-next\"><\/span><\/a><\/div><div class=\"fusion-clearfix\"><\/div><button class=\"fusion-load-more-button fusion-blog-button fusion-clearfix\">Load More Posts<\/button><\/div><\/div><\/div><\/div><\/div>\n","protected":false},"excerpt":{"rendered":"","protected":false},"author":1,"featured_media":0,"parent":0,"menu_order":0,"comment_status":"closed","ping_status":"closed","template":"","meta":{"footnotes":""},"class_list":["post-244","page","type-page","status-publish","hentry"],"_links":{"self":[{"href":"https:\/\/www.americanlife.com.tr\/cocuk\/wp-json\/wp\/v2\/pages\/244","targetHints":{"allow":["GET"]}}],"collection":[{"href":"https:\/\/www.americanlife.com.tr\/cocuk\/wp-json\/wp\/v2\/pages"}],"about":[{"href":"https:\/\/www.americanlife.com.tr\/cocuk\/wp-json\/wp\/v2\/types\/page"}],"author":[{"embeddable":true,"href":"https:\/\/www.americanlife.com.tr\/cocuk\/wp-json\/wp\/v2\/users\/1"}],"replies":[{"embeddable":true,"href":"https:\/\/www.americanlife.com.tr\/cocuk\/wp-json\/wp\/v2\/comments?post=244"}],"version-history":[{"count":0,"href":"https:\/\/www.americanlife.com.tr\/cocuk\/wp-json\/wp\/v2\/pages\/244\/revisions"}],"wp:attachment":[{"href":"https:\/\/www.americanlife.com.tr\/cocuk\/wp-json\/wp\/v2\/media?parent=244"}],"curies":[{"name":"wp","href":"https:\/\/api.w.org\/{rel}","templated":true}]}}