{"id":48,"date":"2021-07-10T15:22:15","date_gmt":"2021-07-10T12:22:15","guid":{"rendered":"https:\/\/www.americanlife.com.tr\/cocuk\/?page_id=48"},"modified":"2024-06-08T15:04:01","modified_gmt":"2024-06-08T12:04:01","slug":"iletisim","status":"publish","type":"page","link":"https:\/\/www.americanlife.com.tr\/cocuk\/iletisim\/","title":{"rendered":"\u0130leti\u015fim"},"content":{"rendered":"<p><div class=\"fusion-fullwidth fullwidth-box fusion-builder-row-1 fusion-flex-container hundred-percent-fullwidth non-hundred-percent-height-scrolling\" style=\"--awb-border-radius-top-left:0px;--awb-border-radius-top-right:0px;--awb-border-radius-bottom-right:0px;--awb-border-radius-bottom-left:0px;--awb-padding-top:0px;--awb-padding-right:0px;--awb-padding-bottom:0px;--awb-padding-left:0px;--awb-margin-top:0px;--awb-margin-bottom:0px;--awb-flex-wrap:wrap;\" ><div class=\"fusion-builder-row fusion-row fusion-flex-align-items-flex-start fusion-flex-content-wrap\" style=\"width:104% !important;max-width:104% !important;margin-left: calc(-4% \/ 2 );margin-right: calc(-4% \/ 2 );\"><div class=\"fusion-layout-column fusion_builder_column fusion-builder-column-0 fusion_builder_column_1_1 1_1 fusion-flex-column\" style=\"--awb-padding-top:0px;--awb-padding-right:0px;--awb-padding-bottom:0px;--awb-padding-left:0px;--awb-bg-size:cover;--awb-width-large:100%;--awb-margin-top-large:0px;--awb-spacing-right-large:0px;--awb-margin-bottom-large:0px;--awb-spacing-left-large:0px;--awb-width-medium:100%;--awb-order-medium:0;--awb-spacing-right-medium:1.92%;--awb-spacing-left-medium:1.92%;--awb-width-small:100%;--awb-order-small:0;--awb-spacing-right-small:1.92%;--awb-spacing-left-small:1.92%;\"><div class=\"fusion-column-wrapper fusion-column-has-shadow fusion-flex-justify-content-flex-start fusion-content-layout-column\"><\/div><\/div><\/div><\/div><div class=\"fusion-fullwidth fullwidth-box fusion-builder-row-2 fusion-flex-container nonhundred-percent-fullwidth non-hundred-percent-height-scrolling\" style=\"--awb-border-radius-top-left:0px;--awb-border-radius-top-right:0px;--awb-border-radius-bottom-right:0px;--awb-border-radius-bottom-left:0px;--awb-margin-top:40px;--awb-flex-wrap:wrap;\" ><div class=\"fusion-builder-row fusion-row fusion-flex-align-items-flex-start fusion-flex-content-wrap\" style=\"max-width:1248px;margin-left: calc(-4% \/ 2 );margin-right: calc(-4% \/ 2 );\"><div class=\"fusion-layout-column fusion_builder_column fusion-builder-column-1 fusion_builder_column_1_2 1_2 fusion-flex-column\" style=\"--awb-bg-blend:overlay;--awb-bg-size:cover;--awb-width-large:50%;--awb-margin-top-large:0px;--awb-spacing-right-large:3.84%;--awb-margin-bottom-large:0px;--awb-spacing-left-large:3.84%;--awb-width-medium:100%;--awb-spacing-right-medium:1.92%;--awb-spacing-left-medium:1.92%;--awb-width-small:100%;--awb-spacing-right-small:1.92%;--awb-spacing-left-small:1.92%;\"><div class=\"fusion-column-wrapper fusion-flex-justify-content-flex-start fusion-content-layout-column\"><div class=\"fusion-title title fusion-title-1 fusion-sep-none fusion-title-text fusion-title-size-one\" style=\"--awb-margin-top-small:0px;--awb-margin-bottom-small:20px;--awb-font-size:40px;\"><h1 class=\"fusion-title-heading title-heading-left fusion-responsive-typography-calculated\" style=\"margin:0;font-size:1em;--fontSize:40;line-height:1.16;\"><strong>\u0130leti\u015fim Bilgilerimiz<\/strong><\/h1><\/div><div class=\"fusion-text fusion-text-1\" style=\"--awb-text-transform:none;\"><p><strong>Adres:<\/strong> \u00d6mera\u011fa Mah. \u015eahabettin Bilgisu Cd. No:59, 41300 \u0130zmit\/KOCAEL\u0130<br \/>\n<strong>Telefon:<\/strong> <a href=\"tel:+90 (262) 321 00 99\">+90 (262) 321 00 99<\/a><br \/>\n<strong>E-Posta:<\/strong> <a title=\"info@teenglish.com.tr\" href=\"mailto:info@teenglish.com.tr\">info@teenglish.com.tr<\/a><\/p>\n<\/div><\/div><\/div><div class=\"fusion-layout-column fusion_builder_column fusion-builder-column-2 fusion_builder_column_1_2 1_2 fusion-flex-column\" style=\"--awb-bg-blend:overlay;--awb-bg-size:cover;--awb-width-large:50%;--awb-margin-top-large:0px;--awb-spacing-right-large:3.84%;--awb-margin-bottom-large:0px;--awb-spacing-left-large:3.84%;--awb-width-medium:100%;--awb-spacing-right-medium:1.92%;--awb-spacing-left-medium:1.92%;--awb-width-small:100%;--awb-spacing-right-small:1.92%;--awb-spacing-left-small:1.92%;\"><div class=\"fusion-column-wrapper fusion-flex-justify-content-flex-start fusion-content-layout-column\"><div class=\"fusion-title title fusion-title-2 fusion-sep-none fusion-title-text fusion-title-size-one\" style=\"--awb-margin-top-small:0px;--awb-margin-bottom-small:20px;--awb-font-size:40px;\"><h1 class=\"fusion-title-heading title-heading-left fusion-responsive-typography-calculated\" style=\"margin:0;font-size:1em;--fontSize:40;line-height:1.16;\"><strong>Sosyal Medya<\/strong><\/h1><\/div><div class=\"fusion-social-links fusion-social-links-1\" style=\"--awb-margin-top:0px;--awb-margin-right:0px;--awb-margin-bottom:0px;--awb-margin-left:0px;--awb-box-border-top:0px;--awb-box-border-right:0px;--awb-box-border-bottom:0px;--awb-box-border-left:0px;--awb-icon-colors-hover:rgba(190,189,189,0.8);--awb-box-colors-hover:rgba(232,232,232,0.8);--awb-box-border-color:var(--awb-color3);--awb-box-border-color-hover:var(--awb-color4);\"><div class=\"fusion-social-networks color-type-brand\"><div class=\"fusion-social-networks-wrapper\"><a class=\"fusion-social-network-icon fusion-tooltip fusion-facebook awb-icon-facebook\" style=\"color:#3b5998;font-size:30px;\" data-placement=\"bottom\" data-title=\"Facebook\" data-toggle=\"tooltip\" title=\"Facebook\" aria-label=\"facebook\" target=\"_blank\" rel=\"noopener noreferrer nofollow\" href=\"https:\/\/www.facebook.com\/teenglishizmit\"><\/a><a class=\"fusion-social-network-icon fusion-tooltip fusion-twitter awb-icon-twitter\" style=\"color:#000000;font-size:30px;\" data-placement=\"bottom\" data-title=\"X\" data-toggle=\"tooltip\" title=\"X\" aria-label=\"twitter\" target=\"_blank\" rel=\"noopener noreferrer nofollow\" href=\"https:\/\/twitter.com\/Teenglish\"><\/a><a class=\"fusion-social-network-icon fusion-tooltip fusion-instagram awb-icon-instagram\" style=\"color:#c13584;font-size:30px;\" data-placement=\"bottom\" data-title=\"Instagram\" data-toggle=\"tooltip\" title=\"Instagram\" aria-label=\"instagram\" target=\"_blank\" rel=\"noopener noreferrer nofollow\" href=\"https:\/\/www.instagram.com\/teenglishizmit\/\"><\/a><a class=\"fusion-social-network-icon fusion-tooltip fusion-phone awb-icon-phone\" style=\"color:#000000;font-size:30px;\" data-placement=\"bottom\" data-title=\"Phone\" data-toggle=\"tooltip\" title=\"Phone\" aria-label=\"phone\" target=\"_self\" rel=\"noopener noreferrer nofollow\" href=\"tel:+90 (262) 321 00 99\"><\/a><a class=\"fusion-social-network-icon fusion-tooltip fusion-mail awb-icon-mail\" style=\"color:#000000;font-size:30px;\" data-placement=\"bottom\" data-title=\"E-posta\" data-toggle=\"tooltip\" title=\"E-posta\" aria-label=\"mail\" target=\"_blank\" rel=\"noopener noreferrer nofollow\" href=\"mailto:inf&#111;&#064;&#116;e&#101;&#110;&#103;l&#105;sh&#046;&#099;&#111;&#109;.&#116;&#114;\"><\/a><\/div><\/div><\/div><\/div><\/div><div class=\"fusion-layout-column fusion_builder_column fusion-builder-column-3 fusion_builder_column_1_1 1_1 fusion-flex-column\" style=\"--awb-bg-blend:overlay;--awb-bg-size:cover;--awb-width-large:100%;--awb-margin-top-large:0px;--awb-spacing-right-large:1.92%;--awb-margin-bottom-large:0px;--awb-spacing-left-large:1.92%;--awb-width-medium:100%;--awb-spacing-right-medium:1.92%;--awb-spacing-left-medium:1.92%;--awb-width-small:100%;--awb-spacing-right-small:1.92%;--awb-spacing-left-small:1.92%;\"><div class=\"fusion-column-wrapper fusion-flex-justify-content-flex-start fusion-content-layout-column\"><div class=\"fusion-title title fusion-title-3 fusion-sep-none fusion-title-text fusion-title-size-two\" style=\"--awb-margin-top-small:0px;--awb-margin-bottom-small:20px;--awb-font-size:36px;\"><h2 class=\"fusion-title-heading title-heading-left fusion-responsive-typography-calculated\" style=\"margin:0;font-size:1em;--fontSize:36;line-height:1.2;\"><strong>\u0130leti\u015fim Formu<\/strong><\/h2><\/div><div class=\"fusion-text fusion-text-2\" style=\"--awb-text-transform:none;\"><div id=\"quform-16a4e6\" class=\"quform quform-14 quform-support-page-caching\"><form id=\"quform-form-16a4e6\" class=\"quform-form quform-form-14\" action=\"\/cocuk\/wp-json\/wp\/v2\/pages\/48#quform-16a4e6\" method=\"post\" enctype=\"multipart\/form-data\" novalidate=\"novalidate\" data-options=\"{&quot;id&quot;:14,&quot;uniqueId&quot;:&quot;16a4e6&quot;,&quot;theme&quot;:&quot;&quot;,&quot;ajax&quot;:true,&quot;logic&quot;:{&quot;logic&quot;:[],&quot;dependents&quot;:[],&quot;elementIds&quot;:[],&quot;dependentElementIds&quot;:[],&quot;animate&quot;:true},&quot;currentPageId&quot;:1,&quot;errorsIcon&quot;:&quot;&quot;,&quot;updateFancybox&quot;:true,&quot;hasPages&quot;:false,&quot;pages&quot;:[1],&quot;pageProgressType&quot;:&quot;&quot;,&quot;tooltipsEnabled&quot;:true,&quot;tooltipClasses&quot;:&quot;qtip-quform-dark&quot;,&quot;tooltipMy&quot;:&quot;left center&quot;,&quot;tooltipAt&quot;:&quot;right center&quot;,&quot;isRtl&quot;:false,&quot;scrollOffset&quot;:-50,&quot;scrollSpeed&quot;:800}\"><button class=\"quform-default-submit\" name=\"quform_submit\" type=\"submit\" value=\"submit\" aria-hidden=\"true\" tabindex=\"-1\"><\/button><div class=\"quform-form-inner quform-form-inner-14\"><input type=\"hidden\" name=\"quform_form_id\" value=\"14\" \/><input type=\"hidden\" name=\"quform_form_uid\" value=\"16a4e6\" \/><input type=\"hidden\" name=\"quform_count\" value=\"1\" \/><input type=\"hidden\" name=\"form_url\" value=\"https:\/\/www.americanlife.com.tr\/cocuk\/wp-json\/wp\/v2\/pages\/48\" \/><input type=\"hidden\" name=\"referring_url\" value=\"\" \/><input type=\"hidden\" name=\"post_id\" value=\"\" \/><input type=\"hidden\" name=\"post_title\" value=\"\" \/><input type=\"hidden\" name=\"quform_current_page_id\" value=\"1\" \/><input type=\"hidden\" name=\"quform_loaded\" value=\"1776306746|cbd0aaa51c2ec599e829b268f0743afc\" \/><input type=\"hidden\" name=\"quform_csrf_token\" value=\"cFTTklXiXcwvJ7mLOD2Sxpmz07PgJKqQN86feI4m\" \/><div class=\"quform-elements quform-elements-14 quform-cf quform-responsive-elements-phone-portrait\"><div class=\"quform-element quform-element-page quform-page-1 quform-page-14_1 quform-cf quform-group-style-plain quform-first-page quform-last-page quform-current-page\"><div class=\"quform-child-elements\"><div class=\"quform-element quform-element-row quform-element-row-14_15 quform-2-columns quform-element-row-size-fixed quform-responsive-columns-phone-portrait\"><div class=\"quform-element quform-element-column quform-element-14_16\"><div class=\"quform-element quform-element-text quform-element-14_20 quform-cf quform-element-required\"><div class=\"quform-spacer\"><div class=\"quform-inner quform-inner-text quform-inner-14_20\"><div class=\"quform-input quform-input-text quform-input-14_20 quform-cf\"><input type=\"text\" id=\"quform_14_20_16a4e6\" name=\"quform_14_20\" class=\"quform-field quform-field-text quform-field-14_20\" placeholder=\"ADINIZ\" \/><\/div><\/div><\/div><\/div><\/div><div class=\"quform-element quform-element-column quform-element-14_17\"><div class=\"quform-element quform-element-text quform-element-14_41 quform-cf quform-element-required\"><div class=\"quform-spacer\"><div class=\"quform-inner quform-inner-text quform-inner-14_41\"><div class=\"quform-input quform-input-text quform-input-14_41 quform-cf\"><input type=\"text\" id=\"quform_14_41_16a4e6\" name=\"quform_14_41\" class=\"quform-field quform-field-text quform-field-14_41\" placeholder=\"SOYADINIZ\" \/><\/div><\/div><\/div><\/div><\/div><\/div><div class=\"quform-element quform-element-row quform-element-row-14_38 quform-2-columns quform-element-row-size-fixed quform-responsive-columns-phone-portrait\"><div class=\"quform-element quform-element-column quform-element-14_39\"><div class=\"quform-element quform-element-text quform-element-14_7 quform-cf quform-element-required\"><div class=\"quform-spacer\"><div class=\"quform-inner quform-inner-text quform-inner-14_7\"><div class=\"quform-input quform-input-text quform-input-14_7 quform-cf\"><input type=\"text\" id=\"quform_14_7_16a4e6\" name=\"quform_14_7\" class=\"quform-field quform-field-text quform-field-14_7\" placeholder=\"TELEFON 05.....\" \/><\/div><\/div><\/div><\/div><\/div><div class=\"quform-element quform-element-column quform-element-14_40\"><div class=\"quform-element quform-element-email quform-element-14_36 quform-cf quform-element-required\"><div class=\"quform-spacer\"><div class=\"quform-inner quform-inner-email quform-inner-14_36\"><div class=\"quform-input quform-input-email quform-input-14_36 quform-cf\"><input type=\"email\" id=\"quform_14_36_16a4e6\" name=\"quform_14_36\" class=\"quform-field quform-field-email quform-field-14_36\" placeholder=\"E-POSTA\" \/><\/div><\/div><\/div><\/div><\/div><\/div><div class=\"quform-element quform-element-textarea quform-element-14_529836 quform-sr-only quform-cf\" style=\"clip: rect(1px, 1px, 1px, 1px); clip-path: inset(50%); position: absolute !important; height: 1px; width: 1px; overflow: hidden;\"><div class=\"quform-spacer\"><div class=\"quform-label quform-label-14_529836\"><label class=\"quform-label-text\" for=\"quform_14_529836_16a4e6\">Business Email<span class=\"quform-required\">*<\/span><\/label><\/div><div class=\"quform-inner quform-inner-14_529836\"><textarea id=\"quform_14_529836_16a4e6\" name=\"quform_14_529836\" class=\"quform-field quform-field-textarea quform-field-14_529836\" tabindex=\"-1\" autocomplete=\"new-password\"><\/textarea><\/div><\/div><\/div><div class=\"quform-element quform-element-row quform-element-row-14_33 quform-2-columns quform-element-row-size-fixed quform-responsive-columns-phone-portrait\"><div class=\"quform-element quform-element-column quform-element-14_34\"><div class=\"quform-element quform-element-select quform-element-14_19 quform-cf quform-element-required\"><div class=\"quform-spacer\"><div class=\"quform-inner quform-inner-select quform-inner-14_19\"><div class=\"quform-input quform-input-select quform-input-14_19 quform-cf\"><select id=\"quform_14_19_16a4e6\" name=\"quform_14_19\" class=\"quform-field quform-field-select quform-field-14_19\"><option value=\"\" selected=\"selected\">TEMS\u0130LC\u0130L\u0130K<\/option><option value=\"Genel Merkez\">Genel Merkez<\/option><optgroup label=\"Ankara\"><option value=\"\u00c7ankaya\">\u00c7ankaya<\/option><option value=\"Eryaman\">Eryaman<\/option><option value=\"Etimesgut\">Etimesgut<\/option><option value=\"\u00dcmitk\u00f6y\">\u00dcmitk\u00f6y<\/option><\/optgroup><optgroup label=\"\u0130stanbul\"><option value=\"Bah\u00e7e\u015fehir\">Bah\u00e7e\u015fehir<\/option><option value=\"Beylikd\u00fcz\u00fc\">Beylikd\u00fcz\u00fc<\/option><option value=\"Kartal\">Kartal<\/option><option value=\"Kavac\u0131k\">Kavac\u0131k<\/option><option value=\"Levent\">Levent<\/option><option value=\"Sancaktepe\">Sancaktepe<\/option><option value=\"Sultanbeyli\">Sultanbeyli<\/option><option value=\"\u00dcmraniye\">\u00dcmraniye<\/option><\/optgroup><optgroup label=\"\u0130zmir\"><option value=\"Kar\u015f\u0131yaka\">Kar\u015f\u0131yaka<\/option><\/optgroup><optgroup label=\"Amasya\"><option value=\"Merzifon\">Merzifon<\/option><\/optgroup><optgroup label=\"Antalya\"><option value=\"Alanya\">Alanya<\/option><option value=\"Antalya\">Antalya<\/option><\/optgroup><optgroup label=\"Bal\u0131kesir\"><option value=\"Bal\u0131kesir\">Bal\u0131kesir<\/option><option value=\"Edremit\">Edremit<\/option><\/optgroup><optgroup label=\"Bursa\"><option value=\"Bursa\">Bursa<\/option><option value=\"Orhangazi\">Orhangazi<\/option><\/optgroup><optgroup label=\"Kocaeli\"><option value=\"Gebze\">Gebze<\/option><option value=\"G\u00f6lc\u00fck\">G\u00f6lc\u00fck<\/option><option value=\"\u0130zmit\">\u0130zmit<\/option><option value=\"\u0130zmit Teenglish\">\u0130zmit Teenglish<\/option><option value=\"K\u00f6rfez\">K\u00f6rfez<\/option><option value=\"Yahya Kaptan\">Yahya Kaptan<\/option><\/optgroup><optgroup label=\"Konya\"><option value=\"Konya\">Konya<\/option><option value=\"Meram\">Meram<\/option><option value=\"Yaz\u0131r\">Yaz\u0131r<\/option><option value=\"Zafer\">Zafer<\/option><\/optgroup><optgroup label=\"Ordu\"><option value=\"\u00dcnye\">\u00dcnye<\/option><\/optgroup><optgroup label=\"Samsun\"><option value=\"Atakum\">Atakum<\/option><option value=\"Samsun\">Samsun<\/option><\/optgroup><optgroup label=\"Tokat\"><option value=\"Tokat\">Tokat<\/option><\/optgroup><optgroup label=\"Di\u011fer \u015eubeler\"><option value=\"Adana\">Adana<\/option><option value=\"Aksaray\">Aksaray<\/option><option value=\"Ayd\u0131n\">Ayd\u0131n<\/option><option value=\"\u00c7orum\">\u00c7orum<\/option><option value=\"Denizli\">Denizli<\/option><option value=\"Edirne\">Edirne<\/option><option value=\"Erzurum\">Erzurum<\/option><option value=\"Erzincan\">Erzincan<\/option><option value=\"Eski\u015fehir\">Eski\u015fehir<\/option><option value=\"Gaziantep\">Gaziantep<\/option><option value=\"Isparta\">Isparta<\/option><option value=\"Kastamonu\">Kastamonu<\/option><option value=\"Kayseri\">Kayseri<\/option><option value=\"K\u0131r\u015fehir\">K\u0131r\u015fehir<\/option><option value=\"K\u00fctahya\">K\u00fctahya<\/option><option value=\"Manisa\">Manisa<\/option><option value=\"Mersin\">Mersin<\/option><option value=\"Sakarya\">Sakarya<\/option><option value=\"Samanda\u011f\">Samanda\u011f<\/option><option value=\"Sivas\">Sivas<\/option><option value=\"Tekirda\u011f\">Tekirda\u011f<\/option><option value=\"Trabzon\">Trabzon<\/option><option value=\"Yalova\">Yalova<\/option><option value=\"Zonguldak\">Zonguldak<\/option><\/optgroup><\/select><\/div><\/div><\/div><\/div><\/div><div class=\"quform-element quform-element-column quform-element-14_35\"><div class=\"quform-element quform-element-select quform-element-14_42 quform-cf quform-element-optional\"><div class=\"quform-spacer\"><div class=\"quform-inner quform-inner-select quform-inner-14_42\"><div class=\"quform-input quform-input-select quform-input-14_42 quform-cf\"><select id=\"quform_14_42_16a4e6\" name=\"quform_14_42\" class=\"quform-field quform-field-select quform-field-14_42\"><option value=\"\" selected=\"selected\">KONU<\/option><option value=\"Bilgi Almak\">Bilgi Almak<\/option><option value=\"\u0130stekte Bulunmak\">\u0130stekte Bulunmak<\/option><option value=\"\u015eikayet\">\u015eikayet<\/option><option value=\"Di\u011fer\">Di\u011fer<\/option><\/select><\/div><\/div><\/div><\/div><\/div><\/div><div class=\"quform-element quform-element-textarea quform-element-14_6 quform-cf quform-element-optional\"><div class=\"quform-spacer\"><div class=\"quform-label quform-label-14_6\"><label class=\"quform-label-text\" for=\"quform_14_6_16a4e6\">Mesaj<\/label><\/div><div class=\"quform-inner quform-inner-textarea quform-inner-14_6\"><div class=\"quform-input quform-input-textarea quform-input-14_6 quform-cf\"><textarea id=\"quform_14_6_16a4e6\" name=\"quform_14_6\" class=\"quform-field quform-field-textarea quform-field-14_6\" placeholder=\"Mesaj\u0131n\u0131z\u0131 yaz\u0131n\u0131z. (Bo\u015f b\u0131rakabilirsiniz!)\"><\/textarea><\/div><\/div><\/div><\/div><div class=\"quform-element quform-element-row quform-element-row-14_29 quform-2-columns quform-element-row-size-float quform-responsive-columns-phone-portrait\"><div class=\"quform-element quform-element-column quform-element-14_30\"><div class=\"quform-element quform-element-checkbox quform-element-14_21 quform-cf quform-element-required\"><div class=\"quform-spacer\"><div class=\"quform-inner quform-inner-checkbox quform-inner-14_21\"><div class=\"quform-input quform-input-checkbox quform-input-14_21 quform-cf\"><div class=\"quform-options quform-cf quform-options-block quform-options-simple\"><div class=\"quform-option\"><input type=\"checkbox\" name=\"quform_14_21[]\" id=\"quform_14_21_16a4e6_1\" class=\"quform-field quform-field-checkbox quform-field-14_21 quform-field-14_21_1\" value=\"&lt;a href=&quot;https:\/\/www.americanlife.com.tr\/acik-riza-beyani\/&quot;&gt;A\u00e7\u0131k R\u0131za Beyan\u0131n\u0131&lt;\/a&gt;\" \/><label for=\"quform_14_21_16a4e6_1\" class=\"quform-option-label quform-option-label-14_21_1\"><span class=\"quform-option-text\"><a href=\"https:\/\/www.americanlife.com.tr\/acik-riza-beyani\/\">A\u00e7\u0131k R\u0131za Beyan\u0131n\u0131<\/a><\/span><\/label><\/div><\/div><\/div><\/div><\/div><\/div><\/div><div class=\"quform-element quform-element-column quform-element-14_32\"><div class=\"quform-element quform-element-checkbox quform-element-14_28 quform-cf quform-element-required\"><div class=\"quform-spacer\"><div class=\"quform-inner quform-inner-checkbox quform-inner-14_28\"><div class=\"quform-input quform-input-checkbox quform-input-14_28 quform-cf\"><div class=\"quform-options quform-cf quform-options-block quform-options-simple\"><div class=\"quform-option\"><input type=\"checkbox\" name=\"quform_14_28[]\" id=\"quform_14_28_16a4e6_2\" class=\"quform-field quform-field-checkbox quform-field-14_28 quform-field-14_28_2\" value=\"&lt;a href=&quot;https:\/\/www.americanlife.com.tr\/aydinlatma-metni\/&quot;&gt;KVKK Ayd\u0131nlatma Metni&lt;\/a&gt;\" \/><label for=\"quform_14_28_16a4e6_2\" class=\"quform-option-label quform-option-label-14_28_2\"><span class=\"quform-option-text\"><a href=\"https:\/\/www.americanlife.com.tr\/aydinlatma-metni\/\">KVKK Ayd\u0131nlatma Metni<\/a><\/span><\/label><\/div><\/div><\/div><\/div><\/div><\/div><\/div><\/div><div class=\"quform-element quform-element-recaptcha quform-element-14_37 quform-cf quform-element-required\"><div class=\"quform-spacer\"><div class=\"quform-inner quform-inner-recaptcha quform-inner-14_37\"><div class=\"quform-input quform-input-recaptcha quform-input-14_37 quform-cf\"><div class=\"quform-recaptcha\" data-config=\"{&quot;sitekey&quot;:&quot;6Ld0eAcTAAAAADq-m4KHHIpLlYDSpL_hdBHSLOHu&quot;,&quot;_version&quot;:&quot;v2&quot;,&quot;size&quot;:&quot;normal&quot;,&quot;type&quot;:&quot;image&quot;,&quot;theme&quot;:&quot;light&quot;,&quot;badge&quot;:&quot;bottomright&quot;}\"><\/div><noscript><div><div style=\"width: 302px; height: 422px; position: relative;\"><div style=\"width: 302px; height: 422px; position: absolute;\"><iframe src=\"https:\/\/www.google.com\/recaptcha\/api\/fallback?k=6Ld0eAcTAAAAADq-m4KHHIpLlYDSpL_hdBHSLOHu\" frameborder=\"0\" scrolling=\"no\" style=\"width: 302px; height:422px; border-style: none;\"><\/iframe><\/div><\/div><div style=\"width: 300px; height: 60px; border-style: none; bottom: 12px; left: 25px; margin: 0px; padding: 0px; right: 25px; background: #f9f9f9; border: 1px solid #c1c1c1; border-radius: 3px;\"><textarea name=\"g-recaptcha-response\" class=\"g-recaptcha-response\" style=\"width: 250px; height: 40px; border: 1px solid #c1c1c1; margin: 10px 25px; padding: 0px; resize: none;\" aria-hidden=\"true\"><\/textarea><\/div><\/div><\/noscript><\/div><\/div><\/div><\/div><div class=\"quform-element quform-element-submit quform-element-14_2 quform-cf\"><div class=\"quform-button-submit quform-button-submit-default quform-button-submit-14_2\"><button name=\"quform_submit\" type=\"submit\" class=\"quform-submit\" value=\"submit\"><span class=\"quform-button-text quform-button-submit-text\">G\u00d6NDER<\/span><\/button><\/div><\/div><\/div><\/div><\/div><\/div><\/form><\/div>\n<\/div><\/div><\/div><\/div><\/div><\/p>\n","protected":false},"excerpt":{"rendered":"","protected":false},"author":1,"featured_media":0,"parent":0,"menu_order":0,"comment_status":"closed","ping_status":"closed","template":"100-width.php","meta":{"footnotes":""},"class_list":["post-48","page","type-page","status-publish","hentry"],"_links":{"self":[{"href":"https:\/\/www.americanlife.com.tr\/cocuk\/wp-json\/wp\/v2\/pages\/48","targetHints":{"allow":["GET"]}}],"collection":[{"href":"https:\/\/www.americanlife.com.tr\/cocuk\/wp-json\/wp\/v2\/pages"}],"about":[{"href":"https:\/\/www.americanlife.com.tr\/cocuk\/wp-json\/wp\/v2\/types\/page"}],"author":[{"embeddable":true,"href":"https:\/\/www.americanlife.com.tr\/cocuk\/wp-json\/wp\/v2\/users\/1"}],"replies":[{"embeddable":true,"href":"https:\/\/www.americanlife.com.tr\/cocuk\/wp-json\/wp\/v2\/comments?post=48"}],"version-history":[{"count":2,"href":"https:\/\/www.americanlife.com.tr\/cocuk\/wp-json\/wp\/v2\/pages\/48\/revisions"}],"predecessor-version":[{"id":696,"href":"https:\/\/www.americanlife.com.tr\/cocuk\/wp-json\/wp\/v2\/pages\/48\/revisions\/696"}],"wp:attachment":[{"href":"https:\/\/www.americanlife.com.tr\/cocuk\/wp-json\/wp\/v2\/media?parent=48"}],"curies":[{"name":"wp","href":"https:\/\/api.w.org\/{rel}","templated":true}]}}