{"id":24164,"date":"2025-06-26T11:41:33","date_gmt":"2025-06-26T08:41:33","guid":{"rendered":"https:\/\/www.americanlife.com.tr\/izmit\/?page_id=24164"},"modified":"2025-07-07T16:49:05","modified_gmt":"2025-07-07T13:49:05","slug":"blog","status":"publish","type":"page","link":"https:\/\/www.americanlife.com.tr\/izmit\/blog","title":{"rendered":"Blog"},"content":{"rendered":"<div class=\"fusion-fullwidth fullwidth-box fusion-builder-row-1 fusion-flex-container nonhundred-percent-fullwidth non-hundred-percent-height-scrolling\" style=\"--awb-border-radius-top-left:0px;--awb-border-radius-top-right:0px;--awb-border-radius-bottom-right:0px;--awb-border-radius-bottom-left:0px;--awb-flex-wrap:wrap;\" ><div class=\"fusion-builder-row fusion-row fusion-flex-align-items-flex-start fusion-flex-content-wrap\" style=\"max-width:1248px;margin-left: calc(-4% \/ 2 );margin-right: calc(-4% \/ 2 );\"><div class=\"fusion-layout-column fusion_builder_column fusion-builder-column-0 fusion_builder_column_1_1 1_1 fusion-flex-column\" style=\"--awb-bg-size:cover;--awb-width-large:100%;--awb-margin-top-large:0px;--awb-spacing-right-large:1.92%;--awb-margin-bottom-large:20px;--awb-spacing-left-large:1.92%;--awb-width-medium:100%;--awb-order-medium:0;--awb-spacing-right-medium:1.92%;--awb-spacing-left-medium:1.92%;--awb-width-small:100%;--awb-order-small:0;--awb-spacing-right-small:1.92%;--awb-spacing-left-small:1.92%;\"><div class=\"fusion-column-wrapper fusion-column-has-shadow fusion-flex-justify-content-flex-start fusion-content-layout-column\"><div class=\"fusion-blog-shortcode fusion-blog-shortcode-1 fusion-blog-archive fusion-blog-layout-medium-alternate fusion-blog-pagination\"><div class=\"fusion-posts-container fusion-posts-container-pagination\" data-pages=\"2\"><article id=\"blog-1-post-24268\" class=\"fusion-post-medium-alternate post-24268 post type-post status-publish format-standard has-post-thumbnail hentry category-ingilizce-kursu tag-ielts-ve-toefl tag-toefl-sinavi-kursu\">\n<div class=\"fusion-date-and-formats\"><div class=\"fusion-date-box updated\"><span class=\"fusion-date\">14<\/span><span class=\"fusion-month-year\">10, 2025<\/span><\/div><div class=\"fusion-format-box\"><i class=\"awb-icon-pen\" aria-hidden=\"true\"><\/i><\/div><\/div>\t<style type=\"text\/css\">\n\t\t\n\t\t\n\t\t\n\t\t\n\t\t\t<\/style>\n\n\n\t\t\t<div class=\"fusion-flexslider flexslider fusion-flexslider-loading fusion-post-slideshow\" style=\"\">\n\t\t<ul class=\"slides\">\n\t\t\t\n\t\t\t\t\t\t\t\t\t\t\t\t\t\t<li><div  class=\"fusion-image-wrapper fusion-image-size-fixed\" aria-haspopup=\"true\">\n\t\t\t\t\t\t\t<a href=\"https:\/\/www.americanlife.com.tr\/izmit\/izmitte-ielts-ve-toefl-sinavi-kursu.html\" aria-label=\"\u0130zmit\u2019te IELTS ve TOEFL S\u0131nav\u0131 Kursu\">\n\t\t\t\t\t\t\t<img decoding=\"async\" width=\"320\" height=\"202\" src=\"https:\/\/www.americanlife.com.tr\/izmit\/wp-content\/uploads\/sites\/5\/2025\/10\/izmitte-ielts-ve-toefl-sinavi-kursu-001-320x202.jpg\" class=\"attachment-blog-medium size-blog-medium wp-post-image\" alt=\"\u0130zmit\u2019te IELTS ve TOEFL S\u0131nav\u0131 Kursu\" srcset=\"https:\/\/www.americanlife.com.tr\/izmit\/wp-content\/uploads\/sites\/5\/2025\/10\/izmitte-ielts-ve-toefl-sinavi-kursu-001-320x202.jpg 320w, https:\/\/www.americanlife.com.tr\/izmit\/wp-content\/uploads\/sites\/5\/2025\/10\/izmitte-ielts-ve-toefl-sinavi-kursu-001-700x441.jpg 700w\" sizes=\"(max-width: 320px) 100vw, 320px\" \/>\t\t\t<\/a>\n\t\t\t\t\t\t\t<\/div>\n<\/li>\n\t\t\t\n\t\t\t\n\t\t\t\t\t\t\t\t\t\t\t\t\t\t\t\t\t\t\t\t\t\t\t\t\t\t\t\t\t\t\t\t\t\t\t\t\t\t\t\t\t\t\t\t\t\t\t\t\t\t\t\t\t\t\t\t\t\t\t\t\t\t\t\t\t\t\t\t\t\t\t\t\t\t\t\t\t\t\t\t\t\t\t\t\t\t\t\t\t\t\t\t\t\t\t\t\t\t\t\t\t\t\t\t\t\t\t\t\t\t\t\t\t<\/ul>\n\t<\/div>\n\t<div class=\"fusion-post-content post-content\"><h2 class=\"blog-shortcode-post-title entry-title\"><a href=\"https:\/\/www.americanlife.com.tr\/izmit\/izmitte-ielts-ve-toefl-sinavi-kursu.html\">\u0130zmit\u2019te IELTS ve TOEFL S\u0131nav\u0131 Kursu<\/a><\/h2><p class=\"fusion-single-line-meta\"><span class=\"vcard\"><span class=\"fn\"><a href=\"https:\/\/www.americanlife.com.tr\/izmit\/author\/americanlife\" title=\"American LIFE E\u011fitim Departman\u0131 taraf\u0131ndan yaz\u0131lan yaz\u0131lar\" rel=\"author\">American LIFE E\u011fitim Departman\u0131<\/a><\/span><\/span> taraf\u0131ndan.<span class=\"fusion-inline-sep\">|<\/span><span class=\"updated\" style=\"display:none;\">2025-10-14T11:12:45+03:00<\/span><span>14 Ekim 2025<\/span><span class=\"fusion-inline-sep\">|<\/span><a href=\"https:\/\/www.americanlife.com.tr\/izmit\/kategori\/ingilizce-kursu\" rel=\"category tag\">\u0130ngilizce Kursu<\/a><span class=\"fusion-inline-sep\">|<\/span><span class=\"fusion-comments\"><a href=\"https:\/\/www.americanlife.com.tr\/izmit\/izmitte-ielts-ve-toefl-sinavi-kursu.html#respond\">0 Yorum<\/a><\/span><\/p><div class=\"fusion-post-content-container\"><p> \u0130zmit\u2019te IELTS ve TOEFL S\u0131nav\u0131 Kursu Deyince Akla Gelen \u0130lk \u0130sim: American LIFE Yurt d\u0131\u015f\u0131nda \u00fcniversite okumak, y\u00fcksek lisans yapmak, uluslararas\u0131 kariyer hedeflemek, akademik hayatta ilerlemek ya da \u0130ngilizce seviyesini en prestijli \u015fekilde kan\u0131tlamak isteyen herkesin kar\u015f\u0131s\u0131na iki \u00f6nemli s\u0131nav \u00e7\u0131kar:\u00a0IELTS ve TOEFL. Bu s\u0131navlar yaln\u0131zca \u0130ngilizce bilgisi \u00f6l\u00e7mekle kalmaz, ayn\u0131 zamanda \u00f6\u011frencinin\u00a0ele\u015ftirel d\u00fc\u015f\u00fcnme becerisi, zaman y\u00f6netimi, akademik okuma<a href=\"https:\/\/www.americanlife.com.tr\/izmit\/izmitte-ielts-ve-toefl-sinavi-kursu.html\">...<\/a><\/p><\/div><\/div><div class=\"fusion-clearfix\"><\/div><\/article>\n<article id=\"blog-1-post-24263\" class=\"fusion-post-medium-alternate post-24263 post type-post status-publish format-standard has-post-thumbnail hentry category-ingilizce-kursu tag-izmit-ingilizce-kursu\">\n<div class=\"fusion-date-and-formats\"><div class=\"fusion-date-box updated\"><span class=\"fusion-date\">17<\/span><span class=\"fusion-month-year\">09, 2025<\/span><\/div><div class=\"fusion-format-box\"><i class=\"awb-icon-pen\" aria-hidden=\"true\"><\/i><\/div><\/div>\t<style type=\"text\/css\">\n\t\t\n\t\t\n\t\t\n\t\t\n\t\t\t<\/style>\n\n\n\t\t\t<div class=\"fusion-flexslider flexslider fusion-flexslider-loading fusion-post-slideshow\" style=\"\">\n\t\t<ul class=\"slides\">\n\t\t\t\n\t\t\t\t\t\t\t\t\t\t\t\t\t\t<li><div  class=\"fusion-image-wrapper fusion-image-size-fixed\" aria-haspopup=\"true\">\n\t\t\t\t\t\t\t<a href=\"https:\/\/www.americanlife.com.tr\/izmit\/izmit-ingilizce-kursu.html\" aria-label=\"\u0130zmit \u0130ngilizce Kursu\">\n\t\t\t\t\t\t\t<img decoding=\"async\" width=\"320\" height=\"202\" src=\"https:\/\/www.americanlife.com.tr\/izmit\/wp-content\/uploads\/sites\/5\/2025\/09\/izmit-ingilizce-kursu-320x202.jpg\" class=\"attachment-blog-medium size-blog-medium wp-post-image\" alt=\"\u0130zmit \u0130ngilizce Kursu\" srcset=\"https:\/\/www.americanlife.com.tr\/izmit\/wp-content\/uploads\/sites\/5\/2025\/09\/izmit-ingilizce-kursu-320x202.jpg 320w, https:\/\/www.americanlife.com.tr\/izmit\/wp-content\/uploads\/sites\/5\/2025\/09\/izmit-ingilizce-kursu-700x441.jpg 700w\" sizes=\"(max-width: 320px) 100vw, 320px\" \/>\t\t\t<\/a>\n\t\t\t\t\t\t\t<\/div>\n<\/li>\n\t\t\t\n\t\t\t\n\t\t\t\t\t\t\t\t\t\t\t\t\t\t\t\t\t\t\t\t\t\t\t\t\t\t\t\t\t\t\t\t\t\t\t\t\t\t\t\t\t\t\t\t\t\t\t\t\t\t\t\t\t\t\t\t\t\t\t\t\t\t\t\t\t\t\t\t\t\t\t\t\t\t\t\t\t\t\t\t\t\t\t\t\t\t\t\t\t\t\t\t\t\t\t\t\t\t\t\t\t\t\t\t\t\t\t\t\t\t\t\t\t<\/ul>\n\t<\/div>\n\t<div class=\"fusion-post-content post-content\"><h2 class=\"blog-shortcode-post-title entry-title\"><a href=\"https:\/\/www.americanlife.com.tr\/izmit\/izmit-ingilizce-kursu.html\">\u0130zmit \u0130ngilizce Kursu<\/a><\/h2><p class=\"fusion-single-line-meta\"><span class=\"vcard\"><span class=\"fn\"><a href=\"https:\/\/www.americanlife.com.tr\/izmit\/author\/americanlife\" title=\"American LIFE E\u011fitim Departman\u0131 taraf\u0131ndan yaz\u0131lan yaz\u0131lar\" rel=\"author\">American LIFE E\u011fitim Departman\u0131<\/a><\/span><\/span> taraf\u0131ndan.<span class=\"fusion-inline-sep\">|<\/span><span class=\"updated\" style=\"display:none;\">2025-09-17T14:50:41+03:00<\/span><span>17 Eyl\u00fcl 2025<\/span><span class=\"fusion-inline-sep\">|<\/span><a href=\"https:\/\/www.americanlife.com.tr\/izmit\/kategori\/ingilizce-kursu\" rel=\"category tag\">\u0130ngilizce Kursu<\/a><span class=\"fusion-inline-sep\">|<\/span><span class=\"fusion-comments\"><a href=\"https:\/\/www.americanlife.com.tr\/izmit\/izmit-ingilizce-kursu.html#respond\">0 Yorum<\/a><\/span><\/p><div class=\"fusion-post-content-container\"><p> \u0130zmit\u2019in En \u00c7ok Tercih Edilen Dil Okulu: American Life \u0130zmit\u2019te yabanc\u0131 dil e\u011fitimi denildi\u011finde akla gelen ilk isim hi\u00e7 ku\u015fkusuz\u00a0American Life. Y\u0131llard\u0131r hem \u0130zmit merkezde hem de Yahya Kaptan \u015fubemizde binlerce \u00f6\u011frenciyi \u0130ngilizceyle, farkl\u0131 dillerle, k\u00fclt\u00fcrlerle ve yepyeni f\u0131rsatlarla bulu\u015fturduk. Peki bizi bu kadar farkl\u0131 k\u0131lan nedir? Gelin birlikte bakal\u0131m. T\u00fcrkiye Genelinde G\u00fc\u00e7l\u00fc Bayi A\u011f\u0131 American Life yaln\u0131zca \u0130zmit<a href=\"https:\/\/www.americanlife.com.tr\/izmit\/izmit-ingilizce-kursu.html\">...<\/a><\/p><\/div><\/div><div class=\"fusion-clearfix\"><\/div><\/article>\n<article id=\"blog-1-post-24241\" class=\"fusion-post-medium-alternate has-post-thumbnail post-24241 post type-post status-publish format-standard hentry category-genel\">\n<div class=\"fusion-date-and-formats\"><div class=\"fusion-date-box updated\"><span class=\"fusion-date\">20<\/span><span class=\"fusion-month-year\">08, 2025<\/span><\/div><div class=\"fusion-format-box\"><i class=\"awb-icon-pen\" aria-hidden=\"true\"><\/i><\/div><\/div>\t<style type=\"text\/css\">\n\t\t\n\t\t\n\t\t\n\t\t\n\t\t\t<\/style>\n\n\n\t\t\t<div class=\"fusion-flexslider flexslider fusion-flexslider-loading fusion-post-slideshow\" style=\"\">\n\t\t<ul class=\"slides\">\n\t\t\t\t\t\t\t<li>\n\t\t\t\t\t<div class=\"full-video\"><iframe width=\"1920\" height=\"1080\" src=\"https:\/\/www.youtube.com\/embed\/Dadg0CTNkB0?si=drC6jXVSFhjqBjXz\" title=\"YouTube video player\" frameborder=\"0\" allow=\"accelerometer; autoplay; clipboard-write; encrypted-media; gyroscope; picture-in-picture; web-share\" referrerpolicy=\"strict-origin-when-cross-origin\" allowfullscreen><\/iframe><\/div>\n\t\t\t\t<\/li>\n\t\t\t\n\t\t\t\t\t\t\n\t\t\t\n\t\t\t\t\t\t\t\t\t\t\t\t\t\t\t\t\t\t\t\t\t\t\t\t\t\t\t\t\t\t\t\t\t\t\t\t\t\t\t\t\t\t\t\t\t\t\t\t\t\t\t\t\t\t\t\t\t\t\t\t\t\t\t\t\t\t\t\t\t\t\t\t\t\t\t\t\t\t\t\t\t\t\t\t\t\t\t\t\t\t\t\t\t\t\t\t\t\t\t\t\t\t\t\t\t\t\t\t\t\t\t\t\t<\/ul>\n\t<\/div>\n\t<div class=\"fusion-post-content post-content\"><h2 class=\"blog-shortcode-post-title entry-title\"><a href=\"https:\/\/www.americanlife.com.tr\/izmit\/bir-karaoke-aksami.html\">\u0130zmit\u2019te K\u00f6rfez Manzaras\u0131 E\u015fli\u011finde Unutulmaz Bir Karaoke Ak\u015fam\u0131<\/a><\/h2><p class=\"fusion-single-line-meta\"><span class=\"vcard\"><span class=\"fn\"><a href=\"https:\/\/www.americanlife.com.tr\/izmit\/author\/americanlife\" title=\"American LIFE E\u011fitim Departman\u0131 taraf\u0131ndan yaz\u0131lan yaz\u0131lar\" rel=\"author\">American LIFE E\u011fitim Departman\u0131<\/a><\/span><\/span> taraf\u0131ndan.<span class=\"fusion-inline-sep\">|<\/span><span class=\"updated\" style=\"display:none;\">2025-08-21T13:29:07+03:00<\/span><span>20 A\u011fustos 2025<\/span><span class=\"fusion-inline-sep\">|<\/span><a href=\"https:\/\/www.americanlife.com.tr\/izmit\/kategori\/genel\" rel=\"category tag\">Genel<\/a><span class=\"fusion-inline-sep\">|<\/span><span class=\"fusion-comments\"><a href=\"https:\/\/www.americanlife.com.tr\/izmit\/bir-karaoke-aksami.html#respond\">0 Yorum<\/a><\/span><\/p><div class=\"fusion-post-content-container\"><p> \u0130zmit\u2019te K\u00f6rfez Manzaras\u0131 E\u015fli\u011finde Unutulmaz Bir Karaoke Ak\u015fam\u0131 Ge\u00e7ti\u011fimiz g\u00fcnlerde \u0130zmit \u0130ngilizce kursu \u015fubemizin muhte\u015fem K\u00f6rfez manzaral\u0131 teras\u0131nda, \u00f6\u011frencilerimiz ve \u00f6\u011fretmenlerimizle birlikte keyifli bir\u00a0karaoke etkinli\u011fi\u00a0d\u00fczenledik. Bu \u00f6zel ak\u015famda sadece m\u00fczik ve e\u011flence de\u011fil, ayn\u0131 zamanda \u00f6\u011frencilerimizin \u0130ngilizce pratik yapma f\u0131rsatlar\u0131 da \u00f6n plandayd\u0131. Hep birlikte \u015fark\u0131lar s\u00f6yleyerek hem g\u00fczel an\u0131lar biriktirdik hem de yabanc\u0131 dili s\u0131n\u0131f d\u0131\u015f\u0131nda, g\u00fcnl\u00fck hayata<a href=\"https:\/\/www.americanlife.com.tr\/izmit\/bir-karaoke-aksami.html\">...<\/a><\/p><\/div><\/div><div class=\"fusion-clearfix\"><\/div><\/article>\n<article id=\"blog-1-post-24222\" class=\"fusion-post-medium-alternate post-24222 post type-post status-publish format-standard has-post-thumbnail hentry category-genel\">\n<div class=\"fusion-date-and-formats\"><div class=\"fusion-date-box updated\"><span class=\"fusion-date\">28<\/span><span class=\"fusion-month-year\">07, 2025<\/span><\/div><div class=\"fusion-format-box\"><i class=\"awb-icon-pen\" aria-hidden=\"true\"><\/i><\/div><\/div>\t<style type=\"text\/css\">\n\t\t\n\t\t\n\t\t\n\t\t\n\t\t\t<\/style>\n\n\n\t\t\t<div class=\"fusion-flexslider flexslider fusion-flexslider-loading fusion-post-slideshow\" style=\"\">\n\t\t<ul class=\"slides\">\n\t\t\t\n\t\t\t\t\t\t\t\t\t\t\t\t\t\t<li><div  class=\"fusion-image-wrapper fusion-image-size-fixed\" aria-haspopup=\"true\">\n\t\t\t\t\t\t\t<a href=\"https:\/\/www.americanlife.com.tr\/izmit\/geleneksel-barbeku-partisi.html\" aria-label=\"American LIFE Yeni Cuma \u015eubesi\u2019nde Geleneksel Barbek\u00fc Partisi\">\n\t\t\t\t\t\t\t<img decoding=\"async\" width=\"320\" height=\"202\" src=\"https:\/\/www.americanlife.com.tr\/izmit\/wp-content\/uploads\/sites\/5\/2025\/07\/geleneksel-barbeku-partisi-320x202.jpg\" class=\"attachment-blog-medium size-blog-medium wp-post-image\" alt=\"American LIFE Yeni Cuma \u015eubesi\u2019nde Geleneksel Barbek\u00fc Partisi\" srcset=\"https:\/\/www.americanlife.com.tr\/izmit\/wp-content\/uploads\/sites\/5\/2025\/07\/geleneksel-barbeku-partisi-320x202.jpg 320w, https:\/\/www.americanlife.com.tr\/izmit\/wp-content\/uploads\/sites\/5\/2025\/07\/geleneksel-barbeku-partisi-700x441.jpg 700w\" sizes=\"(max-width: 320px) 100vw, 320px\" \/>\t\t\t<\/a>\n\t\t\t\t\t\t\t<\/div>\n<\/li>\n\t\t\t\n\t\t\t\n\t\t\t\t\t\t\t\t\t\t\t\t\t\t\t\t\t\t\t\t\t\t\t\t\t\t\t\t\t\t\t\t\t\t\t\t\t\t\t\t\t\t\t\t\t\t\t\t\t\t\t\t\t\t\t\t\t\t\t\t\t\t\t\t\t\t\t\t\t\t\t\t\t\t\t\t\t\t\t\t\t\t\t\t\t\t\t\t\t\t\t\t\t\t\t\t\t\t\t\t\t\t\t\t\t\t\t\t\t\t\t\t\t<\/ul>\n\t<\/div>\n\t<div class=\"fusion-post-content post-content\"><h2 class=\"blog-shortcode-post-title entry-title\"><a href=\"https:\/\/www.americanlife.com.tr\/izmit\/geleneksel-barbeku-partisi.html\">American LIFE Yeni Cuma \u015eubesi\u2019nde Geleneksel Barbek\u00fc Partisi<\/a><\/h2><p class=\"fusion-single-line-meta\"><span class=\"vcard\"><span class=\"fn\"><a href=\"https:\/\/www.americanlife.com.tr\/izmit\/author\/americanlife\" title=\"American LIFE E\u011fitim Departman\u0131 taraf\u0131ndan yaz\u0131lan yaz\u0131lar\" rel=\"author\">American LIFE E\u011fitim Departman\u0131<\/a><\/span><\/span> taraf\u0131ndan.<span class=\"fusion-inline-sep\">|<\/span><span class=\"updated\" style=\"display:none;\">2025-07-28T14:57:12+03:00<\/span><span>28 Temmuz 2025<\/span><span class=\"fusion-inline-sep\">|<\/span><a href=\"https:\/\/www.americanlife.com.tr\/izmit\/kategori\/genel\" rel=\"category tag\">Genel<\/a><span class=\"fusion-inline-sep\">|<\/span><span class=\"fusion-comments\"><a href=\"https:\/\/www.americanlife.com.tr\/izmit\/geleneksel-barbeku-partisi.html#respond\">0 Yorum<\/a><\/span><\/p><div class=\"fusion-post-content-container\"><p> American LIFE Yeni Cuma \u015eubesi\u2019nde Geleneksel Barbek\u00fc Partisi: \u0130ngilizce, E\u011flence ve Lezzetin Bulu\u015fmas\u0131\u00a0 Ge\u00e7ti\u011fimiz cumartesi ak\u015fam\u0131, American Life \u0130zmit dil kursu \u015fubemizde yine unutulmaz bir ak\u015fam ya\u015fand\u0131. American LIFE ailesi olarak d\u00fczenledi\u011fimiz geleneksel\u00a0barbek\u00fc partilerinden birini\u00a0daha ger\u00e7ekle\u015ftirdik. \u00d6\u011frencilerimiz, \u00f6\u011fretmenlerimiz ve idari kadromuz hep birlikte ayn\u0131 sofrada bulu\u015ftu; bol bol sohbet ettik, \u0130ngilizce pratik yapt\u0131k, e\u011flendik ve doyas\u0131ya\u00a0k\u00f6fte yedik. Bir Dil<a href=\"https:\/\/www.americanlife.com.tr\/izmit\/geleneksel-barbeku-partisi.html\">...<\/a><\/p><\/div><\/div><div class=\"fusion-clearfix\"><\/div><\/article>\n<article id=\"blog-1-post-24170\" class=\"fusion-post-medium-alternate post-24170 post type-post status-publish format-standard has-post-thumbnail hentry category-ingilizce-kursu tag-american-life-izmit tag-ielts-toefl-hazirlik-izmit tag-ingilizce-ozel-ders-izmit tag-izmit-dil-kursu tag-izmit-ingilizce-kursu tag-izmit-yabanci-dil-egitimi tag-kucuk-siniflarda-ingilizce tag-sinav-hazirlik-kurslari-izmit\">\n<div class=\"fusion-date-and-formats\"><div class=\"fusion-date-box updated\"><span class=\"fusion-date\">7<\/span><span class=\"fusion-month-year\">07, 2025<\/span><\/div><div class=\"fusion-format-box\"><i class=\"awb-icon-pen\" aria-hidden=\"true\"><\/i><\/div><\/div>\t<style type=\"text\/css\">\n\t\t\n\t\t\n\t\t\n\t\t\n\t\t\t<\/style>\n\n\n\t\t\t<div class=\"fusion-flexslider flexslider fusion-flexslider-loading fusion-post-slideshow\" style=\"\">\n\t\t<ul class=\"slides\">\n\t\t\t\n\t\t\t\t\t\t\t\t\t\t\t\t\t\t<li><div  class=\"fusion-image-wrapper fusion-image-size-fixed\" aria-haspopup=\"true\">\n\t\t\t\t\t\t\t<a href=\"https:\/\/www.americanlife.com.tr\/izmit\/izmitte-ielts-ve-toefl-sinavi.html\" aria-label=\"\u0130zmit\u2019te IELTS ve TOEFL S\u0131nav\u0131 Deyince Akla Gelen \u0130lk \u0130sim: American LIFE\">\n\t\t\t\t\t\t\t<img decoding=\"async\" width=\"320\" height=\"202\" src=\"https:\/\/www.americanlife.com.tr\/izmit\/wp-content\/uploads\/sites\/5\/2025\/07\/izmitte-ielts-ve-toefl-sinavi-01-320x202.jpg\" class=\"attachment-blog-medium size-blog-medium wp-post-image\" alt=\"\u0130zmit\u2019te IELTS ve TOEFL S\u0131nav\u0131\" srcset=\"https:\/\/www.americanlife.com.tr\/izmit\/wp-content\/uploads\/sites\/5\/2025\/07\/izmitte-ielts-ve-toefl-sinavi-01-320x202.jpg 320w, https:\/\/www.americanlife.com.tr\/izmit\/wp-content\/uploads\/sites\/5\/2025\/07\/izmitte-ielts-ve-toefl-sinavi-01-700x441.jpg 700w\" sizes=\"(max-width: 320px) 100vw, 320px\" \/>\t\t\t<\/a>\n\t\t\t\t\t\t\t<\/div>\n<\/li>\n\t\t\t\n\t\t\t\n\t\t\t\t\t\t\t\t\t\t\t\t\t\t\t\t\t\t\t\t\t\t\t\t\t\t\t\t\t\t\t\t\t\t\t\t\t\t\t\t\t\t\t\t\t\t\t\t\t\t\t\t\t\t\t\t\t\t\t\t\t\t\t\t\t\t\t\t\t\t\t\t\t\t\t\t\t\t\t\t\t\t\t\t\t\t\t\t\t\t\t\t\t\t\t\t\t\t\t\t\t\t\t\t\t\t\t\t\t\t\t\t\t<\/ul>\n\t<\/div>\n\t<div class=\"fusion-post-content post-content\"><h2 class=\"blog-shortcode-post-title entry-title\"><a href=\"https:\/\/www.americanlife.com.tr\/izmit\/izmitte-ielts-ve-toefl-sinavi.html\">\u0130zmit\u2019te IELTS ve TOEFL S\u0131nav\u0131 Deyince Akla Gelen \u0130lk \u0130sim: American LIFE<\/a><\/h2><p class=\"fusion-single-line-meta\"><span class=\"vcard\"><span class=\"fn\"><a href=\"https:\/\/www.americanlife.com.tr\/izmit\/author\/americanlife\" title=\"American LIFE E\u011fitim Departman\u0131 taraf\u0131ndan yaz\u0131lan yaz\u0131lar\" rel=\"author\">American LIFE E\u011fitim Departman\u0131<\/a><\/span><\/span> taraf\u0131ndan.<span class=\"fusion-inline-sep\">|<\/span><span class=\"updated\" style=\"display:none;\">2025-07-07T16:44:37+03:00<\/span><span>7 Temmuz 2025<\/span><span class=\"fusion-inline-sep\">|<\/span><a href=\"https:\/\/www.americanlife.com.tr\/izmit\/kategori\/ingilizce-kursu\" rel=\"category tag\">\u0130ngilizce Kursu<\/a><span class=\"fusion-inline-sep\">|<\/span><span class=\"fusion-comments\"><a href=\"https:\/\/www.americanlife.com.tr\/izmit\/izmitte-ielts-ve-toefl-sinavi.html#respond\">0 Yorum<\/a><\/span><\/p><div class=\"fusion-post-content-container\"><p> \u0130zmit\u2019te IELTS ve TOEFL S\u0131nav\u0131 Deyince Akla Gelen \u0130lk \u0130sim: American LIFE\u00a0 Yurt d\u0131\u015f\u0131nda \u00fcniversite okumak, y\u00fcksek lisans yapmak, uluslararas\u0131 kariyer hedeflemek, akademik hayatta ilerlemek ya da \u0130ngilizce seviyesini en prestijli \u015fekilde kan\u0131tlamak isteyen herkesin kar\u015f\u0131s\u0131na iki \u00f6nemli s\u0131nav \u00e7\u0131kar:\u00a0IELTS ve TOEFL. Bu s\u0131navlar yaln\u0131zca \u0130ngilizce bilgisi \u00f6l\u00e7mekle kalmaz, ayn\u0131 zamanda \u00f6\u011frencinin\u00a0ele\u015ftirel d\u00fc\u015f\u00fcnme becerisi, zaman y\u00f6netimi, akademik okuma ve<a href=\"https:\/\/www.americanlife.com.tr\/izmit\/izmitte-ielts-ve-toefl-sinavi.html\">...<\/a><\/p><\/div><\/div><div class=\"fusion-clearfix\"><\/div><\/article>\n<article id=\"blog-1-post-24159\" class=\"fusion-post-medium-alternate post-24159 post type-post status-publish format-standard has-post-thumbnail hentry category-ingilizce-kursu tag-american-life-izmit tag-ingilizce-yaz-okulu tag-yetiskinlere-ozel-ingilizce\">\n<div class=\"fusion-date-and-formats\"><div class=\"fusion-date-box updated\"><span class=\"fusion-date\">26<\/span><span class=\"fusion-month-year\">06, 2025<\/span><\/div><div class=\"fusion-format-box\"><i class=\"awb-icon-pen\" aria-hidden=\"true\"><\/i><\/div><\/div>\t<style type=\"text\/css\">\n\t\t\n\t\t\n\t\t\n\t\t\n\t\t\t<\/style>\n\n\n\t\t\t<div class=\"fusion-flexslider flexslider fusion-flexslider-loading fusion-post-slideshow\" style=\"\">\n\t\t<ul class=\"slides\">\n\t\t\t\n\t\t\t\t\t\t\t\t\t\t\t\t\t\t<li><div  class=\"fusion-image-wrapper fusion-image-size-fixed\" aria-haspopup=\"true\">\n\t\t\t\t\t\t\t<a href=\"https:\/\/www.americanlife.com.tr\/izmit\/yetiskinlere-ozel-ingilizce-yaz-okulu.html\" aria-label=\"American Life \u0130zmit\u2019te Yeti\u015fkinlere \u00d6zel \u0130ngilizce Yaz Okulu\">\n\t\t\t\t\t\t\t<img decoding=\"async\" width=\"320\" height=\"202\" src=\"https:\/\/www.americanlife.com.tr\/izmit\/wp-content\/uploads\/sites\/5\/2025\/06\/yetiskinlere-ozel-ingilizce-yaz-okulu-01-320x202.jpg\" class=\"attachment-blog-medium size-blog-medium wp-post-image\" alt=\"Yeti\u015fkinlere \u00d6zel \u0130ngilizce Yaz Okulu\" srcset=\"https:\/\/www.americanlife.com.tr\/izmit\/wp-content\/uploads\/sites\/5\/2025\/06\/yetiskinlere-ozel-ingilizce-yaz-okulu-01-320x202.jpg 320w, https:\/\/www.americanlife.com.tr\/izmit\/wp-content\/uploads\/sites\/5\/2025\/06\/yetiskinlere-ozel-ingilizce-yaz-okulu-01-700x441.jpg 700w\" sizes=\"(max-width: 320px) 100vw, 320px\" \/>\t\t\t<\/a>\n\t\t\t\t\t\t\t<\/div>\n<\/li>\n\t\t\t\n\t\t\t\n\t\t\t\t\t\t\t\t\t\t\t\t\t\t\t\t\t\t\t\t\t\t\t\t\t\t\t\t\t\t\t\t\t\t\t\t\t\t\t\t\t\t\t\t\t\t\t\t\t\t\t\t\t\t\t\t\t\t\t\t\t\t\t\t\t\t\t\t\t\t\t\t\t\t\t\t\t\t\t\t\t\t\t\t\t\t\t\t\t\t\t\t\t\t\t\t\t\t\t\t\t\t\t\t\t\t\t\t\t\t\t\t\t<\/ul>\n\t<\/div>\n\t<div class=\"fusion-post-content post-content\"><h2 class=\"blog-shortcode-post-title entry-title\"><a href=\"https:\/\/www.americanlife.com.tr\/izmit\/yetiskinlere-ozel-ingilizce-yaz-okulu.html\">American Life \u0130zmit\u2019te Yeti\u015fkinlere \u00d6zel \u0130ngilizce Yaz Okulu<\/a><\/h2><p class=\"fusion-single-line-meta\"><span class=\"vcard\"><span class=\"fn\"><a href=\"https:\/\/www.americanlife.com.tr\/izmit\/author\/americanlife\" title=\"American LIFE E\u011fitim Departman\u0131 taraf\u0131ndan yaz\u0131lan yaz\u0131lar\" rel=\"author\">American LIFE E\u011fitim Departman\u0131<\/a><\/span><\/span> taraf\u0131ndan.<span class=\"fusion-inline-sep\">|<\/span><span class=\"updated\" style=\"display:none;\">2025-06-26T11:36:34+03:00<\/span><span>26 Haziran 2025<\/span><span class=\"fusion-inline-sep\">|<\/span><a href=\"https:\/\/www.americanlife.com.tr\/izmit\/kategori\/ingilizce-kursu\" rel=\"category tag\">\u0130ngilizce Kursu<\/a><span class=\"fusion-inline-sep\">|<\/span><span class=\"fusion-comments\"><a href=\"https:\/\/www.americanlife.com.tr\/izmit\/yetiskinlere-ozel-ingilizce-yaz-okulu.html#respond\">0 Yorum<\/a><\/span><\/p><div class=\"fusion-post-content-container\"><p> American Life \u0130zmit\u2019te Yeti\u015fkinlere \u00d6zel \u0130ngilizce Yaz Okulu Yaz aylar\u0131n\u0131 hem verimli hem de keyifli ge\u00e7irmek isteyen yeti\u015fkinler i\u00e7in\u00a0American Life \u0130zmit \u015eubesi, tamamen yeti\u015fkinlere \u00f6zel tasarlanm\u0131\u015f yo\u011funla\u015ft\u0131r\u0131lm\u0131\u015f \u0130ngilizce yaz okulu programlar\u0131yla \u00f6ne \u00e7\u0131k\u0131yor. Disiplinli ama samimi bir atmosferde; \u0130ngilizce \u00f6\u011frenimi yaln\u0131zca bir akademik hedef de\u011fil, sosyal ve ki\u015fisel geli\u015fimin bir par\u00e7as\u0131 haline geliyor. Bu yaz, hem iki kur birden<a href=\"https:\/\/www.americanlife.com.tr\/izmit\/yetiskinlere-ozel-ingilizce-yaz-okulu.html\">...<\/a><\/p><\/div><\/div><div class=\"fusion-clearfix\"><\/div><\/article>\n<\/div><div class=\"pagination clearfix\"><span class=\"current\">1<\/span><a href=\"https:\/\/www.americanlife.com.tr\/izmit\/wp-json\/wp\/v2\/pages\/24164\/page\/2\" class=\"inactive\">2<\/a><a class=\"pagination-next\" rel=\"next\" href=\"https:\/\/www.americanlife.com.tr\/izmit\/wp-json\/wp\/v2\/pages\/24164\/page\/2\"><span class=\"page-text\">Sonraki<\/span><span class=\"page-next\"><\/span><\/a><\/div><div class=\"fusion-clearfix\"><\/div><\/div><\/div><\/div><\/div><\/div>\n","protected":false},"excerpt":{"rendered":"","protected":false},"author":1,"featured_media":0,"parent":0,"menu_order":0,"comment_status":"closed","ping_status":"closed","template":"","meta":{"_joinchat":[],"footnotes":""},"class_list":["post-24164","page","type-page","status-publish","hentry"],"_links":{"self":[{"href":"https:\/\/www.americanlife.com.tr\/izmit\/wp-json\/wp\/v2\/pages\/24164","targetHints":{"allow":["GET"]}}],"collection":[{"href":"https:\/\/www.americanlife.com.tr\/izmit\/wp-json\/wp\/v2\/pages"}],"about":[{"href":"https:\/\/www.americanlife.com.tr\/izmit\/wp-json\/wp\/v2\/types\/page"}],"author":[{"embeddable":true,"href":"https:\/\/www.americanlife.com.tr\/izmit\/wp-json\/wp\/v2\/users\/1"}],"replies":[{"embeddable":true,"href":"https:\/\/www.americanlife.com.tr\/izmit\/wp-json\/wp\/v2\/comments?post=24164"}],"version-history":[{"count":0,"href":"https:\/\/www.americanlife.com.tr\/izmit\/wp-json\/wp\/v2\/pages\/24164\/revisions"}],"wp:attachment":[{"href":"https:\/\/www.americanlife.com.tr\/izmit\/wp-json\/wp\/v2\/media?parent=24164"}],"curies":[{"name":"wp","href":"https:\/\/api.w.org\/{rel}","templated":true}]}}