{"id":7,"date":"2021-07-10T14:24:32","date_gmt":"2021-07-10T11:24:32","guid":{"rendered":"https:\/\/www.americanlife.com.tr\/mersin\/browse-submissions\/"},"modified":"2022-02-10T18:56:55","modified_gmt":"2022-02-10T15:56:55","slug":"ogrenci-portali","status":"publish","type":"page","link":"https:\/\/www.americanlife.com.tr\/mersin\/ogrenci-portali\/","title":{"rendered":"\u00d6\u011frenci Portal\u0131"},"content":{"rendered":"<div\nclass=\"ipt_fsqm_user_portal ipt_uif_front ipt_uif_common eform-override-element-boxy\" data-ui-theme=\"[&quot;https:\\\/\\\/www.americanlife.com.tr\\\/mersin\\\/wp-content\\\/plugins\\\/wp-fsqm-pro\\\/static\\\/front\\\/css\\\/material-themes\\\/light-themes\\\/red.css?ver=4.19.1&quot;]\" data-ui-theme-id=\"material-red\" data-settings=\"{&quot;nosubmission&quot;:&quot;G\\u00f6nderi bulunamad\\u0131.&quot;,&quot;login&quot;:&quot;G\\u00f6nderilerinizi g\\u00f6r\\u00fcnt\\u00fclemek i\\u00e7in giri\\u015f yapmal\\u0131s\\u0131n\\u0131z.&quot;,&quot;show_register&quot;:&quot;0&quot;,&quot;show_forgot&quot;:&quot;0&quot;,&quot;formlabel&quot;:&quot;Form&quot;,&quot;showcategory&quot;:&quot;0&quot;,&quot;categorylabel&quot;:&quot;Category&quot;,&quot;datelabel&quot;:&quot;Tarih&quot;,&quot;showscore&quot;:&quot;1&quot;,&quot;scorelabel&quot;:&quot;Score&quot;,&quot;mscorelabel&quot;:&quot;Max&quot;,&quot;pscorelabel&quot;:&quot;%-age&quot;,&quot;showremarks&quot;:&quot;0&quot;,&quot;remarkslabel&quot;:&quot;Remarks&quot;,&quot;linklabel&quot;:&quot;View&quot;,&quot;actionlabel&quot;:&quot;Action&quot;,&quot;editlabel&quot;:&quot;Edit&quot;,&quot;avatar&quot;:&quot;96&quot;,&quot;theme&quot;:&quot;material-red&quot;,&quot;filters&quot;:&quot;0&quot;,&quot;title&quot;:&quot;Seviye Tespit \\u00d6\\u011frenci Portal\\u0131&quot;,&quot;logout_r&quot;:&quot;&quot;}\" data-nonce=\"8d2f680dd3\" data-ajaxurl=\"https:\/\/www.americanlife.com.tr\/mersin\/wp-admin\/admin-ajax.php\">\n<noscript><div\nclass=\"ipt_fsqm_form_message_noscript ui-widget ui-widget-content ui-corner-all\"><div\nclass=\"ui-helper-reset ui-helper-clearfix ui-widget-header ui-corner-all\"><h3>Javascript is disabled<\/h3><\/div><div\nclass=\"ui-widget-content ui-corner-bottom\"><p>Javascript is disabled on your browser. Please enable it in order to use this form.<\/p><\/div><\/div>\n<\/noscript><style type=\"text\/css\">.ipt_uif_ajax_loader,\n\t\t\t.ipt_uif_ajax_loader *,\n\t\t\tipt_uif_ajax_loader *::before,\n\t\t\tipt_uif_ajax_loader *::after {\n\t\t\t\tbox-sizing: border-box;\n\t\t\t}<\/style><div\nclass=\"ipt_uif_init_loader ipt-eform-preloader-inline ipt_uif_ajax_loader\"><div\nclass=\"ipt-eform-preloader-inner\"><div\nclass=\"ipt-eform-preloader-circle\"><div\nclass=\"preloader-wrapper active\"><div\nclass=\"spinner-layer spinner-blue\"><div\nclass=\"circle-clipper left\"><div\nclass=\"circle\"><\/div><\/div><div\nclass=\"gap-patch\"><div\nclass=\"circle\"><\/div><\/div><div\nclass=\"circle-clipper right\"><div\nclass=\"circle\"><\/div><\/div><\/div><div\nclass=\"spinner-layer spinner-red\"><div\nclass=\"circle-clipper left\"><div\nclass=\"circle\"><\/div><\/div><div\nclass=\"gap-patch\"><div\nclass=\"circle\"><\/div><\/div><div\nclass=\"circle-clipper right\"><div\nclass=\"circle\"><\/div><\/div><\/div><div\nclass=\"spinner-layer spinner-yellow\"><div\nclass=\"circle-clipper left\"><div\nclass=\"circle\"><\/div><\/div><div\nclass=\"gap-patch\"><div\nclass=\"circle\"><\/div><\/div><div\nclass=\"circle-clipper right\"><div\nclass=\"circle\"><\/div><\/div><\/div><div\nclass=\"spinner-layer spinner-green\"><div\nclass=\"circle-clipper left\"><div\nclass=\"circle\"><\/div><\/div><div\nclass=\"gap-patch\"><div\nclass=\"circle\"><\/div><\/div><div\nclass=\"circle-clipper right\"><div\nclass=\"circle\"><\/div><\/div><\/div><\/div><\/div><div\nclass=\"ipt-eform-preloader-text\"><div\nclass=\"ipt-eform-preloader-text-inner ipt_uif_ajax_loader_text\">Loading<\/div><\/div><div\nclass=\"clear\"><\/div><\/div><\/div><div\nstyle=\"opacity: 0;max-width: 600px; margin: 0 auto 1em;\" class=\"ipt_uif_hidden_init ui-widget-content ui-corner-all ipt_uif_up_main_container\"><h3 class=\"eform-up-login-header ipt_uif_divider ipt_uif_align_left\">\n<span\nclass=\"ipt_uif_divider_text\">\n<i\ntitle=\"\" class=\" ipticm prefix\" data-ipt-icomoon=\"&#xe10f;\"><\/i>\n<span\nclass=\"ipt_uif_divider_text_inner\">\nG\u00f6nderilerinizi g\u00f6r\u00fcnt\u00fclemek i\u00e7in giri\u015f yapmal\u0131s\u0131n\u0131z.\t\t\t\t<\/span>\n<\/span><\/h3><form\naction=\"https:\/\/www.americanlife.com.tr\/mersin\/wp-login.php\" name=\"ipt_fsqm_up_login\" id=\"ipt_fsqm_up_login\" method=\"post\"><div\nclass=\"ipt_uif_column ipt_uif_column_full ipt_uif_conditional\"><div\nclass=\"ipt_uif_column_inner side_margin\"><div\nclass=\"ipt_uif_question ipt_uif_question_full\"><div\nclass=\"ipt_uif_question_content\"><div\nclass=\"input-field has-icon\">\n<input\nclass=\" check_me  ipt_uif_text\"\ntype=\"text\"\nname=\"log\"\nid=\"log\"\nvalue=\"\" \/>\n<i\ntitle=\"\" class=\" ipt-icomoon-user ipticm prefix\"><\/i>\n<label\nfor=\"log\">Kullan\u0131c\u0131 ad\u0131<\/label><\/div><div\nclass=\"clear-both\"><\/div><\/div><\/div><div\nclass=\"clear-both\"><\/div><\/div><\/div><div\nclass=\"ipt_uif_column ipt_uif_column_full ipt_uif_conditional\"><div\nclass=\"ipt_uif_column_inner side_margin\"><div\nclass=\"ipt_uif_question ipt_uif_question_full\"><div\nclass=\"ipt_uif_question_content\"><div\nclass=\"input-field has-icon ipt-eform-password\">\n<input\nclass=\" check_me  ipt_uif_text ipt_uif_password\"\ntype=\"password\"\nname=\"pwd\"\nid=\"pwd\"\nvalue=\"\" \/>\n<i\ntitle=\"Click to show password\" class=\" ipt-icomoon-eye ipticm prefix\"><\/i>\n<label\nfor=\"pwd\">Parola<\/label><\/div><div\nclass=\"clear-both\"><\/div><\/div><\/div><div\nclass=\"clear-both\"><\/div><\/div><\/div><div\nclass=\"ipt_uif_column ipt_uif_column_full ipt_uif_conditional\"><div\nclass=\"ipt_uif_column_inner side_margin\"><div\nclass=\"ipt_uif_label_column column_1\">\n<input\ntype=\"checkbox\"\nclass=\"check_me ipt_uif_checkbox filled-in  ipt_uif_s_checkbox\"\nname=\"rememberme\" id=\"rememberme_forever\"\nvalue=\"forever\" \/>\n<label\nclass=\"eform-label-with-tabindex\" tabindex=\"0\" for=\"rememberme_forever\" data-labelcon=\"&#xe18e;\">\nBeni hat\u0131rla\t\t\t\t<\/label><\/div><div\nclass=\"clear-both\"><\/div><div\nclass=\"clear-both\"><\/div><\/div><\/div><div\nclass=\"ipt_uif_column ipt_uif_column_full ipt_uif_conditional\"><div\nclass=\"ipt_uif_column_inner side_margin\"><div\nclass=\"align-center ipt_fsqm_form_button_container--flat ipt-eform-material-button-container\"><div\nclass=\"eform-button-container-inner\">\n<button\ntype=\"submit\" class=\"ipt_uif_button eform-material-button eform-ripple medium secondary-button\" name=\"wp-submit\" id=\"wp-submit\"><i\nclass=\"ipticm ipt-icomoon-switch\"><\/i> Login<\/button><\/div><\/div><div\nclass=\"clear-both\"><\/div><\/div><\/div>\n<input\ntype=\"hidden\" name=\"redirect_to\" value=\"https:\/\/www.americanlife.com.tr\/mersin\/wp-json\/wp\/v2\/pages\/7\" \/><\/form><div\nclass=\"clear\"><\/div><\/div><\/div>\n","protected":false},"excerpt":{"rendered":"","protected":false},"author":1,"featured_media":0,"parent":0,"menu_order":0,"comment_status":"closed","ping_status":"closed","template":"","meta":{"_joinchat":[],"footnotes":""},"class_list":["post-7","page","type-page","status-publish","hentry"],"_links":{"self":[{"href":"https:\/\/www.americanlife.com.tr\/mersin\/wp-json\/wp\/v2\/pages\/7","targetHints":{"allow":["GET"]}}],"collection":[{"href":"https:\/\/www.americanlife.com.tr\/mersin\/wp-json\/wp\/v2\/pages"}],"about":[{"href":"https:\/\/www.americanlife.com.tr\/mersin\/wp-json\/wp\/v2\/types\/page"}],"author":[{"embeddable":true,"href":"https:\/\/www.americanlife.com.tr\/mersin\/wp-json\/wp\/v2\/users\/1"}],"replies":[{"embeddable":true,"href":"https:\/\/www.americanlife.com.tr\/mersin\/wp-json\/wp\/v2\/comments?post=7"}],"version-history":[{"count":0,"href":"https:\/\/www.americanlife.com.tr\/mersin\/wp-json\/wp\/v2\/pages\/7\/revisions"}],"wp:attachment":[{"href":"https:\/\/www.americanlife.com.tr\/mersin\/wp-json\/wp\/v2\/media?parent=7"}],"curies":[{"name":"wp","href":"https:\/\/api.w.org\/{rel}","templated":true}]}}