{"id":381,"date":"2025-08-06T17:01:15","date_gmt":"2025-08-06T14:01:15","guid":{"rendered":"https:\/\/www.americanlife.com.tr\/sultanbeyli\/?page_id=381"},"modified":"2025-08-06T17:36:06","modified_gmt":"2025-08-06T14:36:06","slug":"blog","status":"publish","type":"page","link":"https:\/\/www.americanlife.com.tr\/sultanbeyli\/blog\/","title":{"rendered":"Blog"},"content":{"rendered":"<div class=\"fusion-fullwidth fullwidth-box fusion-builder-row-1 fusion-flex-container nonhundred-percent-fullwidth non-hundred-percent-height-scrolling\" style=\"--awb-border-radius-top-left:0px;--awb-border-radius-top-right:0px;--awb-border-radius-bottom-right:0px;--awb-border-radius-bottom-left:0px;--awb-flex-wrap:wrap;\" ><div class=\"fusion-builder-row fusion-row fusion-flex-align-items-flex-start fusion-flex-content-wrap\" style=\"max-width:1248px;margin-left: calc(-4% \/ 2 );margin-right: calc(-4% \/ 2 );\"><div class=\"fusion-layout-column fusion_builder_column fusion-builder-column-0 fusion_builder_column_1_1 1_1 fusion-flex-column\" style=\"--awb-bg-size:cover;--awb-width-large:100%;--awb-margin-top-large:0px;--awb-spacing-right-large:1.92%;--awb-margin-bottom-large:20px;--awb-spacing-left-large:1.92%;--awb-width-medium:100%;--awb-order-medium:0;--awb-spacing-right-medium:1.92%;--awb-spacing-left-medium:1.92%;--awb-width-small:100%;--awb-order-small:0;--awb-spacing-right-small:1.92%;--awb-spacing-left-small:1.92%;\"><div class=\"fusion-column-wrapper fusion-column-has-shadow fusion-flex-justify-content-flex-start fusion-content-layout-column\"><div class=\"fusion-blog-shortcode fusion-blog-shortcode-1 fusion-blog-archive fusion-blog-layout-medium-alternate fusion-blog-pagination\"><div class=\"fusion-posts-container fusion-posts-container-pagination\" data-pages=\"1\"><article id=\"blog-1-post-493\" class=\"fusion-post-medium-alternate post-493 post type-post status-publish format-standard has-post-thumbnail hentry category-genel\">\n<div class=\"fusion-date-and-formats\"><div class=\"fusion-date-box updated\"><span class=\"fusion-date\">7<\/span><span class=\"fusion-month-year\">11, 2025<\/span><\/div><div class=\"fusion-format-box\"><i class=\"awb-icon-pen\" aria-hidden=\"true\"><\/i><\/div><\/div>\t<style type=\"text\/css\">\n\t\t\n\t\t\n\t\t\n\t\t\n\t\t\t<\/style>\n\n\n\t\t\t<div class=\"fusion-flexslider flexslider fusion-flexslider-loading fusion-post-slideshow\" style=\"\">\n\t\t<ul class=\"slides\">\n\t\t\t\n\t\t\t\t\t\t\t\t\t\t\t\t\t\t<li><div  class=\"fusion-image-wrapper fusion-image-size-fixed\" aria-haspopup=\"true\">\n\t\t\t\t\t\t\t<a href=\"https:\/\/www.americanlife.com.tr\/sultanbeyli\/sultanbeyli-ingilizce-kursu-cocuk-grubu-sene-sonu-mezuniyeti\/\" aria-label=\"Sultanbeyli \u0130ngilizce Kursu \u00c7ocuk Grubu Sene Sonu Mezuniyeti\">\n\t\t\t\t\t\t\t<img decoding=\"async\" width=\"320\" height=\"202\" src=\"https:\/\/www.americanlife.com.tr\/sultanbeyli\/wp-content\/uploads\/sites\/29\/2021\/08\/Facebook-320x202.jpg\" class=\"attachment-blog-medium size-blog-medium lazyload wp-post-image\" alt=\"Sultanbeyli \u0130ngilizce Almanca Rus\u00e7a Yabanc\u0131 Dil Kursu\" srcset=\"data:image\/svg+xml,%3Csvg%20xmlns%3D%27http%3A%2F%2Fwww.w3.org%2F2000%2Fsvg%27%20width%3D%271200%27%20height%3D%27628%27%20viewBox%3D%270%200%201200%20628%27%3E%3Crect%20width%3D%271200%27%20height%3D%27628%27%20fill-opacity%3D%220%22%2F%3E%3C%2Fsvg%3E\" data-orig-src=\"https:\/\/www.americanlife.com.tr\/sultanbeyli\/wp-content\/uploads\/sites\/29\/2021\/08\/Facebook-320x202.jpg\" data-srcset=\"https:\/\/www.americanlife.com.tr\/sultanbeyli\/wp-content\/uploads\/sites\/29\/2021\/08\/Facebook-320x202.jpg 320w, https:\/\/www.americanlife.com.tr\/sultanbeyli\/wp-content\/uploads\/sites\/29\/2021\/08\/Facebook-700x441.jpg 700w\" data-sizes=\"auto\" \/>\t\t\t<\/a>\n\t\t\t\t\t\t\t<\/div>\n<\/li>\n\t\t\t\n\t\t\t\n\t\t\t\t\t\t\t\t\t\t\t\t\t\t\t\t\t\t\t\t\t\t\t\t\t\t\t\t\t\t\t\t\t\t\t\t\t\t\t\t\t\t\t\t\t\t\t\t\t\t\t\t\t\t\t\t\t\t\t\t\t\t\t\t\t\t\t\t\t\t\t\t\t\t\t\t\t\t\t\t\t\t\t\t\t\t\t\t\t\t\t\t\t\t\t\t\t\t\t\t\t\t\t\t\t\t\t\t\t\t\t\t\t<\/ul>\n\t<\/div>\n\t<div class=\"fusion-post-content post-content\"><h2 class=\"blog-shortcode-post-title entry-title\"><a href=\"https:\/\/www.americanlife.com.tr\/sultanbeyli\/sultanbeyli-ingilizce-kursu-cocuk-grubu-sene-sonu-mezuniyeti\/\">Sultanbeyli \u0130ngilizce Kursu \u00c7ocuk Grubu Sene Sonu Mezuniyeti<\/a><\/h2><p class=\"fusion-single-line-meta\"><span class=\"vcard\"><span class=\"fn\"><a href=\"https:\/\/www.americanlife.com.tr\/sultanbeyli\/author\/americanlife\/\" title=\"American LIFE E\u011fitim Departman\u0131 taraf\u0131ndan yaz\u0131lan yaz\u0131lar\" rel=\"author\">American LIFE E\u011fitim Departman\u0131<\/a><\/span><\/span> taraf\u0131ndan.<span class=\"fusion-inline-sep\">|<\/span><span class=\"updated\" style=\"display:none;\">2025-11-07T13:42:24+03:00<\/span><span>7 Kas\u0131m 2025<\/span><span class=\"fusion-inline-sep\">|<\/span><a href=\"https:\/\/www.americanlife.com.tr\/sultanbeyli\/kategori\/genel\/\" rel=\"category tag\">Genel<\/a><span class=\"fusion-inline-sep\">|<\/span><span class=\"fusion-comments\"><a href=\"https:\/\/www.americanlife.com.tr\/sultanbeyli\/sultanbeyli-ingilizce-kursu-cocuk-grubu-sene-sonu-mezuniyeti\/#respond\">0 Yorum<\/a><\/span><\/p><div class=\"fusion-post-content-container\"><p> American Life Sultanbeyli \u0130ngilizce kursu olarak 2024-2025 e\u011fitim y\u0131l\u0131n\u0131 b\u00fcy\u00fck bir gurur ve mutlulukla tamamlad\u0131k. \u00c7ocuk gruplar\u0131m\u0131z i\u00e7in d\u00fczenledi\u011fimiz sene sonu mezuniyet t\u00f6reni, \u00f6\u011frencilerimizin bir y\u0131l boyunca g\u00f6sterdi\u011fi azmin, eme\u011fin ve ba\u015far\u0131n\u0131n kutland\u0131\u011f\u0131 unutulmaz bir etkinlik oldu. \u00c7ocuklar \u0130\u00e7in \u0130ngilizce \u00d6\u011frenmede Bir Y\u0131l\u0131n Ard\u0131ndan Sultanbeyli \u0130ngilizce kursu \u00e7ocuk gruplar\u0131m\u0131z, y\u0131l boyunca \u0130ngilizceyi sadece s\u0131n\u0131fta de\u011fil, e\u011flenceli aktivitelerle g\u00fcnl\u00fck hayatta<a href=\"https:\/\/www.americanlife.com.tr\/sultanbeyli\/sultanbeyli-ingilizce-kursu-cocuk-grubu-sene-sonu-mezuniyeti\/\">...<\/a><\/p><\/div><\/div><div class=\"fusion-clearfix\"><\/div><\/article>\n<article id=\"blog-1-post-482\" class=\"fusion-post-medium-alternate post-482 post type-post status-publish format-standard has-post-thumbnail hentry category-genel\">\n<div class=\"fusion-date-and-formats\"><div class=\"fusion-date-box updated\"><span class=\"fusion-date\">7<\/span><span class=\"fusion-month-year\">11, 2025<\/span><\/div><div class=\"fusion-format-box\"><i class=\"awb-icon-pen\" aria-hidden=\"true\"><\/i><\/div><\/div>\t<style type=\"text\/css\">\n\t\t\n\t\t\n\t\t\n\t\t\n\t\t\t<\/style>\n\n\n\t\t\t<div class=\"fusion-flexslider flexslider fusion-flexslider-loading fusion-post-slideshow\" style=\"\">\n\t\t<ul class=\"slides\">\n\t\t\t\n\t\t\t\t\t\t\t\t\t\t\t\t\t\t<li><div  class=\"fusion-image-wrapper fusion-image-size-fixed\" aria-haspopup=\"true\">\n\t\t\t\t\t\t\t<a href=\"https:\/\/www.americanlife.com.tr\/sultanbeyli\/sultanbeyli-kis-okulunda-renkli-ve-eglenceli-crazy-hat-day-etkinligi\/\" aria-label=\"Sultanbeyli K\u0131\u015f Okulu\u2019nda Renkli ve E\u011flenceli Crazy Hat Day Etkinli\u011fi\">\n\t\t\t\t\t\t\t<img decoding=\"async\" width=\"320\" height=\"202\" src=\"https:\/\/www.americanlife.com.tr\/sultanbeyli\/wp-content\/uploads\/sites\/29\/2021\/08\/Facebook-320x202.jpg\" class=\"attachment-blog-medium size-blog-medium lazyload wp-post-image\" alt=\"Sultanbeyli \u0130ngilizce Almanca Rus\u00e7a Yabanc\u0131 Dil Kursu\" srcset=\"data:image\/svg+xml,%3Csvg%20xmlns%3D%27http%3A%2F%2Fwww.w3.org%2F2000%2Fsvg%27%20width%3D%271200%27%20height%3D%27628%27%20viewBox%3D%270%200%201200%20628%27%3E%3Crect%20width%3D%271200%27%20height%3D%27628%27%20fill-opacity%3D%220%22%2F%3E%3C%2Fsvg%3E\" data-orig-src=\"https:\/\/www.americanlife.com.tr\/sultanbeyli\/wp-content\/uploads\/sites\/29\/2021\/08\/Facebook-320x202.jpg\" data-srcset=\"https:\/\/www.americanlife.com.tr\/sultanbeyli\/wp-content\/uploads\/sites\/29\/2021\/08\/Facebook-320x202.jpg 320w, https:\/\/www.americanlife.com.tr\/sultanbeyli\/wp-content\/uploads\/sites\/29\/2021\/08\/Facebook-700x441.jpg 700w\" data-sizes=\"auto\" \/>\t\t\t<\/a>\n\t\t\t\t\t\t\t<\/div>\n<\/li>\n\t\t\t\n\t\t\t\n\t\t\t\t\t\t\t\t\t\t\t\t\t\t\t\t\t\t\t\t\t\t\t\t\t\t\t\t\t\t\t\t\t\t\t\t\t\t\t\t\t\t\t\t\t\t\t\t\t\t\t\t\t\t\t\t\t\t\t\t\t\t\t\t\t\t\t\t\t\t\t\t\t\t\t\t\t\t\t\t\t\t\t\t\t\t\t\t\t\t\t\t\t\t\t\t\t\t\t\t\t\t\t\t\t\t\t\t\t\t\t\t\t<\/ul>\n\t<\/div>\n\t<div class=\"fusion-post-content post-content\"><h2 class=\"blog-shortcode-post-title entry-title\"><a href=\"https:\/\/www.americanlife.com.tr\/sultanbeyli\/sultanbeyli-kis-okulunda-renkli-ve-eglenceli-crazy-hat-day-etkinligi\/\">Sultanbeyli K\u0131\u015f Okulu\u2019nda Renkli ve E\u011flenceli Crazy Hat Day Etkinli\u011fi<\/a><\/h2><p class=\"fusion-single-line-meta\"><span class=\"vcard\"><span class=\"fn\"><a href=\"https:\/\/www.americanlife.com.tr\/sultanbeyli\/author\/americanlife\/\" title=\"American LIFE E\u011fitim Departman\u0131 taraf\u0131ndan yaz\u0131lan yaz\u0131lar\" rel=\"author\">American LIFE E\u011fitim Departman\u0131<\/a><\/span><\/span> taraf\u0131ndan.<span class=\"fusion-inline-sep\">|<\/span><span class=\"updated\" style=\"display:none;\">2025-11-07T13:26:32+03:00<\/span><span>7 Kas\u0131m 2025<\/span><span class=\"fusion-inline-sep\">|<\/span><a href=\"https:\/\/www.americanlife.com.tr\/sultanbeyli\/kategori\/genel\/\" rel=\"category tag\">Genel<\/a><span class=\"fusion-inline-sep\">|<\/span><span class=\"fusion-comments\"><a href=\"https:\/\/www.americanlife.com.tr\/sultanbeyli\/sultanbeyli-kis-okulunda-renkli-ve-eglenceli-crazy-hat-day-etkinligi\/#respond\">0 Yorum<\/a><\/span><\/p><div class=\"fusion-post-content-container\"><p> American Life Sultanbeyli Dil Okulu olarak \u00f6\u011frencilerimizin yaln\u0131zca s\u0131n\u0131f ortam\u0131nda \u0130ngilizce \u00f6\u011frenmelerini de\u011fil, ayn\u0131 zamanda e\u011flenceli aktivitelerle \u00fcretkenliklerini geli\u015ftirmelerini de \u00f6nemsiyoruz. \u0130ngilizce K\u0131\u015f Okulu program\u0131m\u0131z boyunca \u00e7ocuklar\u0131m\u0131z bol bol etkinliklerle hem e\u011fleniyor hem de \u00f6\u011frendiklerini g\u00fcnl\u00fck hayata ta\u015f\u0131ma f\u0131rsat\u0131 buluyorlar. Bu kapsamda d\u00fczenledi\u011fimiz Crazy Hat Day etkinli\u011fi, \u00f6\u011frencilerimiz i\u00e7in hem yarat\u0131c\u0131l\u0131klar\u0131n\u0131 sergiledikleri hem de unutulmaz bir g\u00fcn ya\u015fad\u0131klar\u0131 \u00f6zel<a href=\"https:\/\/www.americanlife.com.tr\/sultanbeyli\/sultanbeyli-kis-okulunda-renkli-ve-eglenceli-crazy-hat-day-etkinligi\/\">...<\/a><\/p><\/div><\/div><div class=\"fusion-clearfix\"><\/div><\/article>\n<article id=\"blog-1-post-385\" class=\"fusion-post-medium-alternate post-385 post type-post status-publish format-standard has-post-thumbnail hentry category-genel\">\n<div class=\"fusion-date-and-formats\"><div class=\"fusion-date-box updated\"><span class=\"fusion-date\">6<\/span><span class=\"fusion-month-year\">08, 2025<\/span><\/div><div class=\"fusion-format-box\"><i class=\"awb-icon-pen\" aria-hidden=\"true\"><\/i><\/div><\/div>\t<style type=\"text\/css\">\n\t\t\n\t\t\n\t\t\n\t\t\n\t\t\t<\/style>\n\n\n\t\t\t<div class=\"fusion-flexslider flexslider fusion-flexslider-loading fusion-post-slideshow\" style=\"\">\n\t\t<ul class=\"slides\">\n\t\t\t\n\t\t\t\t\t\t\t\t\t\t\t\t\t\t<li><div  class=\"fusion-image-wrapper fusion-image-size-fixed\" aria-haspopup=\"true\">\n\t\t\t\t\t\t\t<a href=\"https:\/\/www.americanlife.com.tr\/sultanbeyli\/meslekleri-kesfettik-gelecege-dokunduk\/\" aria-label=\"Meslekleri Ke\u015ffettik, Gelece\u011fe Dokunduk!\">\n\t\t\t\t\t\t\t<img decoding=\"async\" width=\"320\" height=\"202\" src=\"https:\/\/www.americanlife.com.tr\/sultanbeyli\/wp-content\/uploads\/sites\/29\/2025\/08\/kidzania-320x202.jpg\" class=\"attachment-blog-medium size-blog-medium lazyload wp-post-image\" alt=\"Meslekleri Ke\u015ffettik\" srcset=\"data:image\/svg+xml,%3Csvg%20xmlns%3D%27http%3A%2F%2Fwww.w3.org%2F2000%2Fsvg%27%20width%3D%271200%27%20height%3D%27630%27%20viewBox%3D%270%200%201200%20630%27%3E%3Crect%20width%3D%271200%27%20height%3D%27630%27%20fill-opacity%3D%220%22%2F%3E%3C%2Fsvg%3E\" data-orig-src=\"https:\/\/www.americanlife.com.tr\/sultanbeyli\/wp-content\/uploads\/sites\/29\/2025\/08\/kidzania-320x202.jpg\" data-srcset=\"https:\/\/www.americanlife.com.tr\/sultanbeyli\/wp-content\/uploads\/sites\/29\/2025\/08\/kidzania-320x202.jpg 320w, https:\/\/www.americanlife.com.tr\/sultanbeyli\/wp-content\/uploads\/sites\/29\/2025\/08\/kidzania-700x441.jpg 700w\" data-sizes=\"auto\" \/>\t\t\t<\/a>\n\t\t\t\t\t\t\t<\/div>\n<\/li>\n\t\t\t\n\t\t\t\n\t\t\t\t\t\t\t\t\t\t\t\t\t\t\t\t\t\t\t\t\t\t\t\t\t\t\t\t\t\t\t\t\t\t\t\t\t\t\t\t\t\t\t\t\t\t\t\t\t\t\t\t\t\t\t\t\t\t\t\t\t\t\t\t\t\t\t\t\t\t\t\t\t\t\t\t\t\t\t\t\t\t\t\t\t\t\t\t\t\t\t\t\t\t\t\t\t\t\t\t\t\t\t\t\t\t\t\t\t\t\t\t\t<\/ul>\n\t<\/div>\n\t<div class=\"fusion-post-content post-content\"><h2 class=\"blog-shortcode-post-title entry-title\"><a href=\"https:\/\/www.americanlife.com.tr\/sultanbeyli\/meslekleri-kesfettik-gelecege-dokunduk\/\">Meslekleri Ke\u015ffettik, Gelece\u011fe Dokunduk!<\/a><\/h2><p class=\"fusion-single-line-meta\"><span class=\"vcard\"><span class=\"fn\"><a href=\"https:\/\/www.americanlife.com.tr\/sultanbeyli\/author\/americanlife\/\" title=\"American LIFE E\u011fitim Departman\u0131 taraf\u0131ndan yaz\u0131lan yaz\u0131lar\" rel=\"author\">American LIFE E\u011fitim Departman\u0131<\/a><\/span><\/span> taraf\u0131ndan.<span class=\"fusion-inline-sep\">|<\/span><span class=\"updated\" style=\"display:none;\">2025-08-06T17:44:39+03:00<\/span><span>6 A\u011fustos 2025<\/span><span class=\"fusion-inline-sep\">|<\/span><a href=\"https:\/\/www.americanlife.com.tr\/sultanbeyli\/kategori\/genel\/\" rel=\"category tag\">Genel<\/a><span class=\"fusion-inline-sep\">|<\/span><span class=\"fusion-comments\"><a href=\"https:\/\/www.americanlife.com.tr\/sultanbeyli\/meslekleri-kesfettik-gelecege-dokunduk\/#respond\">0 Yorum<\/a><\/span><\/p><div class=\"fusion-post-content-container\"><p> Meslekleri Ke\u015ffettik, Gelece\u011fe Dokunduk! American Life Sultanbeyli yaz okulu \u00f6\u011frencileriyle bu hafta meslekleri yak\u0131ndan tan\u0131maya odakland\u0131k. \u00d6\u011frencilerimizin hem \u0130ngilizce prati\u011fi yapmalar\u0131n\u0131 hem de gelecekteki mesleklere dair fark\u0131ndal\u0131k kazanmalar\u0131n\u0131 ama\u00e7lad\u0131\u011f\u0131m\u0131z bu \u00f6zel haftay\u0131, KidZania gezisiyle ta\u00e7land\u0131rd\u0131k. KidZania\u2019da Ger\u00e7ek Hayat Deneyimi Minik \u00f6\u011frencilerimiz; doktorluk, pilotluk, a\u015f\u00e7\u0131l\u0131k, polislik ve daha bir\u00e7ok mesle\u011fi deneyimledikleri KidZania ziyaretinde, ger\u00e7ek hayata dair roller \u00fcstlenerek hem e\u011flendiler<a href=\"https:\/\/www.americanlife.com.tr\/sultanbeyli\/meslekleri-kesfettik-gelecege-dokunduk\/\">...<\/a><\/p><\/div><\/div><div class=\"fusion-clearfix\"><\/div><\/article>\n<article id=\"blog-1-post-334\" class=\"fusion-post-medium-alternate post-334 post type-post status-publish format-standard has-post-thumbnail hentry category-genel\">\n<div class=\"fusion-date-and-formats\"><div class=\"fusion-date-box updated\"><span class=\"fusion-date\">6<\/span><span class=\"fusion-month-year\">08, 2025<\/span><\/div><div class=\"fusion-format-box\"><i class=\"awb-icon-pen\" aria-hidden=\"true\"><\/i><\/div><\/div>\t<style type=\"text\/css\">\n\t\t\n\t\t\n\t\t\n\t\t\n\t\t\t<\/style>\n\n\n\t\t\t<div class=\"fusion-flexslider flexslider fusion-flexslider-loading fusion-post-slideshow\" style=\"\">\n\t\t<ul class=\"slides\">\n\t\t\t\n\t\t\t\t\t\t\t\t\t\t\t\t\t\t<li><div  class=\"fusion-image-wrapper fusion-image-size-fixed\" aria-haspopup=\"true\">\n\t\t\t\t\t\t\t<a href=\"https:\/\/www.americanlife.com.tr\/sultanbeyli\/yaz-okulu-american-life-sultanbeylide-sadece-siniflarda-degil\/\" aria-label=\"Yaz Okulu American Life Sultanbeyli&#8217;de Sadece S\u0131n\u0131flarda De\u011fil!\">\n\t\t\t\t\t\t\t<img decoding=\"async\" width=\"320\" height=\"202\" src=\"https:\/\/www.americanlife.com.tr\/sultanbeyli\/wp-content\/uploads\/sites\/29\/2025\/08\/yaz-okulu-at-binme-320x202.jpg\" class=\"attachment-blog-medium size-blog-medium lazyload wp-post-image\" alt=\"Yaz Okulu\" srcset=\"data:image\/svg+xml,%3Csvg%20xmlns%3D%27http%3A%2F%2Fwww.w3.org%2F2000%2Fsvg%27%20width%3D%271200%27%20height%3D%27630%27%20viewBox%3D%270%200%201200%20630%27%3E%3Crect%20width%3D%271200%27%20height%3D%27630%27%20fill-opacity%3D%220%22%2F%3E%3C%2Fsvg%3E\" data-orig-src=\"https:\/\/www.americanlife.com.tr\/sultanbeyli\/wp-content\/uploads\/sites\/29\/2025\/08\/yaz-okulu-at-binme-320x202.jpg\" data-srcset=\"https:\/\/www.americanlife.com.tr\/sultanbeyli\/wp-content\/uploads\/sites\/29\/2025\/08\/yaz-okulu-at-binme-320x202.jpg 320w, https:\/\/www.americanlife.com.tr\/sultanbeyli\/wp-content\/uploads\/sites\/29\/2025\/08\/yaz-okulu-at-binme-700x441.jpg 700w\" data-sizes=\"auto\" \/>\t\t\t<\/a>\n\t\t\t\t\t\t\t<\/div>\n<\/li>\n\t\t\t\n\t\t\t\n\t\t\t\t\t\t\t\t\t\t\t\t\t\t\t\t\t\t\t\t\t\t\t\t\t\t\t\t\t\t\t\t\t\t\t\t\t\t\t\t\t\t\t\t\t\t\t\t\t\t\t\t\t\t\t\t\t\t\t\t\t\t\t\t\t\t\t\t\t\t\t\t\t\t\t\t\t\t\t\t\t\t\t\t\t\t\t\t\t\t\t\t\t\t\t\t\t\t\t\t\t\t\t\t\t\t\t\t\t\t\t\t\t<\/ul>\n\t<\/div>\n\t<div class=\"fusion-post-content post-content\"><h2 class=\"blog-shortcode-post-title entry-title\"><a href=\"https:\/\/www.americanlife.com.tr\/sultanbeyli\/yaz-okulu-american-life-sultanbeylide-sadece-siniflarda-degil\/\">Yaz Okulu American Life Sultanbeyli&#8217;de Sadece S\u0131n\u0131flarda De\u011fil!<\/a><\/h2><p class=\"fusion-single-line-meta\"><span class=\"vcard\"><span class=\"fn\"><a href=\"https:\/\/www.americanlife.com.tr\/sultanbeyli\/author\/americanlife\/\" title=\"American LIFE E\u011fitim Departman\u0131 taraf\u0131ndan yaz\u0131lan yaz\u0131lar\" rel=\"author\">American LIFE E\u011fitim Departman\u0131<\/a><\/span><\/span> taraf\u0131ndan.<span class=\"fusion-inline-sep\">|<\/span><span class=\"updated\" style=\"display:none;\">2025-08-06T16:59:11+03:00<\/span><span>6 A\u011fustos 2025<\/span><span class=\"fusion-inline-sep\">|<\/span><a href=\"https:\/\/www.americanlife.com.tr\/sultanbeyli\/kategori\/genel\/\" rel=\"category tag\">Genel<\/a><span class=\"fusion-inline-sep\">|<\/span><span class=\"fusion-comments\"><a href=\"https:\/\/www.americanlife.com.tr\/sultanbeyli\/yaz-okulu-american-life-sultanbeylide-sadece-siniflarda-degil\/#respond\">0 Yorum<\/a><\/span><\/p><div class=\"fusion-post-content-container\"><p> Yaz Okulu American Life Sultanbeyli'de Sadece S\u0131n\u0131flarda De\u011fil! American Life Sultanbeyli \u015fubesi olarak yaz okulu programlar\u0131m\u0131z\u0131 hem akademik ba\u015far\u0131y\u0131 destekleyecek \u015fekilde hem de sosyal ve duygusal geli\u015fimi \u00f6n planda tutarak planl\u0131yoruz. Her hafta ger\u00e7ekle\u015ftirdi\u011fimiz \u00f6zel etkinliklerle, \u00e7ocuklar\u0131m\u0131z\u0131 \u00f6\u011frenmenin s\u0131n\u0131rlar\u0131n\u0131 geni\u015fletmeye te\u015fvik ediyoruz. At Binme Etkinli\u011fiyle Do\u011fayla Bulu\u015ftuk \ud83c\udf3f\ud83d\udc34 Bu haftaki sosyal etkinli\u011fimizde \u00f6\u011frencilerimizi at binme deneyimiyle bulu\u015fturduk. Do\u011fayla i\u00e7<a href=\"https:\/\/www.americanlife.com.tr\/sultanbeyli\/yaz-okulu-american-life-sultanbeylide-sadece-siniflarda-degil\/\">...<\/a><\/p><\/div><\/div><div class=\"fusion-clearfix\"><\/div><\/article>\n<\/div><\/div><\/div><\/div><\/div><\/div>\n","protected":false},"excerpt":{"rendered":"","protected":false},"author":1,"featured_media":0,"parent":0,"menu_order":0,"comment_status":"closed","ping_status":"closed","template":"","meta":{"_joinchat":[],"footnotes":""},"class_list":["post-381","page","type-page","status-publish","hentry"],"_links":{"self":[{"href":"https:\/\/www.americanlife.com.tr\/sultanbeyli\/wp-json\/wp\/v2\/pages\/381","targetHints":{"allow":["GET"]}}],"collection":[{"href":"https:\/\/www.americanlife.com.tr\/sultanbeyli\/wp-json\/wp\/v2\/pages"}],"about":[{"href":"https:\/\/www.americanlife.com.tr\/sultanbeyli\/wp-json\/wp\/v2\/types\/page"}],"author":[{"embeddable":true,"href":"https:\/\/www.americanlife.com.tr\/sultanbeyli\/wp-json\/wp\/v2\/users\/1"}],"replies":[{"embeddable":true,"href":"https:\/\/www.americanlife.com.tr\/sultanbeyli\/wp-json\/wp\/v2\/comments?post=381"}],"version-history":[{"count":0,"href":"https:\/\/www.americanlife.com.tr\/sultanbeyli\/wp-json\/wp\/v2\/pages\/381\/revisions"}],"wp:attachment":[{"href":"https:\/\/www.americanlife.com.tr\/sultanbeyli\/wp-json\/wp\/v2\/media?parent=381"}],"curies":[{"name":"wp","href":"https:\/\/api.w.org\/{rel}","templated":true}]}}