{"id":340,"date":"2022-08-24T18:55:31","date_gmt":"2022-08-24T15:55:31","guid":{"rendered":"https:\/\/www.americanlife.com.tr\/cocuk-izmit\/?page_id=340"},"modified":"2024-09-27T16:57:24","modified_gmt":"2024-09-27T13:57:24","slug":"coklu-zeka-testi","status":"publish","type":"page","link":"https:\/\/www.americanlife.com.tr\/teenglish-izmit\/coklu-zeka-testi\/","title":{"rendered":"\u00c7oklu Zeka Testi"},"content":{"rendered":"<div class=\"fusion-fullwidth fullwidth-box fusion-builder-row-1 fusion-flex-container has-pattern-background has-mask-background nonhundred-percent-fullwidth non-hundred-percent-height-scrolling\" style=\"--awb-border-radius-top-left:0px;--awb-border-radius-top-right:0px;--awb-border-radius-bottom-right:0px;--awb-border-radius-bottom-left:0px;--awb-flex-wrap:wrap;\" ><div class=\"fusion-builder-row fusion-row fusion-flex-align-items-flex-start fusion-flex-content-wrap\" style=\"max-width:1248px;margin-left: calc(-4% \/ 2 );margin-right: calc(-4% \/ 2 );\"><div class=\"fusion-layout-column fusion_builder_column fusion-builder-column-0 fusion_builder_column_1_1 1_1 fusion-flex-column\" style=\"--awb-bg-size:cover;--awb-width-large:100%;--awb-margin-top-large:0px;--awb-spacing-right-large:1.92%;--awb-margin-bottom-large:20px;--awb-spacing-left-large:1.92%;--awb-width-medium:100%;--awb-order-medium:0;--awb-spacing-right-medium:1.92%;--awb-spacing-left-medium:1.92%;--awb-width-small:100%;--awb-order-small:0;--awb-spacing-right-small:1.92%;--awb-spacing-left-small:1.92%;\"><div class=\"fusion-column-wrapper fusion-column-has-shadow fusion-flex-justify-content-flex-start fusion-content-layout-column\"><div class=\"fusion-title title fusion-title-1 fusion-sep-none fusion-title-center fusion-title-text fusion-title-size-one\" style=\"--awb-margin-top-small:0px;--awb-margin-bottom-small:20px;--awb-font-size:32px;\"><h1 class=\"fusion-title-heading title-heading-center fusion-responsive-typography-calculated\" style=\"margin:0;font-size:1em;--fontSize:32;line-height:1.16;\"><strong>\u00c7ocuklar \u0130\u00e7in \u00c7oklu Zeka Testi<\/strong><\/h1><\/div><div class=\"fusion-text fusion-text-1\" style=\"--awb-content-alignment:center;\"><p>\u00c7oklu Zeka Kuram\u0131, zekay\u0131 tek ve bask\u0131n bir yetenek olarak g\u00f6rmektense, onun \u00e7e\u015fitli ve \u00f6zel boyutlardan olu\u015ftu\u011funu \u00f6neren bir modeldir.<br \/>\n(1983, Howard Gardner)<\/p>\n<p>\u00c7ocuklar\u0131m\u0131z\u0131, yapmaktan ho\u015fland\u0131\u011f\u0131 ve ba\u015far\u0131 g\u00f6sterdi\u011fi alanlarda desteklemenin daha mutlu bireyler yeti\u015ftirece\u011fine inan\u0131yoruz.<\/p>\n<\/div><div style=\"text-align:center;\"><a class=\"fusion-button button-3d button-large button-default fusion-button-default button-1 fusion-button-default-span \" style=\"--awb-margin-top:60px;--awb-margin-bottom:40px;\" target=\"_self\" href=\"https:\/\/www.americanlife.com.tr\/cocuk-izmit\/ingilizce-seviye-tespit-sinavi\/\"><span class=\"fusion-button-text awb-button__text awb-button__text--default\">\u0130NG\u0130L\u0130ZCE SEV\u0130YE TESP\u0130T SINAVINA KATILIN<\/span><\/a><\/div><\/div><\/div><\/div><\/div>\n","protected":false},"excerpt":{"rendered":"","protected":false},"author":1,"featured_media":341,"parent":0,"menu_order":0,"comment_status":"closed","ping_status":"closed","template":"","meta":{"_joinchat":[],"footnotes":""},"class_list":["post-340","page","type-page","status-publish","has-post-thumbnail","hentry"],"_links":{"self":[{"href":"https:\/\/www.americanlife.com.tr\/teenglish-izmit\/wp-json\/wp\/v2\/pages\/340","targetHints":{"allow":["GET"]}}],"collection":[{"href":"https:\/\/www.americanlife.com.tr\/teenglish-izmit\/wp-json\/wp\/v2\/pages"}],"about":[{"href":"https:\/\/www.americanlife.com.tr\/teenglish-izmit\/wp-json\/wp\/v2\/types\/page"}],"author":[{"embeddable":true,"href":"https:\/\/www.americanlife.com.tr\/teenglish-izmit\/wp-json\/wp\/v2\/users\/1"}],"replies":[{"embeddable":true,"href":"https:\/\/www.americanlife.com.tr\/teenglish-izmit\/wp-json\/wp\/v2\/comments?post=340"}],"version-history":[{"count":1,"href":"https:\/\/www.americanlife.com.tr\/teenglish-izmit\/wp-json\/wp\/v2\/pages\/340\/revisions"}],"predecessor-version":[{"id":631,"href":"https:\/\/www.americanlife.com.tr\/teenglish-izmit\/wp-json\/wp\/v2\/pages\/340\/revisions\/631"}],"wp:featuredmedia":[{"embeddable":true,"href":"https:\/\/www.americanlife.com.tr\/teenglish-izmit\/wp-json\/wp\/v2\/media\/341"}],"wp:attachment":[{"href":"https:\/\/www.americanlife.com.tr\/teenglish-izmit\/wp-json\/wp\/v2\/media?parent=340"}],"curies":[{"name":"wp","href":"https:\/\/api.w.org\/{rel}","templated":true}]}}