{"id":207,"date":"2024-08-01T13:33:05","date_gmt":"2024-08-01T10:33:05","guid":{"rendered":"https:\/\/www.americanlife.com.tr\/umraniye\/?page_id=207"},"modified":"2026-04-15T09:17:46","modified_gmt":"2026-04-15T06:17:46","slug":"cocuklar-icin-ispanyolca","status":"publish","type":"page","link":"https:\/\/www.americanlife.com.tr\/umraniye\/kampanya\/cocuklar-icin-ispanyolca\/","title":{"rendered":"\u00c7ocuklar \u0130\u00e7in \u0130spanyolca Yaz Okulu"},"content":{"rendered":"<p><div class=\"fusion-fullwidth fullwidth-box fusion-builder-row-1 fusion-flex-container nonhundred-percent-fullwidth non-hundred-percent-height-scrolling\" style=\"--awb-border-radius-top-left:0px;--awb-border-radius-top-right:0px;--awb-border-radius-bottom-right:0px;--awb-border-radius-bottom-left:0px;--awb-padding-top:0px;--awb-padding-bottom:26px;--awb-padding-top-medium:60px;--awb-padding-right-medium:14px;--awb-padding-left-medium:22px;--awb-padding-top-small:3px;--awb-padding-bottom-small:40px;--awb-margin-top:0px;--awb-margin-bottom:0px;--awb-flex-wrap:wrap;\" ><div class=\"fusion-builder-row fusion-row fusion-flex-align-items-flex-start fusion-flex-content-wrap\" style=\"max-width:1248px;margin-left: calc(-4% \/ 2 );margin-right: calc(-4% \/ 2 );\"><div class=\"fusion-layout-column fusion_builder_column fusion-builder-column-0 fusion_builder_column_1_1 1_1 fusion-flex-column\" style=\"--awb-padding-right:140px;--awb-padding-left:140px;--awb-padding-right-medium:120px;--awb-padding-bottom-medium:60px;--awb-padding-left-medium:120px;--awb-padding-right-small:0px;--awb-padding-bottom-small:0px;--awb-padding-left-small:0px;--awb-bg-size:cover;--awb-width-large:100%;--awb-margin-top-large:0px;--awb-spacing-right-large:1.92%;--awb-margin-bottom-large:14px;--awb-spacing-left-large:1.92%;--awb-width-medium:100%;--awb-order-medium:0;--awb-spacing-right-medium:1.92%;--awb-spacing-left-medium:1.92%;--awb-width-small:100%;--awb-order-small:0;--awb-spacing-right-small:1.92%;--awb-margin-bottom-small:1px;--awb-spacing-left-small:1.92%;\"><div class=\"fusion-column-wrapper fusion-column-has-shadow fusion-flex-justify-content-flex-start fusion-content-layout-column\"><div class=\"fusion-text fusion-text-1\" style=\"--awb-content-alignment:center;--awb-font-size:26px;--awb-line-height:var(--awb-typography2-line-height);--awb-letter-spacing:var(--awb-typography2-letter-spacing);--awb-text-transform:var(--awb-typography2-text-transform);--awb-text-color:var(--awb-color6);--awb-margin-top:60px;--awb-text-font-family:&quot;Exo&quot;;--awb-text-font-style:normal;--awb-text-font-weight:600;\"><p>American <span style=\"color: #ce2442;\"><em><strong>LIFE<\/strong> <\/em><\/span>\u00dcmraniye \u0130spanyolca Yaz Okulu<\/p>\n<\/div><div class=\"fusion-text fusion-text-2\" style=\"--awb-content-alignment:center;--awb-text-color:var(--awb-color5);\"><p>\u015eimdi Kay\u0131t Ol Her Aya \u00d6zel \u0130ndirim F\u0131rsat\u0131n\u0131 Ka\u00e7\u0131rmay\u0131n.<\/p>\n<p>American LIFE Dil Okullar\u0131\u2019n\u0131n \u00e7ocuklar i\u00e7in \u00f6zel olarak haz\u0131rlad\u0131\u011f\u0131 \u0130spanyolca yaz okulu programlar\u0131, e\u011flenceli aktivitelerle dolu bir \u00f6\u011frenme deneyimi sunuyor. Erken kay\u0131t avantajlar\u0131yla \u00e7ocu\u011funuzun \u0130ngilizcesini geli\u015ftirin!<\/p>\n<\/div><\/div><\/div><\/div><\/div><div class=\"fusion-fullwidth fullwidth-box fusion-builder-row-2 fusion-flex-container has-pattern-background has-mask-background nonhundred-percent-fullwidth non-hundred-percent-height-scrolling\" style=\"--awb-border-radius-top-left:0px;--awb-border-radius-top-right:0px;--awb-border-radius-bottom-right:0px;--awb-border-radius-bottom-left:0px;--awb-padding-bottom:0px;--awb-margin-bottom:0px;--awb-background-color:var(--awb-color6);--awb-flex-wrap:wrap;\" ><div class=\"fusion-builder-row fusion-row fusion-flex-align-items-flex-start fusion-flex-justify-content-flex-end fusion-flex-content-wrap\" style=\"max-width:1248px;margin-left: calc(-4% \/ 2 );margin-right: calc(-4% \/ 2 );\"><div class=\"fusion-layout-column fusion_builder_column fusion-builder-column-1 fusion_builder_column_1_1 1_1 fusion-flex-column\" style=\"--awb-padding-right:29px;--awb-padding-left:26px;--awb-padding-top-small:16px;--awb-padding-right-small:21px;--awb-padding-left-small:21px;--awb-overflow:hidden;--awb-bg-color:var(--awb-color1);--awb-bg-color-hover:var(--awb-color1);--awb-bg-size:cover;--awb-box-shadow:0px 0px 23px 0px hsla(var(--awb-color8-h),var(--awb-color8-s),calc( var(--awb-color8-l) - 1% ),calc( var(--awb-color8-a) - 78% ));;--awb-border-radius:16px 16px 16px 16px;--awb-width-large:100%;--awb-margin-top-large:-40px;--awb-spacing-right-large:1.92%;--awb-margin-bottom-large:40px;--awb-spacing-left-large:1.92%;--awb-width-medium:100%;--awb-order-medium:0;--awb-spacing-right-medium:1.92%;--awb-spacing-left-medium:1.92%;--awb-width-small:100%;--awb-order-small:0;--awb-spacing-right-small:1.92%;--awb-spacing-left-small:1.92%;\" data-scroll-devices=\"small-visibility,medium-visibility,large-visibility\"><div class=\"fusion-column-wrapper fusion-column-has-shadow fusion-flex-justify-content-flex-start fusion-content-layout-column\"><div class=\"fusion-builder-row fusion-builder-row-inner fusion-row fusion-flex-align-items-flex-start fusion-flex-justify-content-flex-end fusion-flex-content-wrap\" style=\"--awb-flex-grow:0;--awb-flex-grow-medium:0;--awb-flex-grow-small:0;--awb-flex-shrink:0;--awb-flex-shrink-medium:0;--awb-flex-shrink-small:0;width:104% !important;max-width:104% !important;margin-left: calc(-4% \/ 2 );margin-right: calc(-4% \/ 2 );\"><div class=\"fusion-layout-column fusion_builder_column_inner fusion-builder-nested-column-0 fusion_builder_column_inner_1_2 1_2 fusion-flex-column fusion-animated\" style=\"--awb-padding-right:25px;--awb-bg-size:cover;--awb-width-large:50%;--awb-margin-top-large:0px;--awb-spacing-right-large:3.84%;--awb-margin-bottom-large:20px;--awb-spacing-left-large:3.84%;--awb-width-medium:100%;--awb-order-medium:0;--awb-spacing-right-medium:1.92%;--awb-spacing-left-medium:1.92%;--awb-width-small:100%;--awb-order-small:0;--awb-spacing-right-small:1.92%;--awb-margin-bottom-small:50px;--awb-spacing-left-small:1.92%;\" data-animationType=\"fadeInLeft\" data-animationDuration=\"0.6\" data-animationOffset=\"top-into-view\" data-scroll-devices=\"small-visibility,medium-visibility,large-visibility\"><div class=\"fusion-column-wrapper fusion-column-has-shadow fusion-flex-justify-content-flex-start fusion-content-layout-column\"><div class=\"fusion-text fusion-text-3 fusion-text-no-margin\" style=\"--awb-margin-top:20px;--awb-margin-bottom:20px;\"><p>\u27a4 \u0130ND\u0130R\u0130M TAR\u0130HLER\u0130<br \/>\n\ud83c\udf81 Nisan ay\u0131nda yap\u0131lan kay\u0131tlarda %30 indirim<br \/>\n\ud83c\udf81 May\u0131s ay\u0131nda yap\u0131lan kay\u0131tlarda %20 indirim<br \/>\n\ud83c\udf81 Haziran ay\u0131nda yap\u0131lan kay\u0131tlarda %10 indirim<\/p>\n<p>\u27a4 E\u011e\u0130T\u0130M BA\u015eLAMA B\u0130T\u0130\u015e D\u00d6NEMLER\u0130<br \/>\n\ud83d\udccc 1. D\u00f6nem : 30 Haziran-25 Temmuz<br \/>\n\ud83d\udccc 2. D\u00f6nem : 4 A\u011fustos-29 A\u011fustos<\/p>\n<p>\u27a4 DERS, YA\u015e GRUBU, SAAT DETAYLARI<br \/>\n\u2705 Hafta i\u00e7i g\u00fcnlerde g\u00fcnde 4 ders saati, haftada 20 ders saati.<br \/>\n\u2705 3 ders saati e\u011fitim ,1 ders saati etkinlik<br \/>\n\u2705 11.00-14.00 saatleri aras\u0131nda<br \/>\n\u2705 7-11 ya\u015f grubu<br \/>\n\u2705 1. d\u00f6nem toplam 80 ders saati, 2 d\u00f6nem 160 ders saati<\/p>\n<p>\u27a4 ETK\u0130NL\u0130K VE DERS \u0130\u00c7ER\u0130KLER\u0130<br \/>\n\ud83d\udd34 Tiyatro<br \/>\n\ud83d\udfe0 \u0130spanyolca<br \/>\n\ud83d\udfe1 Sinema<br \/>\n\ud83d\udfe2 Karaoke<br \/>\n\ud83d\udd35 Hand craft<br \/>\n\ud83d\udfe3 Boyama<\/p>\n<\/div><div class=\"fusion-form fusion-form-builder fusion-form-form-wrapper fusion-form-266\" style=\"--awb-tooltip-text-color:#ffffff;--awb-tooltip-background-color:#333333;\" data-form-id=\"266\" data-config=\"{&quot;form_id&quot;:&quot;266&quot;,&quot;form_post_id&quot;:&quot;266&quot;,&quot;post_id&quot;:207,&quot;form_type&quot;:&quot;ajax&quot;,&quot;confirmation_type&quot;:&quot;redirect&quot;,&quot;redirect_url&quot;:&quot;https:\\\/\\\/www.americanlife.com.tr\\\/umraniye\\\/tesekkurler\\\/&quot;,&quot;redirect_timeout&quot;:&quot;0&quot;,&quot;field_labels&quot;:{&quot;ad\\u0131n\\u0131z&quot;:&quot;&quot;,&quot;soyad\\u0131n\\u0131z&quot;:&quot;&quot;,&quot;eposta&quot;:&quot;&quot;,&quot;telefon&quot;:&quot;&quot;,&quot;&quot;:&quot;&quot;},&quot;field_logics&quot;:{&quot;notice_1&quot;:&quot;&quot;,&quot;ad\\u0131n\\u0131z&quot;:&quot;&quot;,&quot;soyad\\u0131n\\u0131z&quot;:&quot;&quot;,&quot;eposta&quot;:&quot;&quot;,&quot;telefon&quot;:&quot;&quot;,&quot;&quot;:&quot;&quot;,&quot;submit_1&quot;:&quot;&quot;},&quot;field_types&quot;:{&quot;notice_1&quot;:&quot;notice&quot;,&quot;ad\\u0131n\\u0131z&quot;:&quot;text&quot;,&quot;soyad\\u0131n\\u0131z&quot;:&quot;text&quot;,&quot;eposta&quot;:&quot;email&quot;,&quot;telefon&quot;:&quot;phone_number&quot;,&quot;&quot;:&quot;checkbox&quot;,&quot;submit_1&quot;:&quot;submit&quot;,&quot;Sayfa&quot;:&quot;hidden&quot;},&quot;nonce_method&quot;:&quot;ajax&quot;,&quot;form_views&quot;:&quot;ajax&quot;,&quot;form_views_counting&quot;:&quot;all&quot;}\"><form action=\"https:\/\/www.americanlife.com.tr\/umraniye\/kampanya\/cocuklar-icin-ispanyolca\/\" method=\"post\" class=\"fusion-form fusion-form-266\"><div class=\"fusion-fullwidth fullwidth-box fusion-builder-row-2-1 fusion-flex-container has-pattern-background has-mask-background nonhundred-percent-fullwidth non-hundred-percent-height-scrolling\" style=\"--link_hover_color: #f79000;--awb-border-sizes-top:0px;--awb-border-sizes-bottom:0px;--awb-border-sizes-left:0px;--awb-border-sizes-right:0px;--awb-border-radius-top-left:0px;--awb-border-radius-top-right:0px;--awb-border-radius-bottom-right:0px;--awb-border-radius-bottom-left:0px;--awb-padding-top:0px;--awb-padding-right:0px;--awb-padding-bottom:0px;--awb-padding-left:0px;--awb-margin-top:0px;--awb-margin-bottom:0px;--awb-flex-wrap:wrap;\" ><div class=\"fusion-builder-row fusion-row fusion-flex-align-items-flex-start fusion-flex-content-wrap\" style=\"width:104% !important;max-width:104% !important;margin-left: calc(-4% \/ 2 );margin-right: calc(-4% \/ 2 );\"><div class=\"fusion-layout-column fusion_builder_column fusion-builder-column-2 fusion_builder_column_1_1 1_1 fusion-flex-column\" style=\"--awb-bg-size:cover;--awb-width-large:100%;--awb-flex-grow:0;--awb-flex-shrink:0;--awb-margin-top-large:0px;--awb-spacing-right-large:1.92%;--awb-margin-bottom-large:0px;--awb-spacing-left-large:1.92%;--awb-width-medium:100%;--awb-order-medium:0;--awb-flex-grow-medium:0;--awb-flex-shrink-medium:0;--awb-spacing-right-medium:1.92%;--awb-spacing-left-medium:1.92%;--awb-width-small:100%;--awb-order-small:0;--awb-flex-grow-small:0;--awb-flex-shrink-small:0;--awb-spacing-right-small:1.92%;--awb-spacing-left-small:1.92%;\"><div class=\"fusion-column-wrapper fusion-column-has-shadow fusion-flex-justify-content-flex-start fusion-content-layout-column\"><div class=\"form-submission-notices data-notice_1\" id=\"fusion-notices-1\" data-instance=\"1\"><div class=\"fusion-alert alert success alert-success fusion-alert-center fusion-form-response fusion-form-response-success fusion-alert-capitalize awb-alert-native-link-color alert-dismissable awb-alert-close-boxed\" role=\"alert\"><div class=\"fusion-alert-content-wrapper\"><span class=\"alert-icon\"><i class=\"awb-icon-check-circle\" aria-hidden=\"true\"><\/i><\/span><span class=\"fusion-alert-content\">Mesaj\u0131n\u0131z i\u00e7in te\u015fekk\u00fcrler.<\/span><\/div><button type=\"button\" class=\"close toggle-alert\" data-dismiss=\"alert\" aria-label=\"Close\">&times;<\/button><\/div><div class=\"fusion-alert alert error alert-danger fusion-alert-center fusion-form-response fusion-form-response-error fusion-alert-capitalize awb-alert-native-link-color alert-dismissable awb-alert-close-boxed\" role=\"alert\"><div class=\"fusion-alert-content-wrapper\"><span class=\"alert-icon\"><i class=\"awb-icon-exclamation-triangle\" aria-hidden=\"true\"><\/i><\/span><span class=\"fusion-alert-content\">Mesaj\u0131n\u0131z g\u00f6nderilmeye \u00e7al\u0131\u015f\u0131l\u0131rken bir hata olu\u015ftu. L\u00fctfen daha sonra tekrar deneyiniz.<\/span><\/div><button type=\"button\" class=\"close toggle-alert\" data-dismiss=\"alert\" aria-label=\"Close\">&times;<\/button><\/div><\/div><\/div><\/div><div class=\"fusion-layout-column fusion_builder_column fusion-builder-column-3 fusion_builder_column_1_2 1_2 fusion-flex-column\" style=\"--awb-bg-size:cover;--awb-width-large:50%;--awb-flex-grow:0;--awb-flex-shrink:0;--awb-margin-top-large:0px;--awb-spacing-right-large:3.84%;--awb-margin-bottom-large:0px;--awb-spacing-left-large:3.84%;--awb-width-medium:100%;--awb-order-medium:0;--awb-flex-grow-medium:0;--awb-flex-shrink-medium:0;--awb-spacing-right-medium:1.92%;--awb-spacing-left-medium:1.92%;--awb-width-small:100%;--awb-order-small:0;--awb-flex-grow-small:0;--awb-flex-shrink-small:0;--awb-spacing-right-small:1.92%;--awb-spacing-left-small:1.92%;\" data-scroll-devices=\"small-visibility,medium-visibility,large-visibility\"><div class=\"fusion-column-wrapper fusion-column-has-shadow fusion-flex-justify-content-flex-start fusion-content-layout-column\"><div class=\"fusion-form-field fusion-form-text-field fusion-form-label-above\" style=\"\" data-form-id=\"266\"><div class=\"fusion-form-input-with-icon\"><i class=\"awb-form-icon fa-user fas\"><\/i><input type=\"text\" autocomplete=\"off\" name=\"ad\u0131n\u0131z\" id=\"ad\u0131n\u0131z\" value=\"\"  class=\"fusion-form-input\" required=\"true\" aria-required=\"true\" placeholder=\"Ad\u0131n\u0131z\u0131 Yaz\u0131n\u0131z *\" data-holds-private-data=\"false\" minlength=\"0\"\/><\/div><\/div><\/div><\/div><div class=\"fusion-layout-column fusion_builder_column fusion-builder-column-4 fusion_builder_column_1_2 1_2 fusion-flex-column\" style=\"--awb-bg-size:cover;--awb-width-large:50%;--awb-flex-grow:0;--awb-flex-shrink:0;--awb-margin-top-large:0px;--awb-spacing-right-large:3.84%;--awb-margin-bottom-large:0px;--awb-spacing-left-large:3.84%;--awb-width-medium:100%;--awb-order-medium:0;--awb-flex-grow-medium:0;--awb-flex-shrink-medium:0;--awb-spacing-right-medium:1.92%;--awb-spacing-left-medium:1.92%;--awb-width-small:100%;--awb-order-small:0;--awb-flex-grow-small:0;--awb-flex-shrink-small:0;--awb-spacing-right-small:1.92%;--awb-spacing-left-small:1.92%;\" data-scroll-devices=\"small-visibility,medium-visibility,large-visibility\"><div class=\"fusion-column-wrapper fusion-column-has-shadow fusion-flex-justify-content-flex-start fusion-content-layout-column\"><div class=\"fusion-form-field fusion-form-text-field fusion-form-label-above\" style=\"\" data-form-id=\"266\"><div class=\"fusion-form-input-with-icon\"><i class=\"awb-form-icon fa-user fas\"><\/i><input type=\"text\" autocomplete=\"off\" name=\"soyad\u0131n\u0131z\" id=\"soyad\u0131n\u0131z\" value=\"\"  class=\"fusion-form-input\" required=\"true\" aria-required=\"true\" placeholder=\"Soyad\u0131n\u0131z\u0131 Yaz\u0131n\u0131z *\" data-holds-private-data=\"false\" minlength=\"0\"\/><\/div><\/div><\/div><\/div><div class=\"fusion-layout-column fusion_builder_column fusion-builder-column-5 fusion_builder_column_1_2 1_2 fusion-flex-column\" style=\"--awb-bg-size:cover;--awb-width-large:50%;--awb-flex-grow:0;--awb-flex-shrink:0;--awb-margin-top-large:0px;--awb-spacing-right-large:3.84%;--awb-margin-bottom-large:0px;--awb-spacing-left-large:3.84%;--awb-width-medium:100%;--awb-order-medium:0;--awb-flex-grow-medium:0;--awb-flex-shrink-medium:0;--awb-spacing-right-medium:1.92%;--awb-spacing-left-medium:1.92%;--awb-width-small:100%;--awb-order-small:0;--awb-flex-grow-small:0;--awb-flex-shrink-small:0;--awb-spacing-right-small:1.92%;--awb-spacing-left-small:1.92%;\" data-scroll-devices=\"small-visibility,medium-visibility,large-visibility\"><div class=\"fusion-column-wrapper fusion-column-has-shadow fusion-flex-justify-content-flex-start fusion-content-layout-column\"><div class=\"fusion-form-field fusion-form-email-field fusion-form-label-above\" style=\"\" data-form-id=\"266\"><div class=\"fusion-form-input-with-icon\"><i class=\"awb-form-icon fa-at fas\"><\/i><input type=\"email\" autocomplete=\"off\" name=\"eposta\" id=\"eposta\" value=\"\"  class=\"fusion-form-input\" required=\"true\" aria-required=\"true\" placeholder=\"E-posta Adresinizi Yaz\u0131n\u0131z *\" data-holds-private-data=\"false\"\/><\/div><\/div><\/div><\/div><div class=\"fusion-layout-column fusion_builder_column fusion-builder-column-6 fusion_builder_column_1_2 1_2 fusion-flex-column\" style=\"--awb-bg-size:cover;--awb-width-large:50%;--awb-flex-grow:0;--awb-flex-shrink:0;--awb-margin-top-large:0px;--awb-spacing-right-large:3.84%;--awb-margin-bottom-large:0px;--awb-spacing-left-large:3.84%;--awb-width-medium:100%;--awb-order-medium:0;--awb-flex-grow-medium:0;--awb-flex-shrink-medium:0;--awb-spacing-right-medium:1.92%;--awb-spacing-left-medium:1.92%;--awb-width-small:100%;--awb-order-small:0;--awb-flex-grow-small:0;--awb-flex-shrink-small:0;--awb-spacing-right-small:1.92%;--awb-spacing-left-small:1.92%;\" data-scroll-devices=\"small-visibility,medium-visibility,large-visibility\"><div class=\"fusion-column-wrapper fusion-column-has-shadow fusion-flex-justify-content-flex-start fusion-content-layout-column\"><div class=\"fusion-form-field fusion-form-phone-number-field fusion-form-label-above\" style=\"\" data-form-id=\"266\"><div class=\"fusion-form-input-with-icon\"><i class=\"awb-form-icon fa-phone-square-alt fas\"><\/i><input type=\"tel\" autocomplete=\"off\" name=\"telefon\" id=\"telefon\" value=\"\"  class=\"fusion-form-input\" required=\"true\" aria-required=\"true\" placeholder=\"Telefon Numaran\u0131z\u0131 Yaz\u0131n\u0131z *\" data-holds-private-data=\"false\"\/><\/div><\/div><\/div><\/div><div class=\"fusion-layout-column fusion_builder_column fusion-builder-column-7 fusion_builder_column_1_1 1_1 fusion-flex-column fusion-flex-align-self-center\" style=\"--awb-bg-size:cover;--awb-width-large:100%;--awb-flex-grow:0;--awb-flex-shrink:0;--awb-margin-top-large:0px;--awb-spacing-right-large:1.92%;--awb-margin-bottom-large:0px;--awb-spacing-left-large:1.92%;--awb-width-medium:100%;--awb-order-medium:0;--awb-flex-grow-medium:0;--awb-flex-shrink-medium:0;--awb-spacing-right-medium:1.92%;--awb-spacing-left-medium:1.92%;--awb-width-small:100%;--awb-order-small:0;--awb-flex-grow-small:0;--awb-flex-shrink-small:0;--awb-spacing-right-small:1.92%;--awb-spacing-left-small:1.92%;\" data-scroll-devices=\"small-visibility,medium-visibility,large-visibility\"><div class=\"fusion-column-wrapper fusion-column-has-shadow fusion-flex-justify-content-center fusion-content-layout-column\"><div class=\"fusion-form-field fusion-form-checkbox-field fusion-form-label-above\" style=\"\" data-form-id=\"266\"><fieldset><div class=\"fusion-form-checkbox\"><input data-empty-notice=\"A\u00e7\u0131k R\u0131za Beyan\u0131n\u0131 ve KVKK Ayd\u0131nlatma Metni\" tabindex=\"\" id=\"checkbox--1-0\" type=\"checkbox\" value=\"https:\/\/www.americanlife.com.tr\/acik-riza-beyani\/\" name=\"[]\" class=\"fusion-form-input\" required=\"true\" aria-required=\"true\" data-holds-private-data=\"false\"\/><label for=\"checkbox--1-0\"><a href=\"https:\/\/www.americanlife.com.tr\/acik-riza-beyani\/\">A\u00e7\u0131k R\u0131za Beyan\u0131n\u0131 Okudum Onayl\u0131yorum.<\/a><\/label><\/div><div class=\"fusion-form-checkbox\"><input data-empty-notice=\"A\u00e7\u0131k R\u0131za Beyan\u0131n\u0131 ve KVKK Ayd\u0131nlatma Metni\" tabindex=\"\" id=\"checkbox--1-1\" type=\"checkbox\" value=\"https:\/\/www.americanlife.com.tr\/aydinlatma-metni\/\" name=\"[]\" class=\"fusion-form-input\" required=\"true\" aria-required=\"true\" data-holds-private-data=\"false\"\/><label for=\"checkbox--1-1\"><a href=\"https:\/\/www.americanlife.com.tr\/aydinlatma-metni\/\">KVKK Ayd\u0131nlatma Metnini Okudum Onayl\u0131yorum.<\/a><\/label><\/div><\/fieldset><\/div><\/div><\/div><div class=\"fusion-layout-column fusion_builder_column fusion-builder-column-8 fusion_builder_column_1_1 1_1 fusion-flex-column fusion-flex-align-self-center\" style=\"--awb-bg-size:cover;--awb-width-large:100%;--awb-flex-grow:0;--awb-flex-shrink:0;--awb-margin-top-large:0px;--awb-spacing-right-large:1.92%;--awb-margin-bottom-large:0px;--awb-spacing-left-large:1.92%;--awb-width-medium:100%;--awb-order-medium:0;--awb-flex-grow-medium:0;--awb-flex-shrink-medium:0;--awb-spacing-right-medium:1.92%;--awb-spacing-left-medium:1.92%;--awb-width-small:100%;--awb-order-small:0;--awb-flex-grow-small:0;--awb-flex-shrink-small:0;--awb-spacing-right-small:1.92%;--awb-spacing-left-small:1.92%;\" data-scroll-devices=\"small-visibility,medium-visibility,large-visibility\"><div class=\"fusion-column-wrapper fusion-column-has-shadow fusion-flex-justify-content-center fusion-content-layout-column\"><div class=\"fusion-form-field fusion-form-submit-field fusion-form-label-above\" style=\"\" data-form-id=\"266\"><div ><button type=\"submit\" class=\"fusion-button button-flat button-medium button-default fusion-button-default button-1 fusion-button-span-yes  button-default form-form-submit\" style=\"--button_text_transform:var(--awb-typography3-text-transform);--button_typography-letter-spacing:0px;--button_typography-font-family:&quot;Exo&quot;;--button_typography-font-style:normal;--button_typography-font-weight:600;\" data-hover=\"text_slide_up\" data-form-number=\"266\" tabindex=\"\"><i class=\"fa-paper-plane fas awb-button__icon awb-button__icon--default button-icon-left\" aria-hidden=\"true\"><\/i><div class=\"awb-button-text-transition \"><span class=\"fusion-button-text awb-button__text awb-button__text--default\">B\u0130LG\u0130 AL<\/span><span class=\"fusion-button-text awb-button__text awb-button__text--default\">B\u0130LG\u0130 AL<\/span><\/div><\/button><\/div><\/div><\/div><\/div><div class=\"fusion-layout-column fusion_builder_column fusion-builder-column-9 fusion_builder_column_1_1 1_1 fusion-flex-column fusion-flex-align-self-center\" style=\"--awb-bg-size:cover;--awb-width-large:100%;--awb-flex-grow:0;--awb-flex-shrink:0;--awb-margin-top-large:0px;--awb-spacing-right-large:1.92%;--awb-margin-bottom-large:0px;--awb-spacing-left-large:1.92%;--awb-width-medium:100%;--awb-order-medium:0;--awb-flex-grow-medium:0;--awb-flex-shrink-medium:0;--awb-spacing-right-medium:1.92%;--awb-spacing-left-medium:1.92%;--awb-width-small:100%;--awb-order-small:0;--awb-flex-grow-small:0;--awb-flex-shrink-small:0;--awb-spacing-right-small:1.92%;--awb-spacing-left-small:1.92%;\" data-scroll-devices=\"small-visibility,medium-visibility,large-visibility\"><div class=\"fusion-column-wrapper fusion-column-has-shadow fusion-flex-justify-content-center fusion-content-layout-column\"><div class=\"fusion-form-field fusion-form-hidden-field fusion-form-label-above\" style=\"\" data-form-id=\"266\"><input type=\"hidden\" autocomplete=\"off\" name=\"Sayfa\" id=\"Sayfa\" value=\"\u00c7ocuklar \u0130\u00e7in \u0130spanyolca Yaz Okulu\"  class=\"fusion-form-input\" data-holds-private-data=\"false\"\/><\/div><\/div><\/div><\/div><\/div><input type=\"hidden\" name=\"fusion_privacy_expiration_interval\" value=\"48\"><input type=\"hidden\" name=\"privacy_expiration_action\" value=\"anonymize\"><\/form><\/div><\/div><\/div><div class=\"fusion-layout-column fusion_builder_column_inner fusion-builder-nested-column-1 fusion_builder_column_inner_1_2 1_2 fusion-flex-column fusion-flex-align-self-center fusion-animated\" style=\"--awb-bg-size:cover;--awb-width-large:50%;--awb-margin-top-large:0px;--awb-spacing-right-large:3.84%;--awb-margin-bottom-large:20px;--awb-spacing-left-large:3.84%;--awb-width-medium:100%;--awb-order-medium:0;--awb-spacing-right-medium:1.92%;--awb-spacing-left-medium:1.92%;--awb-width-small:100%;--awb-order-small:0;--awb-spacing-right-small:1.92%;--awb-spacing-left-small:1.92%;\" data-animationType=\"fadeInRight\" data-animationDuration=\"0.6\" data-animationOffset=\"top-into-view\" data-scroll-devices=\"small-visibility,medium-visibility,large-visibility\"><div class=\"fusion-column-wrapper fusion-column-has-shadow fusion-flex-justify-content-center fusion-content-layout-column\"><div class=\"fusion-image-element \" style=\"text-align:center;--awb-caption-title-font-family:var(--h2_typography-font-family);--awb-caption-title-font-weight:var(--h2_typography-font-weight);--awb-caption-title-font-style:var(--h2_typography-font-style);--awb-caption-title-size:var(--h2_typography-font-size);--awb-caption-title-transform:var(--h2_typography-text-transform);--awb-caption-title-line-height:var(--h2_typography-line-height);--awb-caption-title-letter-spacing:var(--h2_typography-letter-spacing);\"><span class=\" fusion-imageframe imageframe-dropshadow imageframe-1 hover-type-none\" style=\"border:1px solid #f6f6f6;border-radius:10px;-webkit-box-shadow: 3px 3px 7px rgba(40,68,120,0.3);box-shadow: 3px 3px 7px rgba(40,68,120,0.3);\"><img decoding=\"async\" width=\"1080\" height=\"1350\" alt=\"\u0130SPANYOLCA YAZ OKULU\" title=\"\u00dcmraniye Teen \u0130spanyolca\" src=\"http:\/\/www.americanlife.com.tr\/umraniye\/wp-content\/uploads\/sites\/30\/2026\/04\/Umraniye-Teen-Ispanyolca.webp\" class=\"img-responsive wp-image-386\" srcset=\"https:\/\/www.americanlife.com.tr\/umraniye\/wp-content\/uploads\/sites\/30\/2026\/04\/Umraniye-Teen-Ispanyolca-200x250.webp 200w, https:\/\/www.americanlife.com.tr\/umraniye\/wp-content\/uploads\/sites\/30\/2026\/04\/Umraniye-Teen-Ispanyolca-400x500.webp 400w, https:\/\/www.americanlife.com.tr\/umraniye\/wp-content\/uploads\/sites\/30\/2026\/04\/Umraniye-Teen-Ispanyolca-600x750.webp 600w, https:\/\/www.americanlife.com.tr\/umraniye\/wp-content\/uploads\/sites\/30\/2026\/04\/Umraniye-Teen-Ispanyolca-800x1000.webp 800w, https:\/\/www.americanlife.com.tr\/umraniye\/wp-content\/uploads\/sites\/30\/2026\/04\/Umraniye-Teen-Ispanyolca.webp 1080w, https:\/\/www.americanlife.com.tr\/umraniye\/wp-content\/uploads\/sites\/30\/2026\/04\/Umraniye-Teen-Ispanyolca-1200x1500.webp 1200w\" sizes=\"(max-width: 1200px) 100vw, (max-width: 640px) 100vw, 600px\" \/><\/span><\/div><\/div><\/div><\/div><\/div><\/div><\/div><\/div><\/p>\n","protected":false},"excerpt":{"rendered":"","protected":false},"author":1,"featured_media":386,"parent":156,"menu_order":0,"comment_status":"closed","ping_status":"closed","template":"100-width.php","meta":{"_joinchat":[],"footnotes":""},"class_list":["post-207","page","type-page","status-publish","has-post-thumbnail","hentry"],"_links":{"self":[{"href":"https:\/\/www.americanlife.com.tr\/umraniye\/wp-json\/wp\/v2\/pages\/207","targetHints":{"allow":["GET"]}}],"collection":[{"href":"https:\/\/www.americanlife.com.tr\/umraniye\/wp-json\/wp\/v2\/pages"}],"about":[{"href":"https:\/\/www.americanlife.com.tr\/umraniye\/wp-json\/wp\/v2\/types\/page"}],"author":[{"embeddable":true,"href":"https:\/\/www.americanlife.com.tr\/umraniye\/wp-json\/wp\/v2\/users\/1"}],"replies":[{"embeddable":true,"href":"https:\/\/www.americanlife.com.tr\/umraniye\/wp-json\/wp\/v2\/comments?post=207"}],"version-history":[{"count":9,"href":"https:\/\/www.americanlife.com.tr\/umraniye\/wp-json\/wp\/v2\/pages\/207\/revisions"}],"predecessor-version":[{"id":387,"href":"https:\/\/www.americanlife.com.tr\/umraniye\/wp-json\/wp\/v2\/pages\/207\/revisions\/387"}],"up":[{"embeddable":true,"href":"https:\/\/www.americanlife.com.tr\/umraniye\/wp-json\/wp\/v2\/pages\/156"}],"wp:featuredmedia":[{"embeddable":true,"href":"https:\/\/www.americanlife.com.tr\/umraniye\/wp-json\/wp\/v2\/media\/386"}],"wp:attachment":[{"href":"https:\/\/www.americanlife.com.tr\/umraniye\/wp-json\/wp\/v2\/media?parent=207"}],"curies":[{"name":"wp","href":"https:\/\/api.w.org\/{rel}","templated":true}]}}